{"id":2974,"date":"2015-11-17T22:45:43","date_gmt":"2015-11-17T22:45:43","guid":{"rendered":"http:\/\/daco-germany.de\/sk\/o-firmie\/"},"modified":"2016-07-29T16:08:14","modified_gmt":"2016-07-29T16:08:14","slug":"o-firme","status":"publish","type":"page","link":"https:\/\/daco-germany.de\/sk\/o-firme\/","title":{"rendered":"O firme"},"content":{"rendered":"<p>[vc_row css=&#8220;.vc_custom_1447801510567{padding-top: 50px !important;padding-bottom: 80px !important;}&#8220;][vc_column width=&#8220;2\/3&#8243; css=&#8220;.vc_custom_1447798639742{padding-right: 50px !important;}&#8220;][vc_row_inner][vc_column_inner width=&#8220;2\/3&#8243;][vc_column_text]Zna\u010dka DACO existuje na po\u013eskom trhu u\u017e viac ne\u017e 15 rokov. V ponuke zna\u010dky sa nach\u00e1dzaj\u00fa n\u00e1hradn\u00e9 diely do osobn\u00fdch automobilov a dod\u00e1vok.[\/vc_column_text][\/vc_column_inner][vc_column_inner width=&#8220;1\/3&#8243; offset=&#8220;vc_hidden-xs&#8220;][vc_single_image image=&#8220;2505&#8243; img_size=&#8220;full&#8220;][\/vc_column_inner][\/vc_row_inner][vc_column_text]Ponuka zna\u010dky zah\u0155\u0148a:[\/vc_column_text][vc_row_inner][vc_column_inner width=&#8220;1\/2&#8243;][vc_column_text el_class=&#8220;ofirmieoferta&#8220;]<a href=\"..\/amortyzatory\">Tlmi\u010de<\/a>[\/vc_column_text][vc_column_text el_class=&#8220;ofirmieoferta&#8220;]<a href=\"..\/sprezyny-gazowe\">Plynov\u00e9 pru\u017einy<\/a>[\/vc_column_text][vc_column_text el_class=&#8220;ofirmieoferta&#8220;]<a href=\"..\/odboje\">Gumov\u00e9 dorazy a obaly<\/a>[\/vc_column_text][vc_column_text el_class=&#8220;ofirmieoferta&#8220;]<a href=\"..\/sprezyny-zawieszenia\">Pru\u017einy zavesenia<\/a>[\/vc_column_text][\/vc_column_inner][vc_column_inner width=&#8220;1\/2&#8243;][vc_column_text el_class=&#8220;ofirmieoferta&#8220;]<a href=\"..\/klocki-hamulcowe\">Brzdov\u00e9 do\u0161ti\u010dky<\/a>[\/vc_column_text][vc_column_text el_class=&#8220;ofirmieoferta&#8220;]<a href=\"..\/tarcze-hamulcowe\">Brzdov\u00e9 kot\u00fa\u010de a bubny<\/a>[\/vc_column_text][vc_column_text el_class=&#8220;ofirmieoferta&#8220;]<a href=\"..\/zestawy-wahaczy\">Sady v\u00fdkyvn\u00fdch ramien<\/a>[\/vc_column_text][vc_column_text el_class=&#8220;ofirmieoferta&#8220;]<a href=\"..\/kontakt\">Kontaktujte n\u00e1s<\/a>[\/vc_column_text][\/vc_column_inner][\/vc_row_inner][vc_column_text]V\u0161etky diely s\u00fa vyr\u00e1ban\u00e9 v s\u00falade s najpr\u00edsnej\u0161\u00edmi kvalitat\u00edvnymi normami, \u010do potvrdzuj\u00fa tis\u00edce predan\u00fdch produktov a spokojnos\u0165 na\u0161ich z\u00e1kazn\u00edkov.[\/vc_column_text][\/vc_column][vc_column width=&#8220;1\/3&#8243; el_class=&#8220;kariera&#8220; css=&#8220;.vc_custom_1448363205356{background-color: #ededed !important;}&#8220;][vc_column_text css=&#8220;.vc_custom_1469807259963{padding-top: 30px !important;padding-right: 30px !important;padding-bottom: 30px !important;padding-left: 30px !important;}&#8220;]<\/p>\n<h2>Kari\u00e9ra<\/h2>\n<p>Chceli by ste pracova\u0165 v na\u0161ej firme?<br \/>\nAutomobilizmus je va\u0161a v\u00e1\u0161e\u0148?<br \/>\nM\u00e1te sk\u00fasenosti s predajom autodielov?<\/p>\n<p>Pokia\u013e \u00e1no, kontaktujte na\u0161e n\u00e1borov\u00e9 oddelenie.<\/p>\n<p>Predlo\u017ete n\u00e1m svoj \u017eivotopis a motiva\u010dn\u00fd list!<\/p>\n<p>V\u0161etky prihl\u00e1\u0161ky, pros\u00edm, smerujte na e-mailov\u00fa adresu: <a href=\"&#109;&#x61;&#105;&#x6c;t&#x6f;:&#x69;n&#x66;o&#x40;d&#x61;c&#111;&#x2e;&#99;&#x6f;&#109;&#x2e;p&#x6c;\">&#x69;&#110;fo&#x40;&#x64;ac&#x6f;&#x2d;&#97;ut&#x6f;&#112;ar&#x74;&#x73;&#46;e&#x75;<\/a>[\/vc_column_text][\/vc_column][\/vc_row]<\/p>\n","protected":false},"excerpt":{"rendered":"<p>[vc_row css=&#8220;.vc_custom_1447801510567{padding-top: 50px !important;padding-bottom: 80px !important;}&#8220;][vc_column width=&#8220;2\/3&#8243; css=&#8220;.vc_custom_1447798639742{padding-right: 50px !important;}&#8220;][vc_row_inner][vc_column_inner width=&#8220;2\/3&#8243;][vc_column_text]Zna\u010dka DACO existuje na po\u013eskom trhu u\u017e viac ne\u017e 15 rokov. V ponuke zna\u010dky sa nach\u00e1dzaj\u00fa n\u00e1hradn\u00e9 diely do osobn\u00fdch automobilov a dod\u00e1vok.[\/vc_column_text][\/vc_column_inner][vc_column_inner width=&#8220;1\/3&#8243; offset=&#8220;vc_hidden-xs&#8220;][vc_single_image image=&#8220;2505&#8243; img_size=&#8220;full&#8220;][\/vc_column_inner][\/vc_row_inner][vc_column_text]Ponuka zna\u010dky zah\u0155\u0148a:[\/vc_column_text][vc_row_inner][vc_column_inner width=&#8220;1\/2&#8243;][vc_column_text el_class=&#8220;ofirmieoferta&#8220;]Tlmi\u010de[\/vc_column_text][vc_column_text el_class=&#8220;ofirmieoferta&#8220;]Plynov\u00e9 pru\u017einy[\/vc_column_text][vc_column_text el_class=&#8220;ofirmieoferta&#8220;]Gumov\u00e9 dorazy a obaly[\/vc_column_text][vc_column_text el_class=&#8220;ofirmieoferta&#8220;]Pru\u017einy zavesenia[\/vc_column_text][\/vc_column_inner][vc_column_inner width=&#8220;1\/2&#8243;][vc_column_text el_class=&#8220;ofirmieoferta&#8220;]Brzdov\u00e9 do\u0161ti\u010dky[\/vc_column_text][vc_column_text el_class=&#8220;ofirmieoferta&#8220;]Brzdov\u00e9 kot\u00fa\u010de a [&hellip;]<\/p>\n","protected":false},"author":1,"featured_media":0,"parent":0,"menu_order":0,"comment_status":"closed","ping_status":"closed","template":"","meta":[],"_links":{"self":[{"href":"https:\/\/daco-germany.de\/sk\/wp-json\/wp\/v2\/pages\/2974"}],"collection":[{"href":"https:\/\/daco-germany.de\/sk\/wp-json\/wp\/v2\/pages"}],"about":[{"href":"https:\/\/daco-germany.de\/sk\/wp-json\/wp\/v2\/types\/page"}],"author":[{"embeddable":true,"href":"https:\/\/daco-germany.de\/sk\/wp-json\/wp\/v2\/users\/1"}],"replies":[{"embeddable":true,"href":"https:\/\/daco-germany.de\/sk\/wp-json\/wp\/v2\/comments?post=2974"}],"version-history":[{"count":0,"href":"https:\/\/daco-germany.de\/sk\/wp-json\/wp\/v2\/pages\/2974\/revisions"}],"wp:attachment":[{"href":"https:\/\/daco-germany.de\/sk\/wp-json\/wp\/v2\/media?parent=2974"}],"curies":[{"name":"wp","href":"https:\/\/api.w.org\/{rel}","templated":true}]}}