{"id":2940,"date":"2015-11-16T19:17:09","date_gmt":"2015-11-16T19:17:09","guid":{"rendered":"http:\/\/daco-germany.de\/sk\/tarcze-i-bebny-hamulcowe\/"},"modified":"2018-09-09T14:20:11","modified_gmt":"2018-09-09T14:20:11","slug":"brzdove-kotuce-a-bubny","status":"publish","type":"page","link":"https:\/\/daco-germany.de\/sk\/brzdove-kotuce-a-bubny\/","title":{"rendered":"Brzdov\u00e9 kot\u00fa\u010de a bubny"},"content":{"rendered":"<p>[vc_row css=&#8220;.vc_custom_1459352951423{padding-bottom: 40px !important;}&#8220;][vc_column][vc_custom_heading text=&#8220;Kvalita zaru\u010duj\u00faca bezpe\u010dnos\u0165 riadenia&#8220; use_theme_fonts=&#8220;yes&#8220;][vc_separator][vc_column_text]Brzdov\u00e9 kot\u00fa\u010de a bubny DACO sa vyr\u00e1baj\u00fa s nesmiernou starostlivos\u0165ou o \u00fa\u017eitkov\u00e9 hodnoty. Pou\u017eitie vysoko kvalitn\u00fdch zliatin na v\u00fdrobu kot\u00fa\u010dov a bubnov rozhoduje o ich odolnosti a spo\u013eahlivosti.<\/p>\n<p>Na\u0161e v\u00fdrobky spolo\u010dne s do\u0161ti\u010dkami a \u010de\u013eus\u0165ami zaru\u010duj\u00fa skr\u00e1tenie brzdnej dr\u00e1hy a zlep\u0161uj\u00fa bezpe\u010dnos\u0165 riadenia. Vo svojej ponuke m\u00e1me viac ne\u017e 800 polo\u017eiek kot\u00fa\u010dov a viac ne\u017e 80 polo\u017eiek bubnov. Tieto produkty s oh\u013eadom na svoju vysok\u00fa kvalitu bud\u00fa roky plni\u0165 o\u010dak\u00e1vania a n\u00e1roky na\u0161ich z\u00e1kazn\u00edkov.<\/p>\n<p>Kot\u00fa\u010de a bubny s\u00fa met\u00f3dou zabra\u0148uj\u00facou vzniku deform\u00e1ci\u00ed. V\u00fdber vhodn\u00fdch surov\u00edn zaist\u00ed vysok\u00fa odolnos\u0165 vo\u010di tepelnej z\u00e1\u0165a\u017ei.<\/p>\n<p>V ponuke m\u00e1me pln\u00e9 a ventilovan\u00e9 kot\u00fa\u010de.[\/vc_column_text][vc_message message_box_color=&#8220;grey&#8220; icon_type=&#8220;pixelicons&#8220; icon_pixelicons=&#8220;vc_pixel_icon vc_pixel_icon-tick&#8220;]Viac ne\u017e <strong>800 brzdov\u00fdch kot\u00fa\u010dov<\/strong> a <strong>80 bubnov<\/strong> v ponuke![\/vc_message][vc_message message_box_color=&#8220;grey&#8220; icon_type=&#8220;pixelicons&#8220; icon_pixelicons=&#8220;vc_pixel_icon vc_pixel_icon-tick&#8220;]<strong>Vysok\u00e1 kvalita surov\u00edn<\/strong> zaru\u010duje odolnos\u0165 vo\u010di deformovaniu![\/vc_message][vc_message message_box_color=&#8220;grey&#8220; icon_type=&#8220;pixelicons&#8220; icon_pixelicons=&#8220;vc_pixel_icon vc_pixel_icon-tick&#8220;]Dokonal\u00e9 <strong>doplnenie brzdov\u00fdch<\/strong> do\u0161ti\u010diek DACO Germany![\/vc_message][\/vc_column][\/vc_row]<\/p>\n","protected":false},"excerpt":{"rendered":"<p>[vc_row css=&#8220;.vc_custom_1459352951423{padding-bottom: 40px !important;}&#8220;][vc_column][vc_custom_heading text=&#8220;Kvalita zaru\u010duj\u00faca bezpe\u010dnos\u0165 riadenia&#8220; use_theme_fonts=&#8220;yes&#8220;][vc_separator][vc_column_text]Brzdov\u00e9 kot\u00fa\u010de a bubny DACO sa vyr\u00e1baj\u00fa s nesmiernou starostlivos\u0165ou o \u00fa\u017eitkov\u00e9 hodnoty. Pou\u017eitie vysoko kvalitn\u00fdch zliatin na v\u00fdrobu kot\u00fa\u010dov a bubnov rozhoduje o ich odolnosti a spo\u013eahlivosti. Na\u0161e v\u00fdrobky spolo\u010dne s do\u0161ti\u010dkami a \u010de\u013eus\u0165ami zaru\u010duj\u00fa skr\u00e1tenie brzdnej dr\u00e1hy a zlep\u0161uj\u00fa bezpe\u010dnos\u0165 riadenia. Vo svojej ponuke m\u00e1me [&hellip;]<\/p>\n","protected":false},"author":1,"featured_media":0,"parent":0,"menu_order":0,"comment_status":"closed","ping_status":"closed","template":"","meta":[],"_links":{"self":[{"href":"https:\/\/daco-germany.de\/sk\/wp-json\/wp\/v2\/pages\/2940"}],"collection":[{"href":"https:\/\/daco-germany.de\/sk\/wp-json\/wp\/v2\/pages"}],"about":[{"href":"https:\/\/daco-germany.de\/sk\/wp-json\/wp\/v2\/types\/page"}],"author":[{"embeddable":true,"href":"https:\/\/daco-germany.de\/sk\/wp-json\/wp\/v2\/users\/1"}],"replies":[{"embeddable":true,"href":"https:\/\/daco-germany.de\/sk\/wp-json\/wp\/v2\/comments?post=2940"}],"version-history":[{"count":3,"href":"https:\/\/daco-germany.de\/sk\/wp-json\/wp\/v2\/pages\/2940\/revisions"}],"predecessor-version":[{"id":3306,"href":"https:\/\/daco-germany.de\/sk\/wp-json\/wp\/v2\/pages\/2940\/revisions\/3306"}],"wp:attachment":[{"href":"https:\/\/daco-germany.de\/sk\/wp-json\/wp\/v2\/media?parent=2940"}],"curies":[{"name":"wp","href":"https:\/\/api.w.org\/{rel}","templated":true}]}}