{"id":2922,"date":"2015-11-16T15:46:44","date_gmt":"2015-11-16T15:46:44","guid":{"rendered":"http:\/\/daco-germany.de\/sk\/sprezyny-zawieszenia\/"},"modified":"2018-09-09T14:38:56","modified_gmt":"2018-09-09T14:38:56","slug":"pruziny-zavesenia","status":"publish","type":"page","link":"https:\/\/daco-germany.de\/sk\/pruziny-zavesenia\/","title":{"rendered":"Pru\u017einy zavesenia"},"content":{"rendered":"<p>[vc_row css=&#8220;.vc_custom_1459352899601{padding-bottom: 40px !important;}&#8220;][vc_column][vc_custom_heading text=&#8220;Komfortn\u00e1 jazda a bezpe\u010dn\u00e9 riadenie vozidla&#8220; use_theme_fonts=&#8220;yes&#8220;][vc_separator][vc_column_text]Pru\u017einy zavesenia DACO Germany umo\u017e\u0148uj\u00fa udr\u017ea\u0165 vozidlo a zmier\u0148uj\u00fa vibr\u00e1cie vznikaj\u00face po\u010das jazdy po nerovnom povrchu. Spolo\u010dne s tlmi\u010dmi a \u010fal\u0161\u00edmi prvkami zavesenia zodpovedaj\u00fa za pri\u013enavos\u0165 kolies k podkladu a za pohodln\u00e9 riadenie vozidla.<\/p>\n<p>Ponuka DACO Germany obsahuje viac ne\u017e 400 typov pru\u017e\u00edn pre osobn\u00e9 automobily a dod\u00e1vky. Vyr\u00e1bame pru\u017einy s kompenz\u00e1ciou bo\u010dnej z\u00e1\u0165a\u017ee, ku\u017ee\u013eov\u00e9 a s\u00fadkovit\u00e9 pru\u017einy.<\/p>\n<p>Pru\u017einy s\u00fa vyroben\u00e9 z ocele s vysokou odolnos\u0165ou. V\u00fdrobn\u00fd proces predpoklad\u00e1 nav\u00edjanie za studena a za hor\u00faca &#8211; v z\u00e1vislosti na type pru\u017einy zavesenia. Vinutia s\u00fa navy\u0161e vystaven\u00e9 procesu kalenia, \u010do e\u0161te viac predl\u017euje \u017eivotnos\u0165 pru\u017e\u00edn a zaru\u010duje lep\u0161ie riadenie vozidla.<\/p>\n<p>St\u00e1los\u0165 a spo\u013eahlivos\u0165 na\u0161ich pru\u017e\u00edn do zna\u010dnej miery zmier\u0148uje vibr\u00e1cie vznikaj\u00face po\u010das pohybovania sa po nerovnostiach. V spolupr\u00e1ci s tlmi\u010dmi zais\u0165uj\u00fa vysok\u00fd jazdn\u00fd komfort, nesmiernu pri\u013enavos\u0165 a bezpe\u010dn\u00e9 riadenie vozidla.<\/p>\n<p>Kvalitu pru\u017e\u00edn zavesenia DACO Germany potvrdzuj\u00fa kontroln\u00e9 testy.[\/vc_column_text][vc_message message_box_color=&#8220;grey&#8220; icon_type=&#8220;pixelicons&#8220; icon_pixelicons=&#8220;vc_pixel_icon vc_pixel_icon-tick&#8220;]Viac ne\u017e <strong>400 polo\u017eiek<\/strong> v ponuke![\/vc_message][vc_message message_box_color=&#8220;grey&#8220; icon_type=&#8220;pixelicons&#8220; icon_pixelicons=&#8220;vc_pixel_icon vc_pixel_icon-tick&#8220;]Vyr\u00e1bame pru\u017einy s kompenz\u00e1ciou bo\u010dnej z\u00e1\u0165a\u017ee, ku\u017ee\u013eov\u00e9 a s\u00fadkovit\u00e9 pru\u017einy![\/vc_message][vc_message message_box_color=&#8220;grey&#8220; icon_type=&#8220;pixelicons&#8220; icon_pixelicons=&#8220;vc_pixel_icon vc_pixel_icon-tick&#8220;]<strong>Kvalita zaru\u010den\u00e1<\/strong> pou\u017eit\u00edm ocele s vysokou odolnos\u0165ou![\/vc_message][\/vc_column][\/vc_row]<\/p>\n","protected":false},"excerpt":{"rendered":"<p>[vc_row css=&#8220;.vc_custom_1459352899601{padding-bottom: 40px !important;}&#8220;][vc_column][vc_custom_heading text=&#8220;Komfortn\u00e1 jazda a bezpe\u010dn\u00e9 riadenie vozidla&#8220; use_theme_fonts=&#8220;yes&#8220;][vc_separator][vc_column_text]Pru\u017einy zavesenia DACO Germany umo\u017e\u0148uj\u00fa udr\u017ea\u0165 vozidlo a zmier\u0148uj\u00fa vibr\u00e1cie vznikaj\u00face po\u010das jazdy po nerovnom povrchu. Spolo\u010dne s tlmi\u010dmi a \u010fal\u0161\u00edmi prvkami zavesenia zodpovedaj\u00fa za pri\u013enavos\u0165 kolies k podkladu a za pohodln\u00e9 riadenie vozidla. Ponuka DACO Germany obsahuje viac ne\u017e 400 typov pru\u017e\u00edn pre osobn\u00e9 [&hellip;]<\/p>\n","protected":false},"author":1,"featured_media":0,"parent":0,"menu_order":0,"comment_status":"closed","ping_status":"closed","template":"","meta":[],"_links":{"self":[{"href":"https:\/\/daco-germany.de\/sk\/wp-json\/wp\/v2\/pages\/2922"}],"collection":[{"href":"https:\/\/daco-germany.de\/sk\/wp-json\/wp\/v2\/pages"}],"about":[{"href":"https:\/\/daco-germany.de\/sk\/wp-json\/wp\/v2\/types\/page"}],"author":[{"embeddable":true,"href":"https:\/\/daco-germany.de\/sk\/wp-json\/wp\/v2\/users\/1"}],"replies":[{"embeddable":true,"href":"https:\/\/daco-germany.de\/sk\/wp-json\/wp\/v2\/comments?post=2922"}],"version-history":[{"count":1,"href":"https:\/\/daco-germany.de\/sk\/wp-json\/wp\/v2\/pages\/2922\/revisions"}],"predecessor-version":[{"id":3320,"href":"https:\/\/daco-germany.de\/sk\/wp-json\/wp\/v2\/pages\/2922\/revisions\/3320"}],"wp:attachment":[{"href":"https:\/\/daco-germany.de\/sk\/wp-json\/wp\/v2\/media?parent=2922"}],"curies":[{"name":"wp","href":"https:\/\/api.w.org\/{rel}","templated":true}]}}