{"id":2811,"date":"2015-11-17T23:39:59","date_gmt":"2015-11-17T23:39:59","guid":{"rendered":"http:\/\/daco-germany.de\/sk\/dystrybucja\/"},"modified":"2016-07-28T21:28:43","modified_gmt":"2016-07-28T21:28:43","slug":"distribucia","status":"publish","type":"page","link":"https:\/\/daco-germany.de\/sk\/distribucia\/","title":{"rendered":"Distrib\u00facia"},"content":{"rendered":"<p>[vc_row css=&#8220;.vc_custom_1447807496379{padding-top: 20px !important;padding-bottom: 50px !important;}&#8220;][vc_column width=&#8220;1\/4&#8243; el_class=&#8220;nakomputery&#8220;][vc_row_inner el_class=&#8220;kariera&#8220; css=&#8220;.vc_custom_1449232334509{background-color: #dd3333 !important;}&#8220;][vc_column_inner][vc_column_text css=&#8220;.vc_custom_1469741311799{padding-top: 30px !important;padding-right: 30px !important;padding-bottom: 30px !important;padding-left: 30px !important;}&#8220; el_class=&#8220;flb&#8220;]<\/p>\n<h2>Spolupr\u00e1ca<\/h2>\n<p>Pokia\u013e pre n\u00e1s m\u00e1te zauj\u00edmav\u00fa ponuku alebo by ste s nami chceli za\u010da\u0165 spolupracova\u0165 &#8211; kontaktujte n\u00e1s! Vyu\u017eite kontaktn\u00fd formul\u00e1r ni\u017e\u0161ie alebo na\u0161e kontaktn\u00e9 \u00fadaje n\u00e1jdete v z\u00e1lo\u017eke Kontakt.<\/p>\n<p>Pos\u00fadime ka\u017ed\u00fa ponuku a odpove\u010f od n\u00e1s dostanete po\u010das 24 hod\u00edn.<br \/>\n[\/vc_column_text][\/vc_column_inner][\/vc_row_inner][vc_row_inner css=&#8220;.vc_custom_1469739793808{margin-right: 0px !important;margin-bottom: 30px !important;margin-left: 0px !important;padding-right: 0px !important;padding-left: 0px !important;}&#8220; el_class=&#8220;fw&#8220;][vc_column_inner css=&#8220;.vc_custom_1461698798641{margin-right: 0px !important;margin-bottom: 30px !important;margin-left: 0px !important;padding-right: 0px !important;padding-left: 0px !important;}&#8220;][vc_column_text css=&#8220;.vc_custom_1469741361307{margin-right: 0px !important;margin-left: 0px !important;padding-right: 0px !important;padding-left: 0px !important;}&#8220;]<\/p>\n<h3>Nap\u00ed\u0161te n\u00e1m<\/h3>\n<p>[\/vc_column_text]<div role=\"form\" class=\"wpcf7\" id=\"wpcf7-f2799-o1\" lang=\"pl-PL\" dir=\"ltr\">\n<div class=\"screen-reader-response\"><p role=\"status\" aria-live=\"polite\" aria-atomic=\"true\"><\/p> <ul><\/ul><\/div>\n<form action=\"\/sk\/wp-json\/wp\/v2\/pages\/2811#wpcf7-f2799-o1\" method=\"post\" class=\"wpcf7-form init\" novalidate=\"novalidate\" data-status=\"init\">\n<div style=\"display: none;\">\n<input type=\"hidden\" name=\"_wpcf7\" value=\"2799\" \/>\n<input type=\"hidden\" name=\"_wpcf7_version\" value=\"5.4\" \/>\n<input type=\"hidden\" name=\"_wpcf7_locale\" value=\"pl_PL\" \/>\n<input type=\"hidden\" name=\"_wpcf7_unit_tag\" value=\"wpcf7-f2799-o1\" \/>\n<input type=\"hidden\" name=\"_wpcf7_container_post\" value=\"0\" \/>\n<input type=\"hidden\" name=\"_wpcf7_posted_data_hash\" value=\"\" \/>\n<\/div>\n<div class=\"form2\">\n<div class=\"row\">\n<div class=\"col-sm-6\">\n      <span class=\"wpcf7-form-control-wrap your-name\"><input type=\"text\" name=\"your-name\" value=\"\" size=\"40\" class=\"wpcf7-form-control wpcf7-text wpcf7-validates-as-required\" aria-required=\"true\" aria-invalid=\"false\" placeholder=\"Meno a priezvisko\" \/><\/span>\n    <\/div>\n<div class=\"col-sm-6\">\n      <span class=\"wpcf7-form-control-wrap your-phone\"><input type=\"text\" name=\"your-phone\" value=\"\" size=\"40\" class=\"wpcf7-form-control wpcf7-text\" aria-invalid=\"false\" placeholder=\"Telef\u00f3n\" \/><\/span>\n    <\/div>\n<div class=\"col-sm-12\">\n      <span class=\"wpcf7-form-control-wrap your-email\"><input type=\"email\" name=\"your-email\" value=\"\" size=\"40\" class=\"wpcf7-form-control wpcf7-text wpcf7-email wpcf7-validates-as-required wpcf7-validates-as-email\" aria-required=\"true\" aria-invalid=\"false\" placeholder=\"Email\" \/><\/span>\n    <\/div>\n<div class=\"col-sm-12\">\n      <span class=\"wpcf7-form-control-wrap your-message\"><textarea name=\"your-message\" cols=\"40\" rows=\"10\" class=\"wpcf7-form-control wpcf7-textarea\" aria-invalid=\"false\" placeholder=\"Spr\u00e1va\"><\/textarea><\/span>\n    <\/div>\n<div class=\"col-sm-12\">\n      <input type=\"submit\" value=\"Odosla\u0165\" class=\"wpcf7-form-control wpcf7-submit\" \/>\n    <\/div>\n<\/div>\n<\/div>\n<div class=\"wpcf7-response-output\" aria-hidden=\"true\"><\/div><\/form><\/div>[\/vc_column_inner][\/vc_row_inner][\/vc_column][vc_column width=&#8220;3\/4&#8243; css=&#8220;.vc_custom_1447806449165{padding-left: 50px !important;}&#8220;][vc_column_text css=&#8220;.vc_custom_1469741289540{padding-top: 0px !important;}&#8220;]<\/p>\n<h2>Distrib\u00facia<\/h2>\n<p>V Eur\u00f3pe disponujeme dvoma logistick\u00fdmi centrami. Sklad sa nach\u00e1dza vo Willichu (Nemecko) a zodpoved\u00e1 za distrib\u00faciu na\u0161ich dielov z\u00e1padnej Eur\u00f3pe. V\u00fdhodn\u00e1 poloha pri hranici s Holandskom a Belgickom n\u00e1m umo\u017e\u0148uje r\u00fdchlu realiz\u00e1ciu dod\u00e1vok a vhodn\u00fa koordin\u00e1ciu logistick\u00fdch procesov.<br \/>\nZa distrib\u00faciu dielov v strednej a v\u00fdchodnej Eur\u00f3pe zodpoved\u00e1 sklad v Krakove (Po\u013esko). Odtia\u013e dod\u00e1vame tovar do \u010ceskej republiky, na Slovensko, Ukrajinu, do Rumunska a do mnoh\u00fdch \u010fal\u0161\u00edch kraj\u00edn. Lok\u00e1lne dod\u00e1vky s\u00fa realizovan\u00e9 po\u010das 24 h od okam\u017eiku podania objedn\u00e1vky.<\/p>\n<p>Na\u0161a \u0161irok\u00e1 distribu\u010dn\u00e1 sie\u0165 umo\u017e\u0148uje prisp\u00f4sobi\u0165 sa potreb\u00e1m na\u0161ich z\u00e1kazn\u00edkov. Nieko\u013eko tis\u00edc metrov \u0161tvorcov\u00fdch oboch skladov umo\u017e\u0148uje udr\u017eovanie vysok\u00fdch stavov skladov\u00fdch z\u00e1sob a \u00faplnej dostupnosti produktov.<\/p>\n<p>Zaru\u010dujeme vysok\u00fd \u0161tandard obsluhy v\u010faka mo\u017enosti pod\u00e1va\u0165 objedn\u00e1vky v re\u00e1lnom \u010dase, dostupnosti podrobn\u00fdch popisov tovaru a stavov realiz\u00e1cie jednotliv\u00fdch dod\u00e1vok. Za kvalitu d\u00e1t zodpoved\u00e1 katal\u00f3gov\u00e1 datab\u00e1za Tec-Doc.<br \/>\n[\/vc_column_text][vc_single_image image=&#8220;2525&#8243; img_size=&#8220;full&#8220;][\/vc_column][\/vc_row][vc_row el_class=&#8220;natelefony&#8220; css=&#8220;.vc_custom_1462286698247{background-color: #dd3333 !important;}&#8220;][vc_column][vc_row_inner el_class=&#8220;kariera&#8220; css=&#8220;.vc_custom_1449232334509{background-color: #dd3333 !important;}&#8220;][vc_column_inner][vc_column_text css=&#8220;.vc_custom_1469741327391{padding-top: 30px !important;padding-right: 30px !important;padding-bottom: 30px !important;padding-left: 30px !important;}&#8220; el_class=&#8220;flb&#8220;]<\/p>\n<h2>Spolupr\u00e1ca<\/h2>\n<p>Pokia\u013e pre n\u00e1s m\u00e1te zauj\u00edmav\u00fa ponuku alebo by ste s nami chceli za\u010da\u0165 spolupracova\u0165 &#8211; kontaktujte n\u00e1s! Vyu\u017eite kontaktn\u00fd formul\u00e1r ni\u017e\u0161ie alebo na\u0161e kontaktn\u00e9 \u00fadaje n\u00e1jdete v z\u00e1lo\u017eke Kontakt.<\/p>\n<p>Pos\u00fadime ka\u017ed\u00fa ponuku a odpove\u010f od n\u00e1s dostanete po\u010das 24 hod\u00edn.<br \/>\n[\/vc_column_text][\/vc_column_inner][\/vc_row_inner][\/vc_column][\/vc_row][vc_row el_class=&#8220;natelefony&#8220;][vc_column][vc_row_inner css=&#8220;.vc_custom_1461698760885{margin-right: 0px !important;margin-bottom: 30px !important;margin-left: 0px !important;padding-right: 0px !important;padding-left: 0px !important;}&#8220;][vc_column_inner css=&#8220;.vc_custom_1461698798641{margin-right: 0px !important;margin-bottom: 30px !important;margin-left: 0px !important;padding-right: 0px !important;padding-left: 0px !important;}&#8220;][vc_column_text css=&#8220;.vc_custom_1469741352850{margin-right: 0px !important;margin-left: 0px !important;padding-right: 0px !important;padding-left: 0px !important;}&#8220;]<\/p>\n<h3>Nap\u00ed\u0161te n\u00e1m<\/h3>\n<p>[\/vc_column_text]<div role=\"form\" class=\"wpcf7\" id=\"wpcf7-f2799-o2\" lang=\"pl-PL\" dir=\"ltr\">\n<div class=\"screen-reader-response\"><p role=\"status\" aria-live=\"polite\" aria-atomic=\"true\"><\/p> <ul><\/ul><\/div>\n<form action=\"\/sk\/wp-json\/wp\/v2\/pages\/2811#wpcf7-f2799-o2\" method=\"post\" class=\"wpcf7-form init\" novalidate=\"novalidate\" data-status=\"init\">\n<div style=\"display: none;\">\n<input type=\"hidden\" name=\"_wpcf7\" value=\"2799\" \/>\n<input type=\"hidden\" name=\"_wpcf7_version\" value=\"5.4\" \/>\n<input type=\"hidden\" name=\"_wpcf7_locale\" value=\"pl_PL\" \/>\n<input type=\"hidden\" name=\"_wpcf7_unit_tag\" value=\"wpcf7-f2799-o2\" \/>\n<input type=\"hidden\" name=\"_wpcf7_container_post\" value=\"0\" \/>\n<input type=\"hidden\" name=\"_wpcf7_posted_data_hash\" value=\"\" \/>\n<\/div>\n<div class=\"form2\">\n<div class=\"row\">\n<div class=\"col-sm-6\">\n      <span class=\"wpcf7-form-control-wrap your-name\"><input type=\"text\" name=\"your-name\" value=\"\" size=\"40\" class=\"wpcf7-form-control wpcf7-text wpcf7-validates-as-required\" aria-required=\"true\" aria-invalid=\"false\" placeholder=\"Meno a priezvisko\" \/><\/span>\n    <\/div>\n<div class=\"col-sm-6\">\n      <span class=\"wpcf7-form-control-wrap your-phone\"><input type=\"text\" name=\"your-phone\" value=\"\" size=\"40\" class=\"wpcf7-form-control wpcf7-text\" aria-invalid=\"false\" placeholder=\"Telef\u00f3n\" \/><\/span>\n    <\/div>\n<div class=\"col-sm-12\">\n      <span class=\"wpcf7-form-control-wrap your-email\"><input type=\"email\" name=\"your-email\" value=\"\" size=\"40\" class=\"wpcf7-form-control wpcf7-text wpcf7-email wpcf7-validates-as-required wpcf7-validates-as-email\" aria-required=\"true\" aria-invalid=\"false\" placeholder=\"Email\" \/><\/span>\n    <\/div>\n<div class=\"col-sm-12\">\n      <span class=\"wpcf7-form-control-wrap your-message\"><textarea name=\"your-message\" cols=\"40\" rows=\"10\" class=\"wpcf7-form-control wpcf7-textarea\" aria-invalid=\"false\" placeholder=\"Spr\u00e1va\"><\/textarea><\/span>\n    <\/div>\n<div class=\"col-sm-12\">\n      <input type=\"submit\" value=\"Odosla\u0165\" class=\"wpcf7-form-control wpcf7-submit\" \/>\n    <\/div>\n<\/div>\n<\/div>\n<div class=\"wpcf7-response-output\" aria-hidden=\"true\"><\/div><\/form><\/div>[\/vc_column_inner][\/vc_row_inner][\/vc_column][\/vc_row]<\/p>\n","protected":false},"excerpt":{"rendered":"<p>[vc_row css=&#8220;.vc_custom_1447807496379{padding-top: 20px !important;padding-bottom: 50px !important;}&#8220;][vc_column width=&#8220;1\/4&#8243; el_class=&#8220;nakomputery&#8220;][vc_row_inner el_class=&#8220;kariera&#8220; css=&#8220;.vc_custom_1449232334509{background-color: #dd3333 !important;}&#8220;][vc_column_inner][vc_column_text css=&#8220;.vc_custom_1469741311799{padding-top: 30px !important;padding-right: 30px !important;padding-bottom: 30px !important;padding-left: 30px !important;}&#8220; el_class=&#8220;flb&#8220;] Spolupr\u00e1ca Pokia\u013e pre n\u00e1s m\u00e1te zauj\u00edmav\u00fa ponuku alebo by ste s nami chceli za\u010da\u0165 spolupracova\u0165 &#8211; kontaktujte n\u00e1s! Vyu\u017eite kontaktn\u00fd formul\u00e1r ni\u017e\u0161ie alebo na\u0161e kontaktn\u00e9 \u00fadaje n\u00e1jdete v z\u00e1lo\u017eke Kontakt. Pos\u00fadime ka\u017ed\u00fa ponuku [&hellip;]<\/p>\n","protected":false},"author":1,"featured_media":0,"parent":0,"menu_order":0,"comment_status":"closed","ping_status":"closed","template":"","meta":[],"_links":{"self":[{"href":"https:\/\/daco-germany.de\/sk\/wp-json\/wp\/v2\/pages\/2811"}],"collection":[{"href":"https:\/\/daco-germany.de\/sk\/wp-json\/wp\/v2\/pages"}],"about":[{"href":"https:\/\/daco-germany.de\/sk\/wp-json\/wp\/v2\/types\/page"}],"author":[{"embeddable":true,"href":"https:\/\/daco-germany.de\/sk\/wp-json\/wp\/v2\/users\/1"}],"replies":[{"embeddable":true,"href":"https:\/\/daco-germany.de\/sk\/wp-json\/wp\/v2\/comments?post=2811"}],"version-history":[{"count":0,"href":"https:\/\/daco-germany.de\/sk\/wp-json\/wp\/v2\/pages\/2811\/revisions"}],"wp:attachment":[{"href":"https:\/\/daco-germany.de\/sk\/wp-json\/wp\/v2\/media?parent=2811"}],"curies":[{"name":"wp","href":"https:\/\/api.w.org\/{rel}","templated":true}]}}