{"id":2779,"date":"2015-08-03T09:42:14","date_gmt":"2015-08-03T09:42:14","guid":{"rendered":"http:\/\/daco-germany.de\/sk\/kontakt\/"},"modified":"2016-09-12T18:58:12","modified_gmt":"2016-09-12T18:58:12","slug":"kontakt","status":"publish","type":"page","link":"https:\/\/daco-germany.de\/sk\/kontakt\/","title":{"rendered":"Kontakt"},"content":{"rendered":"<p>[vc_row el_class=&#8220;middle&#8220; css=&#8220;.vc_custom_1449227686204{margin-bottom: 50px !important;}&#8220;][vc_column width=&#8220;7\/12&#8243; css=&#8220;.vc_custom_1439284637584{margin-bottom: 20px !important;}&#8220;][vc_custom_heading text=&#8220;Nap\u00ed\u0161te n\u00e1m&#8220; font_container=&#8220;tag:h2|font_size:36|text_align:left|color:%231d2634&#8243; use_theme_fonts=&#8220;yes&#8220; el_class=&#8220;heading-title&#8220; css=&#8220;.vc_custom_1469738568095{margin-bottom: 35px !important;}&#8220;]<div role=\"form\" class=\"wpcf7\" id=\"wpcf7-f2799-o1\" lang=\"pl-PL\" dir=\"ltr\">\n<div class=\"screen-reader-response\"><p role=\"status\" aria-live=\"polite\" aria-atomic=\"true\"><\/p> <ul><\/ul><\/div>\n<form action=\"\/sk\/wp-json\/wp\/v2\/pages\/2779#wpcf7-f2799-o1\" method=\"post\" class=\"wpcf7-form init\" novalidate=\"novalidate\" data-status=\"init\">\n<div style=\"display: none;\">\n<input type=\"hidden\" name=\"_wpcf7\" value=\"2799\" \/>\n<input type=\"hidden\" name=\"_wpcf7_version\" value=\"5.4\" \/>\n<input type=\"hidden\" name=\"_wpcf7_locale\" value=\"pl_PL\" \/>\n<input type=\"hidden\" name=\"_wpcf7_unit_tag\" value=\"wpcf7-f2799-o1\" \/>\n<input type=\"hidden\" name=\"_wpcf7_container_post\" value=\"0\" \/>\n<input type=\"hidden\" name=\"_wpcf7_posted_data_hash\" value=\"\" \/>\n<\/div>\n<div class=\"form2\">\n<div class=\"row\">\n<div class=\"col-sm-6\">\n      <span class=\"wpcf7-form-control-wrap your-name\"><input type=\"text\" name=\"your-name\" value=\"\" size=\"40\" class=\"wpcf7-form-control wpcf7-text wpcf7-validates-as-required\" aria-required=\"true\" aria-invalid=\"false\" placeholder=\"Meno a priezvisko\" \/><\/span>\n    <\/div>\n<div class=\"col-sm-6\">\n      <span class=\"wpcf7-form-control-wrap your-phone\"><input type=\"text\" name=\"your-phone\" value=\"\" size=\"40\" class=\"wpcf7-form-control wpcf7-text\" aria-invalid=\"false\" placeholder=\"Telef\u00f3n\" \/><\/span>\n    <\/div>\n<div class=\"col-sm-12\">\n      <span class=\"wpcf7-form-control-wrap your-email\"><input type=\"email\" name=\"your-email\" value=\"\" size=\"40\" class=\"wpcf7-form-control wpcf7-text wpcf7-email wpcf7-validates-as-required wpcf7-validates-as-email\" aria-required=\"true\" aria-invalid=\"false\" placeholder=\"Email\" \/><\/span>\n    <\/div>\n<div class=\"col-sm-12\">\n      <span class=\"wpcf7-form-control-wrap your-message\"><textarea name=\"your-message\" cols=\"40\" rows=\"10\" class=\"wpcf7-form-control wpcf7-textarea\" aria-invalid=\"false\" placeholder=\"Spr\u00e1va\"><\/textarea><\/span>\n    <\/div>\n<div class=\"col-sm-12\">\n      <input type=\"submit\" value=\"Odosla\u0165\" class=\"wpcf7-form-control wpcf7-submit\" \/>\n    <\/div>\n<\/div>\n<\/div>\n<div class=\"wpcf7-response-output\" aria-hidden=\"true\"><\/div><\/form><\/div>[\/vc_column][vc_column width=&#8220;1\/12&#8243; offset=&#8220;vc_hidden-md vc_hidden-sm vc_hidden-xs&#8220;][\/vc_column][vc_column width=&#8220;5\/12&#8243; css=&#8220;.vc_custom_1449227679288{padding-top: 20px !important;padding-right: 30px !important;padding-bottom: 40px !important;padding-left: 30px !important;background-color: #dd3333 !important;}&#8220; el_class=&#8220;call-us&#8220; offset=&#8220;vc_col-lg-4 vc_col-md-5&#8243;][vc_custom_heading text=&#8220;Kontaktn\u00e9 \u00fadaje&#8220; font_container=&#8220;tag:h2|font_size:24|text_align:left|color:%23ffffff&#8220; use_theme_fonts=&#8220;yes&#8220; css=&#8220;.vc_custom_1469738576977{margin-bottom: 40px !important;}&#8220;][vc_row_inner css=&#8220;.vc_custom_1439286368617{margin-bottom: 20px !important;}&#8220;][vc_column_inner width=&#8220;1\/6&#8243; offset=&#8220;vc_col-xs-2&#8243; css=&#8220;.vc_custom_1457546695720{padding-right: 0px !important;}&#8220;][thememove_icon icon_fontawesome=&#8220;fa fa-mobile&#8220; font_size=&#8220;43&#8243; font_color=&#8220;#ffffff&#8220;][\/vc_column_inner][vc_column_inner width=&#8220;5\/6&#8243; offset=&#8220;vc_col-xs-10&#8243; css=&#8220;.vc_custom_1457546703516{padding-left: 5px !important;}&#8220;][vc_custom_heading text=&#8220;+48 515 187 947&#8243; font_container=&#8220;tag:p|font_size:20|text_align:left|color:%23ffffff|line_height:2.2&#8243; use_theme_fonts=&#8220;yes&#8220;][\/vc_column_inner][\/vc_row_inner][vc_row_inner][vc_column_inner width=&#8220;1\/6&#8243; offset=&#8220;vc_col-xs-2&#8243; css=&#8220;.vc_custom_1457546712686{padding-right: 0px !important;}&#8220;][thememove_icon icon_fontawesome=&#8220;fa fa-envelope-o&#8220; font_size=&#8220;26&#8243; font_color=&#8220;#ffffff&#8220;][\/vc_column_inner][vc_column_inner width=&#8220;5\/6&#8243; offset=&#8220;vc_col-xs-10&#8243; css=&#8220;.vc_custom_1457546795278{padding-left: 5px !important;}&#8220;][vc_custom_heading text=&#8220;&#x69;&#110;f&#x6f;&#x40;&#100;a&#x63;&#x6f;&#45;g&#x65;&#x72;ma&#x6e;&#x79;.d&#x65;&#8220; font_container=&#8220;tag:p|font_size:20|text_align:left|color:%23ffffff|line_height:2.2&#8243; use_theme_fonts=&#8220;yes&#8220; link=&#8220;url:mailto%3Ainfo%40daco-autoparts.eu||&#8220;][\/vc_column_inner][\/vc_row_inner][\/vc_column][\/vc_row]<\/p>\n","protected":false},"excerpt":{"rendered":"<p>[vc_row el_class=&#8220;middle&#8220; css=&#8220;.vc_custom_1449227686204{margin-bottom: 50px !important;}&#8220;][vc_column width=&#8220;7\/12&#8243; css=&#8220;.vc_custom_1439284637584{margin-bottom: 20px !important;}&#8220;][vc_custom_heading text=&#8220;Nap\u00ed\u0161te n\u00e1m&#8220; font_container=&#8220;tag:h2|font_size:36|text_align:left|color:%231d2634&#8243; use_theme_fonts=&#8220;yes&#8220; el_class=&#8220;heading-title&#8220; css=&#8220;.vc_custom_1469738568095{margin-bottom: 35px !important;}&#8220;][\/vc_column][vc_column width=&#8220;1\/12&#8243; offset=&#8220;vc_hidden-md vc_hidden-sm vc_hidden-xs&#8220;][\/vc_column][vc_column width=&#8220;5\/12&#8243; css=&#8220;.vc_custom_1449227679288{padding-top: 20px !important;padding-right: 30px !important;padding-bottom: 40px !important;padding-left: 30px !important;background-color: #dd3333 !important;}&#8220; el_class=&#8220;call-us&#8220; offset=&#8220;vc_col-lg-4 vc_col-md-5&#8243;][vc_custom_heading text=&#8220;Kontaktn\u00e9 \u00fadaje&#8220; font_container=&#8220;tag:h2|font_size:24|text_align:left|color:%23ffffff&#8220; use_theme_fonts=&#8220;yes&#8220; css=&#8220;.vc_custom_1469738576977{margin-bottom: 40px !important;}&#8220;][vc_row_inner css=&#8220;.vc_custom_1439286368617{margin-bottom: 20px !important;}&#8220;][vc_column_inner width=&#8220;1\/6&#8243; offset=&#8220;vc_col-xs-2&#8243; css=&#8220;.vc_custom_1457546695720{padding-right: 0px !important;}&#8220;][thememove_icon icon_fontawesome=&#8220;fa fa-mobile&#8220; font_size=&#8220;43&#8243; font_color=&#8220;#ffffff&#8220;][\/vc_column_inner][vc_column_inner [&hellip;]<\/p>\n","protected":false},"author":1,"featured_media":0,"parent":0,"menu_order":0,"comment_status":"open","ping_status":"closed","template":"","meta":[],"_links":{"self":[{"href":"https:\/\/daco-germany.de\/sk\/wp-json\/wp\/v2\/pages\/2779"}],"collection":[{"href":"https:\/\/daco-germany.de\/sk\/wp-json\/wp\/v2\/pages"}],"about":[{"href":"https:\/\/daco-germany.de\/sk\/wp-json\/wp\/v2\/types\/page"}],"author":[{"embeddable":true,"href":"https:\/\/daco-germany.de\/sk\/wp-json\/wp\/v2\/users\/1"}],"replies":[{"embeddable":true,"href":"https:\/\/daco-germany.de\/sk\/wp-json\/wp\/v2\/comments?post=2779"}],"version-history":[{"count":1,"href":"https:\/\/daco-germany.de\/sk\/wp-json\/wp\/v2\/pages\/2779\/revisions"}],"predecessor-version":[{"id":3198,"href":"https:\/\/daco-germany.de\/sk\/wp-json\/wp\/v2\/pages\/2779\/revisions\/3198"}],"wp:attachment":[{"href":"https:\/\/daco-germany.de\/sk\/wp-json\/wp\/v2\/media?parent=2779"}],"curies":[{"name":"wp","href":"https:\/\/api.w.org\/{rel}","templated":true}]}}