{"id":2363,"date":"2015-11-16T19:39:13","date_gmt":"2015-11-16T19:39:13","guid":{"rendered":"http:\/\/daco-germany.de\/?page_id=2363"},"modified":"2016-07-12T12:31:44","modified_gmt":"2016-07-12T12:31:44","slug":"zestawy-wahaczy","status":"publish","type":"page","link":"https:\/\/daco-germany.de\/pl\/zestawy-wahaczy\/","title":{"rendered":"Zestawy wahaczy"},"content":{"rendered":"<p>[vc_row][vc_column][vc_custom_heading text=&#8221;Wysoka jako\u015b\u0107 zawieszenia gwarantuj\u0105ca bezpiecze\u0144stwo&#8221; use_theme_fonts=&#8221;yes&#8221;][vc_separator][vc_column_text]&nbsp;<\/p>\n<p><strong><a href=\"http:\/\/daco-germany.de\/wp-content\/uploads\/2015\/11\/KPLx-1.jpg\"><img loading=\"lazy\" class=\"wp-image-2730 alignleft\" src=\"http:\/\/daco-germany.de\/wp-content\/uploads\/2015\/11\/KPLx-1.jpg\" alt=\"Zestaw wahaczy DACO Germany\" width=\"448\" height=\"336\" srcset=\"https:\/\/daco-germany.de\/wp-content\/uploads\/2015\/11\/KPLx-1.jpg 3264w, https:\/\/daco-germany.de\/wp-content\/uploads\/2015\/11\/KPLx-1-300x225.jpg 300w, https:\/\/daco-germany.de\/wp-content\/uploads\/2015\/11\/KPLx-1-768x576.jpg 768w, https:\/\/daco-germany.de\/wp-content\/uploads\/2015\/11\/KPLx-1-1024x768.jpg 1024w\" sizes=\"(max-width: 448px) 100vw, 448px\" \/><\/a>DACO Germany posiada w swojej ofercie zestawy wahaczy<\/strong> aluminiowych, w sk\u0142ad kt\u00f3rych wchodz\u0105\u00a0wahacze,\u00a0\u0142\u0105czniki stabilizatora oraz\u00a0ko\u0144c\u00f3wki dr\u0105\u017cka.<\/p>\n<p>Wysokiej jako\u015bci materia\u0142y pozwalaj\u0105 zapewni\u0107 <strong>komfort prowadzenia<\/strong> w najtrudniejszych warunkach drogowych. Pr\u00f3by wytrzyma\u0142o\u015bciowe<strong> gwarantuj\u0105 niezawodno\u015b\u0107<\/strong> element\u00f3w zawieszenia<\/p>\n<p>&nbsp;[\/vc_column_text][\/vc_column][\/vc_row][vc_row css=&#8221;.vc_custom_1447675140285{padding-top: 30px !important;}&#8221;][vc_column][\/vc_column][\/vc_row]<\/p>\n","protected":false},"excerpt":{"rendered":"<p>[vc_row][vc_column][vc_custom_heading text=&#8221;Wysoka jako\u015b\u0107 zawieszenia gwarantuj\u0105ca bezpiecze\u0144stwo&#8221; use_theme_fonts=&#8221;yes&#8221;][vc_separator][vc_column_text]&nbsp; DACO Germany posiada w swojej ofercie zestawy wahaczy aluminiowych, w sk\u0142ad kt\u00f3rych wchodz\u0105\u00a0wahacze,\u00a0\u0142\u0105czniki stabilizatora oraz\u00a0ko\u0144c\u00f3wki dr\u0105\u017cka. Wysokiej jako\u015bci materia\u0142y pozwalaj\u0105 zapewni\u0107 komfort prowadzenia w najtrudniejszych warunkach drogowych. Pr\u00f3by wytrzyma\u0142o\u015bciowe gwarantuj\u0105 niezawodno\u015b\u0107 element\u00f3w zawieszenia &nbsp;[\/vc_column_text][\/vc_column][\/vc_row][vc_row css=&#8221;.vc_custom_1447675140285{padding-top: 30px !important;}&#8221;][vc_column][\/vc_column][\/vc_row]<\/p>\n","protected":false},"author":1,"featured_media":0,"parent":0,"menu_order":0,"comment_status":"closed","ping_status":"closed","template":"","meta":[],"_links":{"self":[{"href":"https:\/\/daco-germany.de\/pl\/wp-json\/wp\/v2\/pages\/2363"}],"collection":[{"href":"https:\/\/daco-germany.de\/pl\/wp-json\/wp\/v2\/pages"}],"about":[{"href":"https:\/\/daco-germany.de\/pl\/wp-json\/wp\/v2\/types\/page"}],"author":[{"embeddable":true,"href":"https:\/\/daco-germany.de\/pl\/wp-json\/wp\/v2\/users\/1"}],"replies":[{"embeddable":true,"href":"https:\/\/daco-germany.de\/pl\/wp-json\/wp\/v2\/comments?post=2363"}],"version-history":[{"count":0,"href":"https:\/\/daco-germany.de\/pl\/wp-json\/wp\/v2\/pages\/2363\/revisions"}],"wp:attachment":[{"href":"https:\/\/daco-germany.de\/pl\/wp-json\/wp\/v2\/media?parent=2363"}],"curies":[{"name":"wp","href":"https:\/\/api.w.org\/{rel}","templated":true}]}}