{"id":2958,"date":"2015-11-16T19:39:13","date_gmt":"2015-11-16T19:39:13","guid":{"rendered":"http:\/\/daco-germany.de\/sk\/zestawy-wahaczy\/"},"modified":"2016-07-29T12:53:46","modified_gmt":"2016-07-29T12:53:46","slug":"sady-vykyvnych-ramien","status":"publish","type":"page","link":"http:\/\/daco-germany.de\/sk\/sady-vykyvnych-ramien\/","title":{"rendered":"Sady v\u00fdkyvn\u00fdch ramien"},"content":{"rendered":"<p>[vc_row][vc_column][vc_custom_heading text=&#8220;Vysok\u00e1 kvalita zavesenia zaru\u010duj\u00faca bezpe\u010dnos\u0165&#8220; use_theme_fonts=&#8220;yes&#8220;][vc_separator][vc_column_text]<\/p>\n<p><strong><a href=\"http:\/\/daco-germany.de\/wp-content\/uploads\/2015\/11\/KPLx-1.jpg\"><img loading=\"lazy\" class=\"wp-image-2730 alignleft\" src=\"http:\/\/daco-germany.de\/wp-content\/uploads\/2015\/11\/KPLx-1.jpg\" alt=\"Zestaw wahaczy DACO Germany\" width=\"448\" height=\"336\" srcset=\"http:\/\/daco-germany.de\/wp-content\/uploads\/2015\/11\/KPLx-1.jpg 3264w, http:\/\/daco-germany.de\/wp-content\/uploads\/2015\/11\/KPLx-1-300x225.jpg 300w, http:\/\/daco-germany.de\/wp-content\/uploads\/2015\/11\/KPLx-1-768x576.jpg 768w, http:\/\/daco-germany.de\/wp-content\/uploads\/2015\/11\/KPLx-1-1024x768.jpg 1024w\" sizes=\"(max-width: 448px) 100vw, 448px\" \/><\/a><\/strong><\/p>\n<p>DACO Germany m\u00e1 vo svojej ponuke sady hlin\u00edkov\u00fdch v\u00fdkyvn\u00fdch ramien, ktor\u00e9 tvoria v\u00fdkyvn\u00e9 ramen\u00e1, spojky stabiliz\u00e1tora a koncovky ty\u010de.<\/p>\n<p>Vysoko kvalitn\u00e9 materi\u00e1ly umo\u017e\u0148uj\u00fa zaisti\u0165 komfort riadenia v naj\u0165a\u017e\u0161\u00edch cestn\u00fdch podmienkach. Odolnostn\u00e9 sk\u00fa\u0161ky zaru\u010duj\u00face spo\u013eahlivos\u0165 prvkov zavesenia.[\/vc_column_text][\/vc_column][\/vc_row][vc_row css=&#8220;.vc_custom_1447675140285{padding-top: 30px !important;}&#8220;][vc_column][\/vc_column][\/vc_row]<\/p>\n","protected":false},"excerpt":{"rendered":"<p>[vc_row][vc_column][vc_custom_heading text=&#8220;Vysok\u00e1 kvalita zavesenia zaru\u010duj\u00faca bezpe\u010dnos\u0165&#8220; use_theme_fonts=&#8220;yes&#8220;][vc_separator][vc_column_text] DACO Germany m\u00e1 vo svojej ponuke sady hlin\u00edkov\u00fdch v\u00fdkyvn\u00fdch ramien, ktor\u00e9 tvoria v\u00fdkyvn\u00e9 ramen\u00e1, spojky stabiliz\u00e1tora a koncovky ty\u010de. Vysoko kvalitn\u00e9 materi\u00e1ly umo\u017e\u0148uj\u00fa zaisti\u0165 komfort riadenia v naj\u0165a\u017e\u0161\u00edch cestn\u00fdch podmienkach. Odolnostn\u00e9 sk\u00fa\u0161ky zaru\u010duj\u00face spo\u013eahlivos\u0165 prvkov zavesenia.[\/vc_column_text][\/vc_column][\/vc_row][vc_row css=&#8220;.vc_custom_1447675140285{padding-top: 30px !important;}&#8220;][vc_column][\/vc_column][\/vc_row]<\/p>\n","protected":false},"author":1,"featured_media":0,"parent":0,"menu_order":0,"comment_status":"closed","ping_status":"closed","template":"","meta":[],"_links":{"self":[{"href":"http:\/\/daco-germany.de\/sk\/wp-json\/wp\/v2\/pages\/2958"}],"collection":[{"href":"http:\/\/daco-germany.de\/sk\/wp-json\/wp\/v2\/pages"}],"about":[{"href":"http:\/\/daco-germany.de\/sk\/wp-json\/wp\/v2\/types\/page"}],"author":[{"embeddable":true,"href":"http:\/\/daco-germany.de\/sk\/wp-json\/wp\/v2\/users\/1"}],"replies":[{"embeddable":true,"href":"http:\/\/daco-germany.de\/sk\/wp-json\/wp\/v2\/comments?post=2958"}],"version-history":[{"count":0,"href":"http:\/\/daco-germany.de\/sk\/wp-json\/wp\/v2\/pages\/2958\/revisions"}],"wp:attachment":[{"href":"http:\/\/daco-germany.de\/sk\/wp-json\/wp\/v2\/media?parent=2958"}],"curies":[{"name":"wp","href":"https:\/\/api.w.org\/{rel}","templated":true}]}}