{"id":2904,"date":"2015-11-16T19:13:03","date_gmt":"2015-11-16T19:13:03","guid":{"rendered":"http:\/\/daco-germany.de\/sk\/odboje\/"},"modified":"2018-09-09T14:30:09","modified_gmt":"2018-09-09T14:30:09","slug":"gumove-dorazy-a-obaly","status":"publish","type":"page","link":"http:\/\/daco-germany.de\/sk\/gumove-dorazy-a-obaly\/","title":{"rendered":"Gumov\u00e9 dorazy a obaly"},"content":{"rendered":"<p>[vc_row][vc_column css=&#8220;.vc_custom_1469786819088{padding-bottom: 50px !important;}&#8220;][vc_custom_heading text=&#8220;Spo\u013eahliv\u00e1 ochrana tlmi\u010da&#8220; use_theme_fonts=&#8220;yes&#8220;][vc_separator][vc_column_text][\/vc_column_text][vc_column_text]DACO Germany je v\u00fdrobcom ochrann\u00fdch s\u00e1d tlmi\u010dov, ktor\u00e9 tvoria obaly a gumov\u00e9 dorazy. V ponuke m\u00e1me takmer 150 polo\u017eiek pre osobn\u00e9 automobily a dod\u00e1vky.<\/p>\n<p>Obaly, gumov\u00e9 dorazy chr\u00e1nia piest tlmi\u010da pred po\u0161koden\u00edm a pred prachom a vlhkos\u0165ou. V\u010faka ochrann\u00fdm sad\u00e1m sa predl\u017euje \u017eivotnos\u0165 tlmi\u010da.<\/p>\n<p>Gumov\u00e9 dorazy a obaly DACO Germany sa vyr\u00e1baj\u00fa zo zmes\u00ed ve\u013emi vysokej kvality. Odolnos\u0165 ochrann\u00fdch s\u00e1d zna\u010dky je porovnate\u013en\u00e1 s origin\u00e1lne in\u0161talovan\u00fdmi sadami.<\/p>\n<p>Odpor\u00fa\u010dame v\u00fdmenu ochrann\u00fdch s\u00e1d pri ka\u017edej v\u00fdmene tlmi\u010dov.[\/vc_column_text][vc_message message_box_color=&#8220;grey&#8220; icon_type=&#8220;pixelicons&#8220; icon_pixelicons=&#8220;vc_pixel_icon vc_pixel_icon-tick&#8220;]<strong>150 r\u00f4znych pou\u017eit\u00ed<\/strong> pre osobn\u00e9 automobily a dod\u00e1vky![\/vc_message][vc_message message_box_color=&#8220;grey&#8220; icon_type=&#8220;pixelicons&#8220; icon_pixelicons=&#8220;vc_pixel_icon vc_pixel_icon-tick&#8220;]<strong>Dokonale chr\u00e1nia<\/strong> piesty tlmi\u010da pred prachom a vlhkos\u0165ou![\/vc_message][vc_message message_box_color=&#8220;grey&#8220; icon_type=&#8220;pixelicons&#8220; icon_pixelicons=&#8220;vc_pixel_icon vc_pixel_icon-tick&#8220;]Gumov\u00e9 dorazy a obaly vyr\u00e1bame zo <strong>zmes\u00ed vysokej kvality!<\/strong>[\/vc_message][\/vc_column][\/vc_row]<\/p>\n","protected":false},"excerpt":{"rendered":"<p>[vc_row][vc_column css=&#8220;.vc_custom_1469786819088{padding-bottom: 50px !important;}&#8220;][vc_custom_heading text=&#8220;Spo\u013eahliv\u00e1 ochrana tlmi\u010da&#8220; use_theme_fonts=&#8220;yes&#8220;][vc_separator][vc_column_text][\/vc_column_text][vc_column_text]DACO Germany je v\u00fdrobcom ochrann\u00fdch s\u00e1d tlmi\u010dov, ktor\u00e9 tvoria obaly a gumov\u00e9 dorazy. V ponuke m\u00e1me takmer 150 polo\u017eiek pre osobn\u00e9 automobily a dod\u00e1vky. Obaly, gumov\u00e9 dorazy chr\u00e1nia piest tlmi\u010da pred po\u0161koden\u00edm a pred prachom a vlhkos\u0165ou. V\u010faka ochrann\u00fdm sad\u00e1m sa predl\u017euje \u017eivotnos\u0165 tlmi\u010da. Gumov\u00e9 dorazy a obaly [&hellip;]<\/p>\n","protected":false},"author":1,"featured_media":0,"parent":0,"menu_order":0,"comment_status":"closed","ping_status":"closed","template":"","meta":[],"_links":{"self":[{"href":"http:\/\/daco-germany.de\/sk\/wp-json\/wp\/v2\/pages\/2904"}],"collection":[{"href":"http:\/\/daco-germany.de\/sk\/wp-json\/wp\/v2\/pages"}],"about":[{"href":"http:\/\/daco-germany.de\/sk\/wp-json\/wp\/v2\/types\/page"}],"author":[{"embeddable":true,"href":"http:\/\/daco-germany.de\/sk\/wp-json\/wp\/v2\/users\/1"}],"replies":[{"embeddable":true,"href":"http:\/\/daco-germany.de\/sk\/wp-json\/wp\/v2\/comments?post=2904"}],"version-history":[{"count":1,"href":"http:\/\/daco-germany.de\/sk\/wp-json\/wp\/v2\/pages\/2904\/revisions"}],"predecessor-version":[{"id":3312,"href":"http:\/\/daco-germany.de\/sk\/wp-json\/wp\/v2\/pages\/2904\/revisions\/3312"}],"wp:attachment":[{"href":"http:\/\/daco-germany.de\/sk\/wp-json\/wp\/v2\/media?parent=2904"}],"curies":[{"name":"wp","href":"https:\/\/api.w.org\/{rel}","templated":true}]}}