{"id":2859,"date":"2016-03-30T16:35:23","date_gmt":"2016-03-30T16:35:23","guid":{"rendered":"http:\/\/daco-germany.de\/sk\/sprezyny-gazowe\/"},"modified":"2016-07-29T09:15:50","modified_gmt":"2016-07-29T09:15:50","slug":"plynove-pruziny","status":"publish","type":"page","link":"http:\/\/daco-germany.de\/sk\/plynove-pruziny\/","title":{"rendered":"Plynov\u00e9 pru\u017einy"},"content":{"rendered":"<p>[vc_row][vc_column css=&#8220;.vc_custom_1469742705541{padding-bottom: 40px !important;}&#8220;][vc_custom_heading text=&#8220;Dlh\u00e1 \u017eivotnos\u0165 a spo\u013eahliv\u00e9 fungovanie.&#8220; use_theme_fonts=&#8220;yes&#8220;][vc_separator][vc_column_text]Plynov\u00e9 pru\u017einy, ktor\u00fdm sa vrav\u00ed tie\u017e vzpery, u\u013eah\u010duj\u00fa zdv\u00edhanie dver\u00ed, poklopov a in\u00fdch prvkov.<\/p>\n<p>DACO Germany m\u00e1 vo svojej ponuke takmer 500 r\u00f4znych dielov k osobn\u00fdm automobilom a dod\u00e1vkam. Ponuka zah\u0155\u0148a tak pru\u017einy s dynamick\u00fdm, ako aj s hydraulick\u00fdm tlmen\u00edm.<\/p>\n<p>Ka\u017ed\u00e1 pru\u017eina sa sklad\u00e1 z tlakov\u00e9ho valca a piestnice zakon\u010denej zodpovedaj\u00facim pripevnen\u00edm. Valec je vyplnen\u00fd stla\u010den\u00fdm dus\u00edkom, ktor\u00fd vyvol\u00e1va rovnomern\u00fd tlak na oboch stran\u00e1ch piestu.<\/p>\n<p>Kvalita plynov\u00fdch pru\u017e\u00edn DACO Germany bola dosiahnut\u00e1 v\u010faka pokro\u010dil\u00e9mu procesu, ktor\u00fd vzper\u00e1m dod\u00e1va dlh\u00fa \u017eivotnos\u0165 a spo\u013eahlivos\u0165.[\/vc_column_text][vc_message message_box_style=&#8220;solid&#8220; message_box_color=&#8220;grey&#8220; icon_type=&#8220;pixelicons&#8220; icon_pixelicons=&#8220;vc_pixel_icon vc_pixel_icon-tick&#8220;]<strong>500 pou\u017eit\u00ed<\/strong> pre osobn\u00e9 automobily a dod\u00e1vky![\/vc_message][vc_message message_box_style=&#8220;solid&#8220; message_box_color=&#8220;grey&#8220; icon_type=&#8220;pixelicons&#8220; icon_pixelicons=&#8220;vc_pixel_icon vc_pixel_icon-tick&#8220;]Motory s\u00fa tlmen\u00e9 <strong>hydraulicky a dynamicky!<\/strong>[\/vc_message][vc_message message_box_style=&#8220;solid&#8220; message_box_color=&#8220;grey&#8220; icon_type=&#8220;pixelicons&#8220; icon_pixelicons=&#8220;vc_pixel_icon vc_pixel_icon-tick&#8220;]<strong>Vysok\u00e1 kvalita<\/strong> v\u010faka pokro\u010dil\u00e9mu v\u00fdrobn\u00e9mu procesu![\/vc_message][\/vc_column][\/vc_row]<\/p>\n","protected":false},"excerpt":{"rendered":"<p>[vc_row][vc_column css=&#8220;.vc_custom_1469742705541{padding-bottom: 40px !important;}&#8220;][vc_custom_heading text=&#8220;Dlh\u00e1 \u017eivotnos\u0165 a spo\u013eahliv\u00e9 fungovanie.&#8220; use_theme_fonts=&#8220;yes&#8220;][vc_separator][vc_column_text]Plynov\u00e9 pru\u017einy, ktor\u00fdm sa vrav\u00ed tie\u017e vzpery, u\u013eah\u010duj\u00fa zdv\u00edhanie dver\u00ed, poklopov a in\u00fdch prvkov. DACO Germany m\u00e1 vo svojej ponuke takmer 500 r\u00f4znych dielov k osobn\u00fdm automobilom a dod\u00e1vkam. Ponuka zah\u0155\u0148a tak pru\u017einy s dynamick\u00fdm, ako aj s hydraulick\u00fdm tlmen\u00edm. Ka\u017ed\u00e1 pru\u017eina sa sklad\u00e1 z tlakov\u00e9ho [&hellip;]<\/p>\n","protected":false},"author":1,"featured_media":0,"parent":0,"menu_order":0,"comment_status":"closed","ping_status":"closed","template":"","meta":[],"_links":{"self":[{"href":"http:\/\/daco-germany.de\/sk\/wp-json\/wp\/v2\/pages\/2859"}],"collection":[{"href":"http:\/\/daco-germany.de\/sk\/wp-json\/wp\/v2\/pages"}],"about":[{"href":"http:\/\/daco-germany.de\/sk\/wp-json\/wp\/v2\/types\/page"}],"author":[{"embeddable":true,"href":"http:\/\/daco-germany.de\/sk\/wp-json\/wp\/v2\/users\/1"}],"replies":[{"embeddable":true,"href":"http:\/\/daco-germany.de\/sk\/wp-json\/wp\/v2\/comments?post=2859"}],"version-history":[{"count":0,"href":"http:\/\/daco-germany.de\/sk\/wp-json\/wp\/v2\/pages\/2859\/revisions"}],"wp:attachment":[{"href":"http:\/\/daco-germany.de\/sk\/wp-json\/wp\/v2\/media?parent=2859"}],"curies":[{"name":"wp","href":"https:\/\/api.w.org\/{rel}","templated":true}]}}