{"id":2839,"date":"2015-11-01T16:49:16","date_gmt":"2015-11-01T16:49:16","guid":{"rendered":"http:\/\/daco-germany.de\/sk\/amortyzatory\/"},"modified":"2018-09-09T13:38:11","modified_gmt":"2018-09-09T13:38:11","slug":"tlmice","status":"publish","type":"page","link":"http:\/\/daco-germany.de\/sk\/tlmice\/","title":{"rendered":"Tlmi\u010de"},"content":{"rendered":"<p>[vc_row css=&#8220;.vc_custom_1459352824702{padding-bottom: 40px !important;}&#8220;][vc_column][vc_custom_heading text=&#8220;Perfektn\u00e1 pri\u013enavos\u0165 a zaru\u010den\u00fd jazdn\u00fd komfort&#8220; use_theme_fonts=&#8220;yes&#8220;][vc_separator][vc_column_text]Tlmi\u010de s\u00fa vlajkov\u00fdm v\u00fdrobkom zna\u010dky DACO. V na\u0161ej ponuke n\u00e1jdete viac ne\u017e 1000 polo\u017eiek pre osobn\u00e9 automobily a pre dod\u00e1vky.<\/p>\n<p>Modern\u00e9 technick\u00e9 rie\u0161enia a z\u00e1rove\u0148 pr\u00edsna kontrola kvality zais\u0165uj\u00fa vysok\u00fd jazdn\u00fd komfort a skvel\u00e9 parametre tlmenia. Tlmi\u010de DACO zaru\u010duj\u00fa neust\u00e1ly kontakt kolies s povrchom a skr\u00e1tenie brzdnej dr\u00e1hy.<\/p>\n<p>Kvalita tlmi\u010dov DACO je porovnate\u013en\u00e1 s origin\u00e1lnym vybaven\u00edm. V\u010faka nim si vozidlo zachov\u00e1va perfektn\u00fa pri\u013enavos\u0165 nez\u00e1visle na atmosf\u00e9rick\u00fdch podmienkach.<\/p>\n<p>V ponuke DACO Germany sa nach\u00e1dzaj\u00fa jednor\u00farkov\u00e9, dvojr\u00farkov\u00e9 tlmi\u010de a vzpery MacPherson spolu s konzolami pru\u017e\u00edn.[\/vc_column_text][vc_message message_box_style=&#8220;solid&#8220; message_box_color=&#8220;grey&#8220; icon_type=&#8220;pixelicons&#8220; icon_pixelicons=&#8220;vc_pixel_icon vc_pixel_icon-tick&#8220;]Viac ne\u017e <strong>1000 polo\u017eiek<\/strong> v ponuke a neust\u00e1le zav\u00e1dzame novinky![\/vc_message][vc_message message_box_style=&#8220;solid&#8220; message_box_color=&#8220;grey&#8220; icon_type=&#8220;pixelicons&#8220; icon_pixelicons=&#8220;vc_pixel_icon vc_pixel_icon-tick&#8220;]<strong>Kvalita OE<\/strong> v\u010faka neust\u00e1lej kontrole kvality a najlep\u0161\u00edm materi\u00e1lom![\/vc_message][vc_message message_box_style=&#8220;solid&#8220; message_box_color=&#8220;grey&#8220; icon_type=&#8220;pixelicons&#8220; icon_pixelicons=&#8220;vc_pixel_icon vc_pixel_icon-tick&#8220;]<strong>Jazdn\u00fd komfort<\/strong> bez oh\u013eadu na podmienky panuj\u00face na cest\u00e1ch![\/vc_message][\/vc_column][\/vc_row]<\/p>\n","protected":false},"excerpt":{"rendered":"<p>[vc_row css=&#8220;.vc_custom_1459352824702{padding-bottom: 40px !important;}&#8220;][vc_column][vc_custom_heading text=&#8220;Perfektn\u00e1 pri\u013enavos\u0165 a zaru\u010den\u00fd jazdn\u00fd komfort&#8220; use_theme_fonts=&#8220;yes&#8220;][vc_separator][vc_column_text]Tlmi\u010de s\u00fa vlajkov\u00fdm v\u00fdrobkom zna\u010dky DACO. V na\u0161ej ponuke n\u00e1jdete viac ne\u017e 1000 polo\u017eiek pre osobn\u00e9 automobily a pre dod\u00e1vky. Modern\u00e9 technick\u00e9 rie\u0161enia a z\u00e1rove\u0148 pr\u00edsna kontrola kvality zais\u0165uj\u00fa vysok\u00fd jazdn\u00fd komfort a skvel\u00e9 parametre tlmenia. Tlmi\u010de DACO zaru\u010duj\u00fa neust\u00e1ly kontakt kolies s povrchom a [&hellip;]<\/p>\n","protected":false},"author":1,"featured_media":0,"parent":0,"menu_order":0,"comment_status":"open","ping_status":"open","template":"","meta":[],"_links":{"self":[{"href":"http:\/\/daco-germany.de\/sk\/wp-json\/wp\/v2\/pages\/2839"}],"collection":[{"href":"http:\/\/daco-germany.de\/sk\/wp-json\/wp\/v2\/pages"}],"about":[{"href":"http:\/\/daco-germany.de\/sk\/wp-json\/wp\/v2\/types\/page"}],"author":[{"embeddable":true,"href":"http:\/\/daco-germany.de\/sk\/wp-json\/wp\/v2\/users\/1"}],"replies":[{"embeddable":true,"href":"http:\/\/daco-germany.de\/sk\/wp-json\/wp\/v2\/comments?post=2839"}],"version-history":[{"count":3,"href":"http:\/\/daco-germany.de\/sk\/wp-json\/wp\/v2\/pages\/2839\/revisions"}],"predecessor-version":[{"id":3296,"href":"http:\/\/daco-germany.de\/sk\/wp-json\/wp\/v2\/pages\/2839\/revisions\/3296"}],"wp:attachment":[{"href":"http:\/\/daco-germany.de\/sk\/wp-json\/wp\/v2\/media?parent=2839"}],"curies":[{"name":"wp","href":"https:\/\/api.w.org\/{rel}","templated":true}]}}