{"id":3446,"date":"2024-12-04T11:28:43","date_gmt":"2024-12-04T11:28:43","guid":{"rendered":"https:\/\/daco-germany.de\/?page_id=3446"},"modified":"2024-12-04T11:37:23","modified_gmt":"2024-12-04T11:37:23","slug":"daco-gpsr","status":"publish","type":"page","link":"http:\/\/daco-germany.de\/pl\/daco-gpsr\/","title":{"rendered":"GPSR"},"content":{"rendered":"<p>[vc_row][vc_column][vc_column_text]<strong>Informacje o Producencie i Osobie Odpowiedzialnej<\/strong><\/p>\n<p>W trosce o zgodno\u015b\u0107 z unijnym Rozporz\u0105dzeniem w sprawie Og\u00f3lnego Bezpiecze\u0144stwa Produkt\u00f3w (GPSR), przedstawiamy dane producenta oraz osoby odpowiedzialnej za wprowadzane na rynek produkty marki DACO. Naszym celem jest zapewnienie pe\u0142nej przejrzysto\u015bci oraz najwy\u017cszego poziomu bezpiecze\u0144stwa oferowanych produkt\u00f3w. Osoba odpowiedzialna dzia\u0142a w ramach Unii Europejskiej i jest uprawniona do utrzymywania dokumentacji technicznej, monitorowania zgodno\u015bci produkt\u00f3w z przepisami oraz wsp\u00f3\u0142pracy z organami nadzoru rynku. Dzi\u0119ki temu nasi klienci mog\u0105 mie\u0107 pewno\u015b\u0107, \u017ce ka\u017cdy produkt spe\u0142nia wymagane standardy jako\u015bci i bezpiecze\u0144stwa.<\/p>\n<p>Je\u015bli masz pytania dotycz\u0105ce naszych produkt\u00f3w lub ich zgodno\u015bci z przepisami, zapraszamy do kontaktu!<\/p>\n<p><strong>Producent<\/strong><br \/>\nNazwa: Wojciech Rzepka DACO Group Sp. K.<br \/>\nAdres: Ul. Centralna 55 31-586 Krak\u00f3w<br \/>\nNumer NIP: 6751719663<br \/>\nEmail: &#111;f&#x66;i&#x63;e&#x40;d&#x61;c&#x6f;-&#x67;&#101;&#x72;&#109;a&#110;y&#x2e;d&#x65;<\/p>\n<p><strong>Osoba odpowiedzialna<\/strong><br \/>\nNazwa: Wojciech Rzepka DACO Group Sp. K.<br \/>\nAdres: Ul. Centralna 55 31-586 Krak\u00f3w<br \/>\nNumer NIP: 6751719663<br \/>\nEmail: &#x67;&#112;s&#x72;&#x40;&#100;a&#x63;&#x6f;&#45;g&#x65;&#x72;ma&#x6e;&#x79;.d&#x65;[\/vc_column_text][\/vc_column][\/vc_row]<\/p>\n","protected":false},"excerpt":{"rendered":"<p>[vc_row][vc_column][vc_column_text]Informacje o Producencie i Osobie Odpowiedzialnej W trosce o zgodno\u015b\u0107 z unijnym Rozporz\u0105dzeniem w sprawie Og\u00f3lnego Bezpiecze\u0144stwa Produkt\u00f3w (GPSR), przedstawiamy dane producenta oraz osoby odpowiedzialnej za wprowadzane na rynek produkty marki DACO. Naszym celem jest zapewnienie pe\u0142nej przejrzysto\u015bci oraz najwy\u017cszego poziomu bezpiecze\u0144stwa oferowanych produkt\u00f3w. Osoba odpowiedzialna dzia\u0142a w ramach Unii Europejskiej i jest uprawniona do [&hellip;]<\/p>\n","protected":false},"author":1,"featured_media":0,"parent":0,"menu_order":0,"comment_status":"closed","ping_status":"closed","template":"","meta":[],"_links":{"self":[{"href":"http:\/\/daco-germany.de\/pl\/wp-json\/wp\/v2\/pages\/3446"}],"collection":[{"href":"http:\/\/daco-germany.de\/pl\/wp-json\/wp\/v2\/pages"}],"about":[{"href":"http:\/\/daco-germany.de\/pl\/wp-json\/wp\/v2\/types\/page"}],"author":[{"embeddable":true,"href":"http:\/\/daco-germany.de\/pl\/wp-json\/wp\/v2\/users\/1"}],"replies":[{"embeddable":true,"href":"http:\/\/daco-germany.de\/pl\/wp-json\/wp\/v2\/comments?post=3446"}],"version-history":[{"count":4,"href":"http:\/\/daco-germany.de\/pl\/wp-json\/wp\/v2\/pages\/3446\/revisions"}],"predecessor-version":[{"id":3454,"href":"http:\/\/daco-germany.de\/pl\/wp-json\/wp\/v2\/pages\/3446\/revisions\/3454"}],"wp:attachment":[{"href":"http:\/\/daco-germany.de\/pl\/wp-json\/wp\/v2\/media?parent=3446"}],"curies":[{"name":"wp","href":"https:\/\/api.w.org\/{rel}","templated":true}]}}