{"id":2683,"date":"2016-04-27T15:19:36","date_gmt":"2016-04-27T15:19:36","guid":{"rendered":"http:\/\/daco-germany.de\/?page_id=2683"},"modified":"2016-04-27T15:23:43","modified_gmt":"2016-04-27T15:23:43","slug":"polityka-cookies","status":"publish","type":"page","link":"http:\/\/daco-germany.de\/pl\/polityka-cookies\/","title":{"rendered":"Polityka cookies"},"content":{"rendered":"<p>[vc_row][vc_column][vc_column_text]Korzystanie z Serwisu, kt\u00f3rych administratorem jest Firma Handlowa Rzepka Wojciech Rzepka, jest r\u00f3wnoznaczne z akceptacj\u0105 poni\u017cej Polityki Cookies.<\/p>\n<p>Firma Handlowa Rzepka Wojciech Rzepka szanuje prawo U\u017cytkownik\u00f3w do prywatno\u015bci korzystaj\u0105cych z naszego Serwisu, stosuje odpowiednie rozwi\u0105zania technologiczne, kt\u00f3re zapobiegaj\u0105 ingerencji os\u00f3b trzecich w prywatno\u015b\u0107 U\u017cytkownik\u00f3w. Niniejsza polityka zawiera podstawowe informacje dotycz\u0105ce wykorzystywania plik\u00f3w cookies w naszym Serwisie.<\/p>\n<p><strong>Pliki cookies<\/strong><\/p>\n<p>Serwis wykorzystuje pliki cookies (tzw. \u201eciasteczka\u201d).\u00a0 Pliki cookies to dane informatyczne (zazwyczaj maj\u0105ce posta\u0107 plik\u00f3w tekstowych), kt\u00f3re przechowywane s\u0105 w urz\u0105dzeniu ko\u0144cowym U\u017cytkownika tak by odczyta\u0107 je ponownie przy ka\u017cdorazowym po\u0142\u0105czeniu si\u0119 z Serwisem, z tego urz\u0105dzenia ko\u0144cowego. Pliki cookies s\u0105 ustawiane przy \u201ewej\u015bciu\u201d i \u201ewyj\u015bciu\u201d z Serwisu, nie s\u0105 wykorzystywane do ustalania to\u017csamo\u015bci U\u017cytkownik\u00f3w ani nie wp\u0142ywaj\u0105 na dzia\u0142anie urz\u0105dzenia ko\u0144cowego, jego oprogramowania, ani nie maj\u0105 negatywnego wp\u0142ywu na jego funkcjonowanie.<\/p>\n<p>Pliki cookies wykorzystywane s\u0105 w celu:<\/p>\n<ol style=\"margin-left: 30px;\">\n<li>optymalizacja wy\u015bwietle\u0144 ;<\/li>\n<li>potwierdzenia statystyk dotycz\u0105cych Serwisu;<\/li>\n<li>umo\u017cliwienie zalogowania si\u0119 U\u017cytkownika do Serwisu i utrzymania tzw. sesji, dzi\u0119ki czemu nie jest konieczne ponowne logowanie si\u0119 na ka\u017cdej podstronie Serwisu;<\/li>\n<li>potwierdzenie, \u017ce U\u017cytkownikowi Serwisu zosta\u0142 wy\u015bwietlony komunikat dotycz\u0105cy cookies<\/li>\n<li>rozpoznawanie urz\u0105dzenia ko\u0144cowego U\u017cytkownika w celu wy\u015bwietlenia Serwisu w wersji mobilnej, w przypadku gdy U\u017cytkownik korzysta z urz\u0105dzenia przeno\u015bnego (np. Smartfon)<\/li>\n<li>badania preferencji U\u017cytkownik\u00f3w Serwisu w celu dostosowania naszych produkt\u00f3w i us\u0142ug oraz ich prezentacji na witrynie internetowej w spos\u00f3b odpowiadaj\u0105cy tym preferencjom.<\/li>\n<\/ol>\n<p>W Serwisie u\u017cywane s\u0105 tzw. \u201ew\u0142asne\u201d cookies (umieszcza je i uzyskuje do nich dost\u0119p Firma Handlowa Rzepka Wojciech Rzepka) oraz tzw. \u201ezewn\u0119trzne\u201d cookies ( umieszczaj\u0105 je podmioty trzecie). Wi\u0119cej na temat tego czym s\u0105 cookies mo\u017cna uzyska\u0107 pod adresem htpp:\/\/wszystkoociasteczkach.pl (j\u0119zyk polski) oraz <a href=\"http:\/\/www.aboutcookies.org\">www.aboutcookies.org<\/a> (j\u0119zyk angielski).<\/p>\n<p><strong>Okre\u015blenie warunk\u00f3w przechowywania oraz uzyskania dost\u0119pu do informacji zawartych w plikach cookies.<\/strong><\/p>\n<p>U\u017cytkownicy mog\u0105 okre\u015bli\u0107 warunki przechowywania i uzyskiwania dost\u0119pu do plik\u00f3w cookies za pomoc\u0105 ustawie\u0144 swojej przegl\u0105darki internetowej. Co do zasady poszczeg\u00f3lne przegl\u0105darki daj\u0105 mo\u017cliwo\u015b\u0107 ca\u0142kowitego lub cz\u0119\u015bciowego wy\u0142\u0105czenia mo\u017cliwo\u015bci przechowywania pik\u00f3w cookies w urz\u0105dzeniu U\u017cytkownika. Ca\u0142kowite lub cz\u0119\u015bciowe wy\u0142\u0105czenia mo\u017cliwo\u015bci przechowywania pik\u00f3w cookies w urz\u0105dzeniu U\u017cytkownika mo\u017ce spowodowa\u0107, \u017ce nie wszystkie aplikacje naszego Serwisu b\u0119d\u0105 dzia\u0142a\u0142y w spos\u00f3b poprawny oraz niedost\u0119pno\u015b\u0107 wybranych zak\u0142adek. Informacje o ustawieniach dotycz\u0105cych plik\u00f3w cookies, w tym funkcje wy\u0142\u0105czenia mo\u017cliwo\u015bci przechowywania pik\u00f3w cookies w urz\u0105dzeniu mo\u017cna znale\u017a\u0107 \u201eopcjach\u201d (ang. options), \u201eustawieniach\u201d (ang. setting), \u201epreferencjach\u201d (ang. preferances) wykorzystywanej przegl\u0105darki internetowej. W razie w\u0105tpliwo\u015bci lub w celu uzyskania szczeg\u00f3\u0142owych informacji nale\u017cy wykorzysta\u0107 opcj\u0119 \u201epomoc\u201d wykorzystywanej przegl\u0105darki.<\/p>\n<p><strong>Zgoda na przechowywanie plik\u00f3w cookies. <\/strong><\/p>\n<p>Przechowywanie plik\u00f3w cookies oraz uzyskiwanie do nich dost\u0119pu wymaga zgody U\u017cytkownika. Taka zgoda mo\u017ce by\u0107 wyra\u017cona za pomoc\u0105 ustawie\u0144 przegl\u0105darki internetowej. Ustawienia przegl\u0105darki internetowej w spos\u00f3b umo\u017cliwiaj\u0105cy wykorzystywanie cookies przez Serwis oznacza zgod\u0119 U\u017cytkownika na stosowanie cookies. Je\u017celi U\u017cytkownik chce cofn\u0105\u0107 zgod\u0119 na przechowywanie plik\u00f3w cookies w jego urz\u0105dzeniu, mo\u017ce to uczyni\u0107 w ten spos\u00f3b, ze samodzielnie usunie zainstalowane pliki cookies poprzez odpowiednie wykorzystanie ustawie\u0144 wykorzystywanej przegl\u0105darki. Informujemy, \u017ce ograniczenie stosowania plik\u00f3w cookies\u00a0 mog\u0105 uniemo\u017cliwi\u0107 prawid\u0142owe funkcjonowanie Serwisu.<\/p>\n<p>Niniejsza Polityka nie dotyczy innych serwis\u00f3w i firm, kt\u00f3rych dane kontaktowe podawane s\u0105 w Serwisie. Je\u015bli w Serwisie zawarte s\u0105 linki do innych stron internetowych, to Firma zastrzega, i\u017c nie ponosi odpowiedzialno\u015bci za polityk\u0119 stosowan\u0105 przez w\u0142a\u015bcicieli domen i stron internetowych.[\/vc_column_text][\/vc_column][\/vc_row]<\/p>\n","protected":false},"excerpt":{"rendered":"<p>[vc_row][vc_column][vc_column_text]Korzystanie z Serwisu, kt\u00f3rych administratorem jest Firma Handlowa Rzepka Wojciech Rzepka, jest r\u00f3wnoznaczne z akceptacj\u0105 poni\u017cej Polityki Cookies. Firma Handlowa Rzepka Wojciech Rzepka szanuje prawo U\u017cytkownik\u00f3w do prywatno\u015bci korzystaj\u0105cych z naszego Serwisu, stosuje odpowiednie rozwi\u0105zania technologiczne, kt\u00f3re zapobiegaj\u0105 ingerencji os\u00f3b trzecich w prywatno\u015b\u0107 U\u017cytkownik\u00f3w. Niniejsza polityka zawiera podstawowe informacje dotycz\u0105ce wykorzystywania plik\u00f3w cookies w naszym [&hellip;]<\/p>\n","protected":false},"author":1,"featured_media":0,"parent":0,"menu_order":0,"comment_status":"closed","ping_status":"closed","template":"","meta":[],"_links":{"self":[{"href":"http:\/\/daco-germany.de\/pl\/wp-json\/wp\/v2\/pages\/2683"}],"collection":[{"href":"http:\/\/daco-germany.de\/pl\/wp-json\/wp\/v2\/pages"}],"about":[{"href":"http:\/\/daco-germany.de\/pl\/wp-json\/wp\/v2\/types\/page"}],"author":[{"embeddable":true,"href":"http:\/\/daco-germany.de\/pl\/wp-json\/wp\/v2\/users\/1"}],"replies":[{"embeddable":true,"href":"http:\/\/daco-germany.de\/pl\/wp-json\/wp\/v2\/comments?post=2683"}],"version-history":[{"count":0,"href":"http:\/\/daco-germany.de\/pl\/wp-json\/wp\/v2\/pages\/2683\/revisions"}],"wp:attachment":[{"href":"http:\/\/daco-germany.de\/pl\/wp-json\/wp\/v2\/media?parent=2683"}],"curies":[{"name":"wp","href":"https:\/\/api.w.org\/{rel}","templated":true}]}}