{"id":2639,"date":"2016-03-30T16:35:23","date_gmt":"2016-03-30T16:35:23","guid":{"rendered":"http:\/\/daco-germany.de\/?page_id=2639"},"modified":"2016-07-28T21:51:19","modified_gmt":"2016-07-28T21:51:19","slug":"sprezyny-gazowe","status":"publish","type":"page","link":"http:\/\/daco-germany.de\/pl\/sprezyny-gazowe\/","title":{"rendered":"Spr\u0119\u017cyny gazowe"},"content":{"rendered":"<p>[vc_row][vc_column css=&#8221;.vc_custom_1469742705541{padding-bottom: 40px !important;}&#8221;][vc_custom_heading text=&#8221;D\u0142uga \u017cywotno\u015b\u0107 oraz niezawodno\u015b\u0107 dzia\u0142ania&#8221; use_theme_fonts=&#8221;yes&#8221;][vc_separator][vc_column_text]Spr\u0119\u017cyny gazowe, nazywane r\u00f3wnie\u017c si\u0142ownikami, u\u0142atwiaj\u0105 podnoszenie\u00a0drzwi, klap oraz innych element\u00f3w.<\/p>\n<p>DACO Germany posiada w swojej ofercie <strong>niemal 500 r\u00f3\u017cnych zastosowa\u0144<\/strong> do samochod\u00f3w osobowych i dostawczych. Oferta obejmuje zar\u00f3wno spr\u0119\u017cyny\u00a0z t\u0142umieniem dynamicznym i hydraulicznym.<\/p>\n<p>Ka\u017cda spr\u0119\u017cyna sk\u0142ada si\u0119 z cylindra ci\u015bnieniowego oraz t\u0142oczyska zako\u0144czonego odpowiednim mocowaniem.\u00a0Cylinder jest wype\u0142niony spr\u0119\u017conym azotem, kt\u00f3ry\u00a0powoduje\u00a0ci\u015bnienie r\u00f3wne po obu stronach t\u0142oka.<\/p>\n<p><strong>Jako\u015b\u0107 spr\u0119\u017cyn gazowych DACO Germany<\/strong> osi\u0105gni\u0119ta zosta\u0142a dzi\u0119ki zaawansowanemu procesowi, dzi\u0119ki kt\u00f3remu si\u0142owniki posiadaj\u0105 <strong>d\u0142ug\u0105 \u017cywotno\u015b\u0107 i niezawodno\u015b\u0107.<\/strong>[\/vc_column_text][vc_message message_box_style=&#8221;solid&#8221; message_box_color=&#8221;grey&#8221; icon_type=&#8221;pixelicons&#8221; icon_pixelicons=&#8221;vc_pixel_icon vc_pixel_icon-tick&#8221;]<strong>500 zastosowa\u0144<\/strong> do samochod\u00f3w osobowych i dostawczych![\/vc_message][vc_message message_box_style=&#8221;solid&#8221; message_box_color=&#8221;grey&#8221; icon_type=&#8221;pixelicons&#8221; icon_pixelicons=&#8221;vc_pixel_icon vc_pixel_icon-tick&#8221;]Si\u0142owniki t\u0142umione w <strong>spos\u00f3b hydrauliczny i dynamiczny<\/strong>![\/vc_message][vc_message message_box_style=&#8221;solid&#8221; message_box_color=&#8221;grey&#8221; icon_type=&#8221;pixelicons&#8221; icon_pixelicons=&#8221;vc_pixel_icon vc_pixel_icon-tick&#8221;]<strong>Wysoka jako\u015b\u0107<\/strong> dzi\u0119ki zaawansowanemu procesowi produkcji![\/vc_message][\/vc_column][\/vc_row]<\/p>\n","protected":false},"excerpt":{"rendered":"<p>[vc_row][vc_column css=&#8221;.vc_custom_1469742705541{padding-bottom: 40px !important;}&#8221;][vc_custom_heading text=&#8221;D\u0142uga \u017cywotno\u015b\u0107 oraz niezawodno\u015b\u0107 dzia\u0142ania&#8221; use_theme_fonts=&#8221;yes&#8221;][vc_separator][vc_column_text]Spr\u0119\u017cyny gazowe, nazywane r\u00f3wnie\u017c si\u0142ownikami, u\u0142atwiaj\u0105 podnoszenie\u00a0drzwi, klap oraz innych element\u00f3w. DACO Germany posiada w swojej ofercie niemal 500 r\u00f3\u017cnych zastosowa\u0144 do samochod\u00f3w osobowych i dostawczych. Oferta obejmuje zar\u00f3wno spr\u0119\u017cyny\u00a0z t\u0142umieniem dynamicznym i hydraulicznym. Ka\u017cda spr\u0119\u017cyna sk\u0142ada si\u0119 z cylindra ci\u015bnieniowego oraz t\u0142oczyska zako\u0144czonego odpowiednim mocowaniem.\u00a0Cylinder [&hellip;]<\/p>\n","protected":false},"author":1,"featured_media":0,"parent":0,"menu_order":0,"comment_status":"closed","ping_status":"closed","template":"","meta":[],"_links":{"self":[{"href":"http:\/\/daco-germany.de\/pl\/wp-json\/wp\/v2\/pages\/2639"}],"collection":[{"href":"http:\/\/daco-germany.de\/pl\/wp-json\/wp\/v2\/pages"}],"about":[{"href":"http:\/\/daco-germany.de\/pl\/wp-json\/wp\/v2\/types\/page"}],"author":[{"embeddable":true,"href":"http:\/\/daco-germany.de\/pl\/wp-json\/wp\/v2\/users\/1"}],"replies":[{"embeddable":true,"href":"http:\/\/daco-germany.de\/pl\/wp-json\/wp\/v2\/comments?post=2639"}],"version-history":[{"count":0,"href":"http:\/\/daco-germany.de\/pl\/wp-json\/wp\/v2\/pages\/2639\/revisions"}],"wp:attachment":[{"href":"http:\/\/daco-germany.de\/pl\/wp-json\/wp\/v2\/media?parent=2639"}],"curies":[{"name":"wp","href":"https:\/\/api.w.org\/{rel}","templated":true}]}}