{"id":2342,"date":"2015-11-16T19:13:03","date_gmt":"2015-11-16T19:13:03","guid":{"rendered":"http:\/\/daco-germany.de\/?page_id=2342"},"modified":"2018-09-09T14:25:18","modified_gmt":"2018-09-09T14:25:18","slug":"odboje","status":"publish","type":"page","link":"http:\/\/daco-germany.de\/pl\/odboje\/","title":{"rendered":"Odboje i os\u0142ony"},"content":{"rendered":"<p>[vc_row][vc_column css=&#8221;.vc_custom_1469786819088{padding-bottom: 50px !important;}&#8221;][vc_custom_heading text=&#8221;Niezawodna ochrona amortyzatora&#8221; use_theme_fonts=&#8221;yes&#8221;][vc_separator][vc_column_text][\/vc_column_text][vc_column_text]DACO Germany jest producentem zestaw\u00f3w ochronnych amortyzatora, na kt\u00f3re sk\u0142adaj\u0105 si\u0119 z odboje i os\u0142ony. W ofercie posiadamy <strong>150 referencji<\/strong> do samochod\u00f3w osobowych i dostawczych.<\/p>\n<p>Odboje i os\u0142ony zabezpieczaj\u0105 t\u0142ok amortyzatora przed uszkodzeniami oraz <strong>zabezpieczaj\u0105 go przed kurzem oraz wilgoci\u0105<\/strong>. Dzi\u0119ki zestawom ochronnym zwi\u0119ksza si\u0119 \u017cywotno\u015b\u0107 amortyzatora.<\/p>\n<p>Odboje i os\u0142ony marki DACO Germany <strong>produkowane s\u0105 z mieszanek o bardzo wysokiej jako\u015bci.<\/strong> Wytrzyma\u0142o\u015b\u0107 zestaw\u00f3w ochronnych marki jest por\u00f3wnywalna z zestawami montowanymi oryginalnie.<\/p>\n<p>Zalecamy wymian\u0119 zestaw\u00f3w ochronnych przy ka\u017cdej wymianie amortyzator\u00f3w.[\/vc_column_text][vc_message message_box_color=&#8221;grey&#8221; icon_type=&#8221;pixelicons&#8221; icon_pixelicons=&#8221;vc_pixel_icon vc_pixel_icon-tick&#8221;]<strong>150 r\u00f3\u017cnych zastosowa\u0144<\/strong> do samochod\u00f3w osobowych i dostawczych![\/vc_message][vc_message message_box_color=&#8221;grey&#8221; icon_type=&#8221;pixelicons&#8221; icon_pixelicons=&#8221;vc_pixel_icon vc_pixel_icon-tick&#8221;]<strong>Doskona\u0142e zabezpieczenie\u00a0<\/strong>t\u0142oka amortyzatora przed kurzem i wilgoci\u0105![\/vc_message][vc_message message_box_color=&#8221;grey&#8221; icon_type=&#8221;pixelicons&#8221; icon_pixelicons=&#8221;vc_pixel_icon vc_pixel_icon-tick&#8221;]Odboje i os\u0142ony produkowane z\u00a0<strong>mieszanek o wysokiej jako\u015bci!<\/strong>[\/vc_message][\/vc_column][\/vc_row]<\/p>\n","protected":false},"excerpt":{"rendered":"<p>[vc_row][vc_column css=&#8221;.vc_custom_1469786819088{padding-bottom: 50px !important;}&#8221;][vc_custom_heading text=&#8221;Niezawodna ochrona amortyzatora&#8221; use_theme_fonts=&#8221;yes&#8221;][vc_separator][vc_column_text][\/vc_column_text][vc_column_text]DACO Germany jest producentem zestaw\u00f3w ochronnych amortyzatora, na kt\u00f3re sk\u0142adaj\u0105 si\u0119 z odboje i os\u0142ony. W ofercie posiadamy 150 referencji do samochod\u00f3w osobowych i dostawczych. Odboje i os\u0142ony zabezpieczaj\u0105 t\u0142ok amortyzatora przed uszkodzeniami oraz zabezpieczaj\u0105 go przed kurzem oraz wilgoci\u0105. Dzi\u0119ki zestawom ochronnym zwi\u0119ksza si\u0119 \u017cywotno\u015b\u0107 amortyzatora. Odboje [&hellip;]<\/p>\n","protected":false},"author":1,"featured_media":0,"parent":0,"menu_order":0,"comment_status":"closed","ping_status":"closed","template":"","meta":[],"_links":{"self":[{"href":"http:\/\/daco-germany.de\/pl\/wp-json\/wp\/v2\/pages\/2342"}],"collection":[{"href":"http:\/\/daco-germany.de\/pl\/wp-json\/wp\/v2\/pages"}],"about":[{"href":"http:\/\/daco-germany.de\/pl\/wp-json\/wp\/v2\/types\/page"}],"author":[{"embeddable":true,"href":"http:\/\/daco-germany.de\/pl\/wp-json\/wp\/v2\/users\/1"}],"replies":[{"embeddable":true,"href":"http:\/\/daco-germany.de\/pl\/wp-json\/wp\/v2\/comments?post=2342"}],"version-history":[{"count":1,"href":"http:\/\/daco-germany.de\/pl\/wp-json\/wp\/v2\/pages\/2342\/revisions"}],"predecessor-version":[{"id":3308,"href":"http:\/\/daco-germany.de\/pl\/wp-json\/wp\/v2\/pages\/2342\/revisions\/3308"}],"wp:attachment":[{"href":"http:\/\/daco-germany.de\/pl\/wp-json\/wp\/v2\/media?parent=2342"}],"curies":[{"name":"wp","href":"https:\/\/api.w.org\/{rel}","templated":true}]}}