{"id":2,"date":"2015-11-01T16:49:16","date_gmt":"2015-11-01T16:49:16","guid":{"rendered":"http:\/\/daco-germany.de\/?page_id=2"},"modified":"2018-09-09T13:32:35","modified_gmt":"2018-09-09T13:32:35","slug":"amortyzatory","status":"publish","type":"page","link":"http:\/\/daco-germany.de\/pl\/amortyzatory\/","title":{"rendered":"Amortyzatory"},"content":{"rendered":"<p>[vc_row css=&#8221;.vc_custom_1459352824702{padding-bottom: 40px !important;}&#8221;][vc_column][vc_custom_heading text=&#8221;Perfekcyjna przyczepno\u015b\u0107 i gwarantowany komfort jazdy&#8221; use_theme_fonts=&#8221;yes&#8221;][vc_separator][vc_column_text]<strong>Amortyzatory<\/strong> to produkt flagowy marki <strong>DACO<\/strong>. W naszej ofercie znajduje si\u0119 ponad <strong>1000 referencji<\/strong> do samochod\u00f3w osobowych oraz dostawczych.<\/p>\n<p>Nowoczesne rozwi\u0105zania techniczne, przy jednoczesnej rygorystycznej kontroli jako\u015bci, zapewniaj\u0105 <strong>wysoki komfort jazdy<\/strong> oraz <strong>\u015bwietne parametry t\u0142umienia<\/strong>. Amortyzatory DACO gwarantuj\u0105 sta\u0142y kontakt k\u00f3\u0142 z nawierzchni\u0105 oraz skr\u00f3cenie czasu hamowania.<\/p>\n<p>Jako\u015b\u0107 amortyzator\u00f3w DACO por\u00f3wnywalna jest z oryginalnym wyposa\u017ceniem. Dzi\u0119ki nim pojazd zachowuje perfekcyjn\u0105 przyczepno\u015b\u0107 niezale\u017cnie od warunk\u00f3w atmosferycznych.<\/p>\n<p>W ofercie DACO Germany znajduj\u0105 si\u0119 amortyzatory jednorurkowe, dwururkowe oraz kolumny amortyzator\u00f3w wraz ze wspornikami spr\u0119\u017cyn.[\/vc_column_text][vc_message message_box_style=&#8221;solid&#8221; message_box_color=&#8221;grey&#8221; icon_type=&#8221;pixelicons&#8221; icon_pixelicons=&#8221;vc_pixel_icon vc_pixel_icon-tick&#8221;]Ponad<strong> 1000 referencji<\/strong> w ofercie i stale wprowadzane nowo\u015bci![\/vc_message][vc_message message_box_style=&#8221;solid&#8221; message_box_color=&#8221;grey&#8221; icon_type=&#8221;pixelicons&#8221; icon_pixelicons=&#8221;vc_pixel_icon vc_pixel_icon-tick&#8221;]<strong>Jako\u015b\u0107\u00a0OE<\/strong> dzi\u0119ki sta\u0142ej kontroli jako\u015bci oraz najlepszym materia\u0142om![\/vc_message][vc_message message_box_style=&#8221;solid&#8221; message_box_color=&#8221;grey&#8221; icon_type=&#8221;pixelicons&#8221; icon_pixelicons=&#8221;vc_pixel_icon vc_pixel_icon-tick&#8221;]<strong>Komfort jazdy<\/strong> bez wzgl\u0119du na warunki panuj\u0105ce na drogach![\/vc_message][\/vc_column][\/vc_row]<\/p>\n","protected":false},"excerpt":{"rendered":"<p>[vc_row css=&#8221;.vc_custom_1459352824702{padding-bottom: 40px !important;}&#8221;][vc_column][vc_custom_heading text=&#8221;Perfekcyjna przyczepno\u015b\u0107 i gwarantowany komfort jazdy&#8221; use_theme_fonts=&#8221;yes&#8221;][vc_separator][vc_column_text]Amortyzatory to produkt flagowy marki DACO. W naszej ofercie znajduje si\u0119 ponad 1000 referencji do samochod\u00f3w osobowych oraz dostawczych. Nowoczesne rozwi\u0105zania techniczne, przy jednoczesnej rygorystycznej kontroli jako\u015bci, zapewniaj\u0105 wysoki komfort jazdy oraz \u015bwietne parametry t\u0142umienia. Amortyzatory DACO gwarantuj\u0105 sta\u0142y kontakt k\u00f3\u0142 z nawierzchni\u0105 oraz skr\u00f3cenie [&hellip;]<\/p>\n","protected":false},"author":1,"featured_media":0,"parent":0,"menu_order":0,"comment_status":"open","ping_status":"open","template":"","meta":[],"_links":{"self":[{"href":"http:\/\/daco-germany.de\/pl\/wp-json\/wp\/v2\/pages\/2"}],"collection":[{"href":"http:\/\/daco-germany.de\/pl\/wp-json\/wp\/v2\/pages"}],"about":[{"href":"http:\/\/daco-germany.de\/pl\/wp-json\/wp\/v2\/types\/page"}],"author":[{"embeddable":true,"href":"http:\/\/daco-germany.de\/pl\/wp-json\/wp\/v2\/users\/1"}],"replies":[{"embeddable":true,"href":"http:\/\/daco-germany.de\/pl\/wp-json\/wp\/v2\/comments?post=2"}],"version-history":[{"count":3,"href":"http:\/\/daco-germany.de\/pl\/wp-json\/wp\/v2\/pages\/2\/revisions"}],"predecessor-version":[{"id":3293,"href":"http:\/\/daco-germany.de\/pl\/wp-json\/wp\/v2\/pages\/2\/revisions\/3293"}],"wp:attachment":[{"href":"http:\/\/daco-germany.de\/pl\/wp-json\/wp\/v2\/media?parent=2"}],"curies":[{"name":"wp","href":"https:\/\/api.w.org\/{rel}","templated":true}]}}