{"id":15,"date":"2015-08-03T09:00:56","date_gmt":"2015-08-03T09:00:56","guid":{"rendered":"http:\/\/renovation.thememove.com\/demo\/?page_id=15"},"modified":"2019-07-10T13:34:42","modified_gmt":"2019-07-10T13:34:42","slug":"home-page-1","status":"publish","type":"page","link":"http:\/\/daco-germany.de\/pl\/","title":{"rendered":"Strona g\u0142\u00f3wna"},"content":{"rendered":"<p>[vc_row full_width=&#8221;stretch_row_content_no_spaces&#8221; css=&#8221;.vc_custom_1441358061785{margin-bottom: 0px !important;}&#8221;][vc_column][rev_slider_vc alias=&#8221;homepage-01&#8243;][\/vc_column][\/vc_row][vc_row css=&#8221;.vc_custom_1459352008943{padding-bottom: 0px !important;}&#8221; el_id=&#8221;oferta&#8221;][vc_column][vc_row_inner el_class=&#8221;heading-title-with-subtitle&#8221; css=&#8221;.vc_custom_1459352004767{margin-top: 100px !important;margin-bottom: 30px !important;}&#8221;][vc_column_inner][vc_custom_heading text=&#8221;Nasza oferta&#8221; font_container=&#8221;tag:h2|font_size:32|text_align:center|color:%23111111&#8243; use_theme_fonts=&#8221;yes&#8221; el_class=&#8221;heading-title&#8221;][\/vc_column_inner][\/vc_row_inner][\/vc_column][\/vc_row][vc_row el_class=&#8221;oferta&#8221;][vc_column width=&#8221;1\/4&#8243;][vc_single_image image=&#8221;2564&#8243; img_size=&#8221;200&#215;200&#8243; alignment=&#8221;center&#8221; onclick=&#8221;custom_link&#8221; css_animation=&#8221;left-to-right&#8221; link=&#8221;amortyzatory&#8221; css=&#8221;.vc_custom_1470233799157{margin-bottom: 0px !important;padding-bottom: 20px !important;}&#8221;][vc_separator color=&#8221;juicy_pink&#8221; border_width=&#8221;3&#8243; el_width=&#8221;30&#8243;][vc_raw_html]JTNDYSUyMGhyZWYlM0QlMjJhbW9ydHl6YXRvcnklMjIlM0UlM0NoMyUyMGNsYXNzJTNEJTIyYmZyJTIyJTNFQW1vcnR5emF0b3J5JTNDJTJGaDMlM0UlM0MlMkZhJTNF[\/vc_raw_html][\/vc_column][vc_column width=&#8221;1\/4&#8243;][vc_single_image image=&#8221;2566&#8243; img_size=&#8221;200&#215;200&#8243; alignment=&#8221;center&#8221; onclick=&#8221;custom_link&#8221; css_animation=&#8221;left-to-right&#8221; link=&#8221;klocki-hamulcowe&#8221; css=&#8221;.vc_custom_1456939332565{margin-bottom: 0px !important;padding-bottom: 20px !important;}&#8221;][vc_separator color=&#8221;juicy_pink&#8221; border_width=&#8221;3&#8243; el_width=&#8221;30&#8243;][vc_raw_html]JTNDYSUyMGhyZWYlM0QlMjJrbG9ja2ktaGFtdWxjb3dlJTIyJTNFJTNDaDMlMjBjbGFzcyUzRCUyMmJmciUyMiUzRUtsb2NraSUyMGhhbXVsY293ZSUzQyUyRmgzJTNFJTNDJTJGYSUzRQ==[\/vc_raw_html][\/vc_column][vc_column width=&#8221;1\/4&#8243;][vc_single_image image=&#8221;2563&#8243; img_size=&#8221;200&#215;200&#8243; alignment=&#8221;center&#8221; onclick=&#8221;custom_link&#8221; css_animation=&#8221;left-to-right&#8221; link=&#8221;odboje&#8221; css=&#8221;.vc_custom_1470233926371{margin-bottom: 0px !important;padding-bottom: 20px !important;}&#8221;][vc_separator color=&#8221;juicy_pink&#8221; border_width=&#8221;3&#8243; el_width=&#8221;30&#8243;][vc_raw_html]JTNDYSUyMGhyZWYlM0QlMjJvZGJvamUlMjIlM0UlM0NoMyUyMGNsYXNzJTNEJTIyYmZyJTIyJTNFT2Rib2plJTNDJTJGaDMlM0UlM0MlMkZhJTNF[\/vc_raw_html][\/vc_column][vc_column width=&#8221;1\/4&#8243;][vc_single_image image=&#8221;2677&#8243; img_size=&#8221;200&#215;200&#8243; alignment=&#8221;center&#8221; onclick=&#8221;custom_link&#8221; css_animation=&#8221;left-to-right&#8221; link=&#8221;sprezyny-gazowe&#8221; css=&#8221;.vc_custom_1461944908963{margin-bottom: 0px !important;padding-bottom: 20px !important;}&#8221;][vc_separator color=&#8221;juicy_pink&#8221; border_width=&#8221;3&#8243; el_width=&#8221;30&#8243;][vc_raw_html]JTNDYSUyMGhyZWYlM0QlMjJzcHJlenlueS1nYXpvd2UlMjIlM0UlM0NoMyUyMGNsYXNzJTNEJTIyYmZyJTIyJTNFU3ByJUM0JTk5JUM1JUJDeW55JTIwZ2F6b3dlJTNDJTJGaDMlM0UlM0MlMkZhJTNF[\/vc_raw_html][\/vc_column][\/vc_row][vc_row css=&#8221;.vc_custom_1457000890803{margin-bottom: 120px !important;padding-top: 10px !important;}&#8221; el_class=&#8221;oferta&#8221;][vc_column width=&#8221;1\/4&#8243;][vc_single_image image=&#8221;2562&#8243; img_size=&#8221;200&#215;200&#8243; alignment=&#8221;center&#8221; onclick=&#8221;custom_link&#8221; css_animation=&#8221;left-to-right&#8221; link=&#8221;sprezyny-zawieszenia&#8221; css=&#8221;.vc_custom_1456939340701{margin-bottom: 0px !important;padding-bottom: 20px !important;}&#8221;][vc_separator color=&#8221;juicy_pink&#8221; border_width=&#8221;3&#8243; el_width=&#8221;30&#8243;][vc_raw_html]JTNDYSUyMGhyZWYlM0QlMjJzcHJlenlueS16YXdpZXN6ZW5pYSUyMiUzRSUzQ2gzJTIwY2xhc3MlM0QlMjJiZnIlMjIlM0VTcHIlQzQlOTklQzUlQkN5bnklMjB6YXdpZXN6ZW5pYSUzQyUyRmgzJTNFJTNDJTJGYSUzRQ==[\/vc_raw_html][\/vc_column][vc_column width=&#8221;1\/4&#8243;][vc_single_image image=&#8221;2561&#8243; img_size=&#8221;200&#215;200&#8243; alignment=&#8221;center&#8221; onclick=&#8221;custom_link&#8221; css_animation=&#8221;left-to-right&#8221; link=&#8221;tarcze-i-bebny-hamulcowe&#8221; css=&#8221;.vc_custom_1461618920067{margin-bottom: 0px !important;padding-bottom: 20px !important;}&#8221;][vc_separator color=&#8221;juicy_pink&#8221; border_width=&#8221;3&#8243; el_width=&#8221;30&#8243;][vc_raw_html]JTNDYSUyMGhyZWYlM0QlMjJ0YXJjemUtaS1iZWJueS1oYW11bGNvd2UlMjIlM0UlM0NoMyUyMGNsYXNzJTNEJTIyYmZyJTIyJTNFVGFyY3plJTIwaSUyMGIlQzQlOTlibnklM0NiciUzRWhhbXVsY293ZSUzQyUyRmgzJTNFJTNDJTJGYSUzRQ==[\/vc_raw_html][\/vc_column][vc_column width=&#8221;1\/4&#8243;][vc_single_image image=&#8221;2560&#8243; img_size=&#8221;200&#215;200&#8243; alignment=&#8221;center&#8221; onclick=&#8221;custom_link&#8221; css_animation=&#8221;left-to-right&#8221; link=&#8221;zestawy-wahaczy&#8221; css=&#8221;.vc_custom_1456939347815{margin-bottom: 0px !important;padding-bottom: 20px !important;}&#8221;][vc_separator color=&#8221;juicy_pink&#8221; border_width=&#8221;3&#8243; el_width=&#8221;30&#8243;][vc_raw_html]JTNDYSUyMGhyZWYlM0QlMjJ6ZXN0YXd5LXdhaGFjenklMjIlM0UlM0NoMyUyMGNsYXNzJTNEJTIyYmZyJTIyJTNFWmVzdGF3JTIwd2FoYWN6eSUzQyUyRmgzJTNFJTNDJTJGYSUzRQ==[\/vc_raw_html][\/vc_column][vc_column width=&#8221;1\/4&#8243;][vc_single_image image=&#8221;3371&#8243; img_size=&#8221;200&#215;200&#8243; alignment=&#8221;center&#8221; onclick=&#8221;custom_link&#8221; css_animation=&#8221;left-to-right&#8221; link=&#8221;kontakt&#8221; css=&#8221;.vc_custom_1562765647120{margin-bottom: 0px !important;padding-bottom: 20px !important;}&#8221;][vc_separator color=&#8221;juicy_pink&#8221; border_width=&#8221;3&#8243; el_width=&#8221;30&#8243;][vc_raw_html]JTNDYSUyMGhyZWYlM0QlMjJrb250YWt0JTIyJTNFJTNDaDMlMjBjbGFzcyUzRCUyMmJmciUyMiUzRUFtb3J0eXphdG9yeSUyMHBuZXVtYXR5Y3puZSUzQyUyRmgzJTNFJTNDJTJGYSUzRQ==[\/vc_raw_html][\/vc_column][\/vc_row][vc_row full_width=&#8221;stretch_row&#8221; parallax=&#8221;content-moving&#8221; el_class=&#8221;we-are&#8221; css=&#8221;.vc_custom_1459353922437{margin-bottom: 0px !important;background-image: url(http:\/\/daco-germany.de\/wp-content\/uploads\/2015\/08\/Magazyn-1.jpg?id=2635) !important;}&#8221;][vc_column offset=&#8221;vc_col-lg-6&#8243;][vc_row_inner el_class=&#8221;heading-title-with-subtitle&#8221; css=&#8221;.vc_custom_1438826134213{margin-bottom: 30px !important;}&#8221;][vc_column_inner][vc_custom_heading text=&#8221;O DACO Germany&#8221; font_container=&#8221;tag:h2|font_size:32|text_align:left|color:%23111111|line_height:1.2&#8243; use_theme_fonts=&#8221;yes&#8221; el_class=&#8221;heading-title&#8221;][\/vc_column_inner][\/vc_row_inner][vc_column_text]DACO Germany to producent i dystrybutor wysokiej jako\u015bci cz\u0119\u015bci samochodowych do samochod\u00f3w osobowych i dostawczych. Od 18 lat dostarczamy nasze towary klientom w ca\u0142ej Europie. Produkcja cz\u0119\u015bci odbywa si\u0119 przy zachowaniu wysokich standard\u00f3w jako\u015bciowych i norm, co pozwoli\u0142o nam sta\u0107 si\u0119 zaufanym partnerem dla wielu europejskich firm.<\/p>\n<p>Naszym celem jest wychodzenie naprzeciw potrzeb naszych mi\u0119dzynarodowych partner\u00f3w w zakresie produkcji wysokojako\u015bciowych cz\u0119\u015bci samochodowych, profesjonalnej obs\u0142udze klienta oraz dystrybucji.<\/p>\n<p>Produkty DACO Germany gwarantuj\u0105 bezpiecze\u0144stwo i wytrzyma\u0142o\u015b\u0107 w najtrudniejszych warunkach eksploatacyjnych, zapewniaj\u0105c przy tym wysoki komfort jazdy.[\/vc_column_text][thememove_button add_icon=&#8221;yes&#8221; icon_fontawesome=&#8221;fa fa-angle-double-right&#8221; text=&#8221;Dowiedz si\u0119 wi\u0119cej&#8221; link=&#8221;url:http%3A%2F%2Fdaco-germany.de%2Fo-firmie%2F|title:Wi%C4%99cej|target:%20_blank&#8221;][\/vc_column][vc_column width=&#8221;1\/2&#8243; offset=&#8221;vc_hidden-md vc_hidden-sm vc_hidden-xs&#8221;][vc_column_text]<br \/>\n[\/vc_column_text][\/vc_column][\/vc_row][vc_row full_width=&#8221;stretch_row&#8221; css=&#8221;.vc_custom_1457537107405{margin-top: 80px !important;margin-bottom: 50px !important;}&#8221;][vc_column][vc_custom_heading text=&#8221;Aktualno\u015bci&#8221; font_container=&#8221;tag:h2|font_size:36|text_align:center|color:%231d2633&#8243; use_theme_fonts=&#8221;yes&#8221; el_class=&#8221;heading-title&#8221; css=&#8221;.vc_custom_1456941582291{padding-bottom: 60px !important;}&#8221;][thememove_blog total_posts=&#8221;3&#8243; posts_per_page=&#8221;3&#8243;][\/vc_column][\/vc_row][vc_row full_width=&#8221;stretch_row&#8221; parallax=&#8221;content-moving&#8221; parallax_image=&#8221;2262&#8243; css=&#8221;.vc_custom_1446738699869{margin-bottom: 0px !important;}&#8221; el_class=&#8221;quick-quote quick-quote&#8211;dark&#8221;][vc_column width=&#8221;1\/2&#8243; offset=&#8221;vc_hidden-sm vc_hidden-xs&#8221;][vc_column_text]<br \/>\n[\/vc_column_text][\/vc_column][vc_column offset=&#8221;vc_col-lg-6 vc_col-md-6&#8243;][vc_row_inner el_class=&#8221;heading-title-with-subtitle&#8211;dark&#8221; css=&#8221;.vc_custom_1439022468075{margin-bottom: 30px !important;}&#8221;][vc_column_inner][vc_custom_heading text=&#8221;Kontakt&#8221; font_container=&#8221;tag:h2|font_size:36|text_align:left|color:%23ffffff&#8221; use_theme_fonts=&#8221;yes&#8221; el_class=&#8221;heading-title&#8221; css=&#8221;.vc_custom_1446738745985{padding-top: 70px !important;}&#8221;][vc_column_text]Masz pytania? Skontaktuj si\u0119 z nami![\/vc_column_text][\/vc_column_inner][\/vc_row_inner]<div role=\"form\" class=\"wpcf7\" id=\"wpcf7-f5-o1\" lang=\"pl-PL\" dir=\"ltr\">\n<div class=\"screen-reader-response\"><p role=\"status\" aria-live=\"polite\" aria-atomic=\"true\"><\/p> <ul><\/ul><\/div>\n<form action=\"\/pl\/wp-json\/wp\/v2\/pages\/15#wpcf7-f5-o1\" method=\"post\" class=\"wpcf7-form init\" novalidate=\"novalidate\" data-status=\"init\">\n<div style=\"display: none;\">\n<input type=\"hidden\" name=\"_wpcf7\" value=\"5\" \/>\n<input type=\"hidden\" name=\"_wpcf7_version\" value=\"5.4\" \/>\n<input type=\"hidden\" name=\"_wpcf7_locale\" value=\"pl_PL\" \/>\n<input type=\"hidden\" name=\"_wpcf7_unit_tag\" value=\"wpcf7-f5-o1\" \/>\n<input type=\"hidden\" name=\"_wpcf7_container_post\" value=\"0\" \/>\n<input type=\"hidden\" name=\"_wpcf7_posted_data_hash\" value=\"\" \/>\n<\/div>\n<div class=\"form2\">\n<div class=\"row\">\n<div class=\"col-sm-6\">\n      <span class=\"wpcf7-form-control-wrap your-name\"><input type=\"text\" name=\"your-name\" value=\"\" size=\"40\" class=\"wpcf7-form-control wpcf7-text wpcf7-validates-as-required\" aria-required=\"true\" aria-invalid=\"false\" placeholder=\"Imi\u0119 i nazwisko\" \/><\/span>\n    <\/div>\n<div class=\"col-sm-6\">\n      <span class=\"wpcf7-form-control-wrap your-phone\"><input type=\"text\" name=\"your-phone\" value=\"\" size=\"40\" class=\"wpcf7-form-control wpcf7-text\" aria-invalid=\"false\" placeholder=\"Telefon\" \/><\/span>\n    <\/div>\n<div class=\"col-sm-12\">\n      <span class=\"wpcf7-form-control-wrap your-email\"><input type=\"email\" name=\"your-email\" value=\"\" size=\"40\" class=\"wpcf7-form-control wpcf7-text wpcf7-email wpcf7-validates-as-required wpcf7-validates-as-email\" aria-required=\"true\" aria-invalid=\"false\" placeholder=\"Email\" \/><\/span>\n    <\/div>\n<div class=\"col-sm-12\">\n      <span class=\"wpcf7-form-control-wrap your-message\"><textarea name=\"your-message\" cols=\"40\" rows=\"10\" class=\"wpcf7-form-control wpcf7-textarea\" aria-invalid=\"false\" placeholder=\"Wiadomo\u015b\u0107\"><\/textarea><\/span>\n    <\/div>\n<div class=\"col-sm-12\">\n      <input type=\"submit\" value=\"Wy\u015blij\" class=\"wpcf7-form-control wpcf7-submit\" \/>\n    <\/div>\n<\/div>\n<\/div>\n<div class=\"wpcf7-response-output\" aria-hidden=\"true\"><\/div><\/form><\/div>[vc_empty_space height=&#8221;70&#8243;][\/vc_column][\/vc_row]<\/p>\n","protected":false},"excerpt":{"rendered":"<p>[vc_row full_width=&#8221;stretch_row_content_no_spaces&#8221; css=&#8221;.vc_custom_1441358061785{margin-bottom: 0px !important;}&#8221;][vc_column][rev_slider_vc alias=&#8221;homepage-01&#8243;][\/vc_column][\/vc_row][vc_row css=&#8221;.vc_custom_1459352008943{padding-bottom: 0px !important;}&#8221; el_id=&#8221;oferta&#8221;][vc_column][vc_row_inner el_class=&#8221;heading-title-with-subtitle&#8221; css=&#8221;.vc_custom_1459352004767{margin-top: 100px !important;margin-bottom: 30px !important;}&#8221;][vc_column_inner][vc_custom_heading text=&#8221;Nasza oferta&#8221; font_container=&#8221;tag:h2|font_size:32|text_align:center|color:%23111111&#8243; use_theme_fonts=&#8221;yes&#8221; el_class=&#8221;heading-title&#8221;][\/vc_column_inner][\/vc_row_inner][\/vc_column][\/vc_row][vc_row el_class=&#8221;oferta&#8221;][vc_column width=&#8221;1\/4&#8243;][vc_single_image image=&#8221;2564&#8243; img_size=&#8221;200&#215;200&#8243; alignment=&#8221;center&#8221; onclick=&#8221;custom_link&#8221; css_animation=&#8221;left-to-right&#8221; link=&#8221;amortyzatory&#8221; css=&#8221;.vc_custom_1470233799157{margin-bottom: 0px !important;padding-bottom: 20px !important;}&#8221;][vc_separator color=&#8221;juicy_pink&#8221; border_width=&#8221;3&#8243; el_width=&#8221;30&#8243;][vc_raw_html]JTNDYSUyMGhyZWYlM0QlMjJhbW9ydHl6YXRvcnklMjIlM0UlM0NoMyUyMGNsYXNzJTNEJTIyYmZyJTIyJTNFQW1vcnR5emF0b3J5JTNDJTJGaDMlM0UlM0MlMkZhJTNF[\/vc_raw_html][\/vc_column][vc_column width=&#8221;1\/4&#8243;][vc_single_image image=&#8221;2566&#8243; img_size=&#8221;200&#215;200&#8243; alignment=&#8221;center&#8221; onclick=&#8221;custom_link&#8221; css_animation=&#8221;left-to-right&#8221; link=&#8221;klocki-hamulcowe&#8221; css=&#8221;.vc_custom_1456939332565{margin-bottom: 0px !important;padding-bottom: 20px !important;}&#8221;][vc_separator color=&#8221;juicy_pink&#8221; border_width=&#8221;3&#8243; el_width=&#8221;30&#8243;][vc_raw_html]JTNDYSUyMGhyZWYlM0QlMjJrbG9ja2ktaGFtdWxjb3dlJTIyJTNFJTNDaDMlMjBjbGFzcyUzRCUyMmJmciUyMiUzRUtsb2NraSUyMGhhbXVsY293ZSUzQyUyRmgzJTNFJTNDJTJGYSUzRQ==[\/vc_raw_html][\/vc_column][vc_column width=&#8221;1\/4&#8243;][vc_single_image image=&#8221;2563&#8243; img_size=&#8221;200&#215;200&#8243; [&hellip;]<\/p>\n","protected":false},"author":1,"featured_media":0,"parent":0,"menu_order":0,"comment_status":"open","ping_status":"open","template":"","meta":[],"_links":{"self":[{"href":"http:\/\/daco-germany.de\/pl\/wp-json\/wp\/v2\/pages\/15"}],"collection":[{"href":"http:\/\/daco-germany.de\/pl\/wp-json\/wp\/v2\/pages"}],"about":[{"href":"http:\/\/daco-germany.de\/pl\/wp-json\/wp\/v2\/types\/page"}],"author":[{"embeddable":true,"href":"http:\/\/daco-germany.de\/pl\/wp-json\/wp\/v2\/users\/1"}],"replies":[{"embeddable":true,"href":"http:\/\/daco-germany.de\/pl\/wp-json\/wp\/v2\/comments?post=15"}],"version-history":[{"count":4,"href":"http:\/\/daco-germany.de\/pl\/wp-json\/wp\/v2\/pages\/15\/revisions"}],"predecessor-version":[{"id":3372,"href":"http:\/\/daco-germany.de\/pl\/wp-json\/wp\/v2\/pages\/15\/revisions\/3372"}],"wp:attachment":[{"href":"http:\/\/daco-germany.de\/pl\/wp-json\/wp\/v2\/media?parent=15"}],"curies":[{"name":"wp","href":"https:\/\/api.w.org\/{rel}","templated":true}]}}