{"id":2973,"date":"2015-11-17T22:45:43","date_gmt":"2015-11-17T22:45:43","guid":{"rendered":"http:\/\/daco-germany.de\/cs\/o-firmie\/"},"modified":"2016-07-29T16:08:45","modified_gmt":"2016-07-29T16:08:45","slug":"o-firme","status":"publish","type":"page","link":"http:\/\/daco-germany.de\/cs\/o-firme\/","title":{"rendered":"O firm\u011b"},"content":{"rendered":"<p>[vc_row css=&#8220;.vc_custom_1447801510567{padding-top: 50px !important;padding-bottom: 80px !important;}&#8220;][vc_column width=&#8220;2\/3&#8243; css=&#8220;.vc_custom_1447798639742{padding-right: 50px !important;}&#8220;][vc_row_inner][vc_column_inner width=&#8220;2\/3&#8243;][vc_column_text]Zna\u010dka DACO existuje na polsk\u00e9m trhu u\u017e v\u00edce ne\u017e 15 let. V nab\u00eddce zna\u010dky se nach\u00e1zej\u00ed n\u00e1hradn\u00ed d\u00edly do osobn\u00edch automobil\u016f a dod\u00e1vek.[\/vc_column_text][\/vc_column_inner][vc_column_inner width=&#8220;1\/3&#8243; offset=&#8220;vc_hidden-xs&#8220;][vc_single_image image=&#8220;2505&#8243; img_size=&#8220;full&#8220;][\/vc_column_inner][\/vc_row_inner][vc_column_text]Nab\u00eddka zna\u010dky zahrnuje:[\/vc_column_text][vc_row_inner][vc_column_inner width=&#8220;1\/2&#8243;][vc_column_text el_class=&#8220;ofirmieoferta&#8220;]<a href=\"..\/amortyzatory\">Tlumi\u010de<\/a>[\/vc_column_text][vc_column_text el_class=&#8220;ofirmieoferta&#8220;]<a href=\"..\/sprezyny-gazowe\">Plynov\u00e9 pru\u017einy<\/a>[\/vc_column_text][vc_column_text el_class=&#8220;ofirmieoferta&#8220;]<a href=\"..\/odboje\">Pry\u017eov\u00e9 dorazy a obaly<\/a>[\/vc_column_text][vc_column_text el_class=&#8220;ofirmieoferta&#8220;]<a href=\"..\/sprezyny-zawieszenia\">Pru\u017einy zav\u011b\u0161en\u00ed<\/a>[\/vc_column_text][\/vc_column_inner][vc_column_inner width=&#8220;1\/2&#8243;][vc_column_text el_class=&#8220;ofirmieoferta&#8220;]<a href=\"..\/klocki-hamulcowe\">Brzdov\u00e9 desti\u010dky<\/a>[\/vc_column_text][vc_column_text el_class=&#8220;ofirmieoferta&#8220;]<a href=\"..\/tarcze-hamulcowe\">Brzdov\u00e9 kotou\u010de a bubny<\/a>[\/vc_column_text][vc_column_text el_class=&#8220;ofirmieoferta&#8220;]<a href=\"..\/zestawy-wahaczy\">Sady v\u00fdkyvn\u00fdch ramen<\/a>[\/vc_column_text][vc_column_text el_class=&#8220;ofirmieoferta&#8220;]<a href=\"..\/kontakt\">Napi\u0161te n\u00e1m<\/a>[\/vc_column_text][\/vc_column_inner][\/vc_row_inner][vc_column_text]V\u0161echny d\u00edly jsou vyr\u00e1b\u011bny v souladu s nejp\u0159\u00edsn\u011bj\u0161\u00edmi kvalitativn\u00edmi normami, co\u017e potvrzuj\u00ed tis\u00edce prodan\u00fdch produkt\u016f a spokojenost na\u0161ich z\u00e1kazn\u00edk\u016f.[\/vc_column_text][\/vc_column][vc_column width=&#8220;1\/3&#8243; el_class=&#8220;kariera&#8220; css=&#8220;.vc_custom_1448363205356{background-color: #ededed !important;}&#8220;][vc_column_text css=&#8220;.vc_custom_1469807176774{padding-top: 30px !important;padding-right: 30px !important;padding-bottom: 30px !important;padding-left: 30px !important;}&#8220;]<\/p>\n<h2>Kari\u00e9ra<\/h2>\n<p>Cht\u011bli byste pracovat v na\u0161\u00ed firm\u011b?<br \/>\nAutomobilismus je va\u0161e v\u00e1\u0161e\u0148?<br \/>\nM\u00e1te zku\u0161enosti s prodejem autod\u00edl\u016f?<\/p>\n<p>Pokud ano, kontaktujte na\u0161e n\u00e1borov\u00e9 odd\u011blen\u00ed.<\/p>\n<p>P\u0159edlo\u017ete n\u00e1m sv\u016fj \u017eivotopis a motiva\u010dn\u00ed dopis!<\/p>\n<p>V\u0161echny p\u0159ihl\u00e1\u0161ky, pros\u00edm, sm\u011b\u0159ujte na e-mailovou adresu: <a href=\"mail&#116;&#111;&#x3a;&#x69;&#x6e;&#x66;&#x6f;&#64;dac&#111;&#46;&#x63;&#x6f;&#x6d;&#x2e;&#x70;l\">&#x69;&#x6e;&#102;o&#64;&#x64;&#x61;&#x63;&#111;-a&#x75;&#x74;&#x6f;&#112;ar&#x74;&#x73;&#x2e;&#101;u<\/a>[\/vc_column_text][\/vc_column][\/vc_row]<\/p>\n","protected":false},"excerpt":{"rendered":"<p>[vc_row css=&#8220;.vc_custom_1447801510567{padding-top: 50px !important;padding-bottom: 80px !important;}&#8220;][vc_column width=&#8220;2\/3&#8243; css=&#8220;.vc_custom_1447798639742{padding-right: 50px !important;}&#8220;][vc_row_inner][vc_column_inner width=&#8220;2\/3&#8243;][vc_column_text]Zna\u010dka DACO existuje na polsk\u00e9m trhu u\u017e v\u00edce ne\u017e 15 let. V nab\u00eddce zna\u010dky se nach\u00e1zej\u00ed n\u00e1hradn\u00ed d\u00edly do osobn\u00edch automobil\u016f a dod\u00e1vek.[\/vc_column_text][\/vc_column_inner][vc_column_inner width=&#8220;1\/3&#8243; offset=&#8220;vc_hidden-xs&#8220;][vc_single_image image=&#8220;2505&#8243; img_size=&#8220;full&#8220;][\/vc_column_inner][\/vc_row_inner][vc_column_text]Nab\u00eddka zna\u010dky zahrnuje:[\/vc_column_text][vc_row_inner][vc_column_inner width=&#8220;1\/2&#8243;][vc_column_text el_class=&#8220;ofirmieoferta&#8220;]Tlumi\u010de[\/vc_column_text][vc_column_text el_class=&#8220;ofirmieoferta&#8220;]Plynov\u00e9 pru\u017einy[\/vc_column_text][vc_column_text el_class=&#8220;ofirmieoferta&#8220;]Pry\u017eov\u00e9 dorazy a obaly[\/vc_column_text][vc_column_text el_class=&#8220;ofirmieoferta&#8220;]Pru\u017einy zav\u011b\u0161en\u00ed[\/vc_column_text][\/vc_column_inner][vc_column_inner width=&#8220;1\/2&#8243;][vc_column_text el_class=&#8220;ofirmieoferta&#8220;]Brzdov\u00e9 desti\u010dky[\/vc_column_text][vc_column_text el_class=&#8220;ofirmieoferta&#8220;]Brzdov\u00e9 kotou\u010de a [&hellip;]<\/p>\n","protected":false},"author":1,"featured_media":0,"parent":0,"menu_order":0,"comment_status":"closed","ping_status":"closed","template":"","meta":[],"_links":{"self":[{"href":"http:\/\/daco-germany.de\/cs\/wp-json\/wp\/v2\/pages\/2973"}],"collection":[{"href":"http:\/\/daco-germany.de\/cs\/wp-json\/wp\/v2\/pages"}],"about":[{"href":"http:\/\/daco-germany.de\/cs\/wp-json\/wp\/v2\/types\/page"}],"author":[{"embeddable":true,"href":"http:\/\/daco-germany.de\/cs\/wp-json\/wp\/v2\/users\/1"}],"replies":[{"embeddable":true,"href":"http:\/\/daco-germany.de\/cs\/wp-json\/wp\/v2\/comments?post=2973"}],"version-history":[{"count":0,"href":"http:\/\/daco-germany.de\/cs\/wp-json\/wp\/v2\/pages\/2973\/revisions"}],"wp:attachment":[{"href":"http:\/\/daco-germany.de\/cs\/wp-json\/wp\/v2\/media?parent=2973"}],"curies":[{"name":"wp","href":"https:\/\/api.w.org\/{rel}","templated":true}]}}