{"id":2939,"date":"2015-11-16T19:17:09","date_gmt":"2015-11-16T19:17:09","guid":{"rendered":"http:\/\/daco-germany.de\/cs\/tarcze-i-bebny-hamulcowe\/"},"modified":"2018-09-09T14:16:17","modified_gmt":"2018-09-09T14:16:17","slug":"brzdove-kotouce-a-bubny","status":"publish","type":"page","link":"http:\/\/daco-germany.de\/cs\/brzdove-kotouce-a-bubny\/","title":{"rendered":"Brzdov\u00e9 kotou\u010de a bubny"},"content":{"rendered":"<p>[vc_row css=&#8220;.vc_custom_1459352951423{padding-bottom: 40px !important;}&#8220;][vc_column][vc_custom_heading text=&#8220;Kvalita zaru\u010duj\u00edc\u00ed bezpe\u010dnost \u0159\u00edzen\u00ed&#8220; use_theme_fonts=&#8220;yes&#8220;][vc_separator][vc_column_text]Brzdov\u00e9 kotou\u010de a bubny DACO se vyr\u00e1b\u011bj\u00ed s nesm\u00edrnou p\u00e9\u010d\u00ed o u\u017eitn\u00e9 hodnoty. Pou\u017eit\u00ed vysoce kvalitn\u00edch slitin k v\u00fdrob\u011b kotou\u010d\u016f a bubn\u016f rozhoduje o jejich odolnosti a spolehlivosti.<\/p>\n<p>Na\u0161e v\u00fdrobky spole\u010dn\u011b s desti\u010dkami a \u010delistmi zaru\u010duj\u00ed zkr\u00e1cen\u00ed brzdn\u00e9 dr\u00e1hy a zlep\u0161uj\u00ed bezpe\u010dnost \u0159\u00edzen\u00ed. Ve sv\u00e9 nab\u00eddce m\u00e1me v\u00edce ne\u017e 800 polo\u017eek kotou\u010d\u016f a v\u00edce ne\u017e 80 polo\u017eek bubn\u016f. Tyto produkty s ohledem na svou vysokou kvalitu budou po l\u00e9ta plnit o\u010dek\u00e1v\u00e1n\u00ed a n\u00e1roky na\u0161ich z\u00e1kazn\u00edk\u016f.<\/p>\n<p>Kotou\u010de a bubny jsou metodou zabra\u0148uj\u00edc\u00ed vzniku deformac\u00ed. V\u00fdb\u011br vhodn\u00fdch surovin zajist\u00ed vysokou odolnost v\u016f\u010di tepeln\u00e9 z\u00e1t\u011b\u017ei.<\/p>\n<p>V nab\u00eddce m\u00e1me pln\u00e9 a ventilovan\u00e9 kotou\u010de.[\/vc_column_text][vc_message message_box_color=&#8220;grey&#8220; icon_type=&#8220;pixelicons&#8220; icon_pixelicons=&#8220;vc_pixel_icon vc_pixel_icon-tick&#8220;]V\u00edce ne\u017e <strong>700<\/strong> brzdov\u00fdch kotou\u010d\u016f a <strong>80<\/strong> bubn\u016f v nab\u00eddce![\/vc_message][vc_message message_box_color=&#8220;grey&#8220; icon_type=&#8220;pixelicons&#8220; icon_pixelicons=&#8220;vc_pixel_icon vc_pixel_icon-tick&#8220;]Vysok\u00e1 kvalita surovin zaru\u010duje odolnost v\u016f\u010di deformov\u00e1n\u00ed![\/vc_message][vc_message message_box_color=&#8220;grey&#8220; icon_type=&#8220;pixelicons&#8220; icon_pixelicons=&#8220;vc_pixel_icon vc_pixel_icon-tick&#8220;]Dokonal\u00e9 dopln\u011bn\u00ed brzdov\u00fdch desti\u010dek DACO Germany![\/vc_message][\/vc_column][\/vc_row]<\/p>\n","protected":false},"excerpt":{"rendered":"<p>[vc_row css=&#8220;.vc_custom_1459352951423{padding-bottom: 40px !important;}&#8220;][vc_column][vc_custom_heading text=&#8220;Kvalita zaru\u010duj\u00edc\u00ed bezpe\u010dnost \u0159\u00edzen\u00ed&#8220; use_theme_fonts=&#8220;yes&#8220;][vc_separator][vc_column_text]Brzdov\u00e9 kotou\u010de a bubny DACO se vyr\u00e1b\u011bj\u00ed s nesm\u00edrnou p\u00e9\u010d\u00ed o u\u017eitn\u00e9 hodnoty. Pou\u017eit\u00ed vysoce kvalitn\u00edch slitin k v\u00fdrob\u011b kotou\u010d\u016f a bubn\u016f rozhoduje o jejich odolnosti a spolehlivosti. Na\u0161e v\u00fdrobky spole\u010dn\u011b s desti\u010dkami a \u010delistmi zaru\u010duj\u00ed zkr\u00e1cen\u00ed brzdn\u00e9 dr\u00e1hy a zlep\u0161uj\u00ed bezpe\u010dnost \u0159\u00edzen\u00ed. Ve sv\u00e9 nab\u00eddce m\u00e1me [&hellip;]<\/p>\n","protected":false},"author":1,"featured_media":0,"parent":0,"menu_order":0,"comment_status":"closed","ping_status":"closed","template":"","meta":[],"_links":{"self":[{"href":"http:\/\/daco-germany.de\/cs\/wp-json\/wp\/v2\/pages\/2939"}],"collection":[{"href":"http:\/\/daco-germany.de\/cs\/wp-json\/wp\/v2\/pages"}],"about":[{"href":"http:\/\/daco-germany.de\/cs\/wp-json\/wp\/v2\/types\/page"}],"author":[{"embeddable":true,"href":"http:\/\/daco-germany.de\/cs\/wp-json\/wp\/v2\/users\/1"}],"replies":[{"embeddable":true,"href":"http:\/\/daco-germany.de\/cs\/wp-json\/wp\/v2\/comments?post=2939"}],"version-history":[{"count":3,"href":"http:\/\/daco-germany.de\/cs\/wp-json\/wp\/v2\/pages\/2939\/revisions"}],"predecessor-version":[{"id":3303,"href":"http:\/\/daco-germany.de\/cs\/wp-json\/wp\/v2\/pages\/2939\/revisions\/3303"}],"wp:attachment":[{"href":"http:\/\/daco-germany.de\/cs\/wp-json\/wp\/v2\/media?parent=2939"}],"curies":[{"name":"wp","href":"https:\/\/api.w.org\/{rel}","templated":true}]}}