{"id":2921,"date":"2015-11-16T15:46:44","date_gmt":"2015-11-16T15:46:44","guid":{"rendered":"http:\/\/daco-germany.de\/cs\/sprezyny-zawieszenia\/"},"modified":"2018-09-09T14:35:11","modified_gmt":"2018-09-09T14:35:11","slug":"pruziny-zaveseni","status":"publish","type":"page","link":"http:\/\/daco-germany.de\/cs\/pruziny-zaveseni\/","title":{"rendered":"Pru\u017einy zav\u011b\u0161en\u00ed"},"content":{"rendered":"<p>[vc_row css=&#8220;.vc_custom_1459352899601{padding-bottom: 40px !important;}&#8220;][vc_column][vc_custom_heading text=&#8220;Komfortn\u00ed j\u00edzda a bezpe\u010dn\u00e9 \u0159\u00edzen\u00ed vozidla&#8220; use_theme_fonts=&#8220;yes&#8220;][vc_separator][vc_column_text]Pru\u017einy zav\u011b\u0161en\u00ed DACO Germany umo\u017e\u0148uj\u00ed udr\u017eet vozidlo a zm\u00edr\u0148uj\u00ed vibrace vznikaj\u00edc\u00ed b\u011bhem j\u00edzdy po nerovn\u00e9m povrchu. Spole\u010dn\u011b s tlumi\u010di a dal\u0161\u00edmi prvky zav\u011b\u0161en\u00ed zodpov\u00eddaj\u00ed za p\u0159ilnavost kol k podkladu a za pohodln\u00e9 \u0159\u00edzen\u00ed vozidla.<\/p>\n<p>Nab\u00eddka DACO Germany obsahuje v\u00edce ne\u017e 400 typ\u016f pru\u017ein pro osobn\u00ed automobily a dod\u00e1vky. Vyr\u00e1b\u00edme pru\u017einy s kompenzac\u00ed bo\u010dn\u00ed z\u00e1t\u011b\u017ee, ku\u017eelov\u00e9 a soudkovit\u00e9 pru\u017einy.<\/p>\n<p>Pru\u017einy jsou vyrobeny z oceli s vysokou odolnost\u00ed. V\u00fdrobn\u00ed proces p\u0159edpokl\u00e1d\u00e1 nav\u00edjen\u00ed za studena a za horka &#8211; v z\u00e1vislosti na typu pru\u017einy zav\u011b\u0161en\u00ed. Vinut\u00ed jsou nav\u00edc vystavena procesu kalen\u00ed, co\u017e je\u0161t\u011b v\u00edce prodlu\u017euje \u017eivotnost pru\u017ein a zaru\u010duje lep\u0161\u00ed \u0159\u00edzen\u00ed vozidla.<\/p>\n<p>St\u00e1lost a spolehlivost na\u0161ich pru\u017ein do zna\u010dn\u00e9 m\u00edry zm\u00edr\u0148uje vibrace vznikaj\u00edc\u00ed b\u011bhem pohybov\u00e1n\u00ed se po nerovnostech. Ve spolupr\u00e1ci s tlumi\u010di zaji\u0161\u0165uj\u00ed vysok\u00fd j\u00edzdn\u00ed komfort, nesm\u00edrnou p\u0159ilnavost a bezpe\u010dn\u00e9 \u0159\u00edzen\u00ed vozidla.<\/p>\n<p>Kvalitu pru\u017ein zav\u011b\u0161en\u00ed DACO Germany potvrzuj\u00ed kontroln\u00ed testy.[\/vc_column_text][vc_message message_box_color=&#8220;grey&#8220; icon_type=&#8220;pixelicons&#8220; icon_pixelicons=&#8220;vc_pixel_icon vc_pixel_icon-tick&#8220;]V\u00edce ne\u017e <strong>400 polo\u017eek<\/strong> v nab\u00eddce![\/vc_message][vc_message message_box_color=&#8220;grey&#8220; icon_type=&#8220;pixelicons&#8220; icon_pixelicons=&#8220;vc_pixel_icon vc_pixel_icon-tick&#8220;]Vyr\u00e1b\u00edme pru\u017einy s kompenzac\u00ed bo\u010dn\u00ed z\u00e1t\u011b\u017ee, ku\u017eelov\u00e9 a soudkovit\u00e9 pru\u017einy![\/vc_message][vc_message message_box_color=&#8220;grey&#8220; icon_type=&#8220;pixelicons&#8220; icon_pixelicons=&#8220;vc_pixel_icon vc_pixel_icon-tick&#8220;]<strong>Kvalita zaru\u010dena<\/strong> pou\u017eit\u00edm oceli s vysokou odolnost\u00ed![\/vc_message][\/vc_column][\/vc_row]<\/p>\n","protected":false},"excerpt":{"rendered":"<p>[vc_row css=&#8220;.vc_custom_1459352899601{padding-bottom: 40px !important;}&#8220;][vc_column][vc_custom_heading text=&#8220;Komfortn\u00ed j\u00edzda a bezpe\u010dn\u00e9 \u0159\u00edzen\u00ed vozidla&#8220; use_theme_fonts=&#8220;yes&#8220;][vc_separator][vc_column_text]Pru\u017einy zav\u011b\u0161en\u00ed DACO Germany umo\u017e\u0148uj\u00ed udr\u017eet vozidlo a zm\u00edr\u0148uj\u00ed vibrace vznikaj\u00edc\u00ed b\u011bhem j\u00edzdy po nerovn\u00e9m povrchu. Spole\u010dn\u011b s tlumi\u010di a dal\u0161\u00edmi prvky zav\u011b\u0161en\u00ed zodpov\u00eddaj\u00ed za p\u0159ilnavost kol k podkladu a za pohodln\u00e9 \u0159\u00edzen\u00ed vozidla. Nab\u00eddka DACO Germany obsahuje v\u00edce ne\u017e 400 typ\u016f pru\u017ein pro osobn\u00ed [&hellip;]<\/p>\n","protected":false},"author":1,"featured_media":0,"parent":0,"menu_order":0,"comment_status":"closed","ping_status":"closed","template":"","meta":[],"_links":{"self":[{"href":"http:\/\/daco-germany.de\/cs\/wp-json\/wp\/v2\/pages\/2921"}],"collection":[{"href":"http:\/\/daco-germany.de\/cs\/wp-json\/wp\/v2\/pages"}],"about":[{"href":"http:\/\/daco-germany.de\/cs\/wp-json\/wp\/v2\/types\/page"}],"author":[{"embeddable":true,"href":"http:\/\/daco-germany.de\/cs\/wp-json\/wp\/v2\/users\/1"}],"replies":[{"embeddable":true,"href":"http:\/\/daco-germany.de\/cs\/wp-json\/wp\/v2\/comments?post=2921"}],"version-history":[{"count":1,"href":"http:\/\/daco-germany.de\/cs\/wp-json\/wp\/v2\/pages\/2921\/revisions"}],"predecessor-version":[{"id":3316,"href":"http:\/\/daco-germany.de\/cs\/wp-json\/wp\/v2\/pages\/2921\/revisions\/3316"}],"wp:attachment":[{"href":"http:\/\/daco-germany.de\/cs\/wp-json\/wp\/v2\/media?parent=2921"}],"curies":[{"name":"wp","href":"https:\/\/api.w.org\/{rel}","templated":true}]}}