{"id":2903,"date":"2015-11-16T19:13:03","date_gmt":"2015-11-16T19:13:03","guid":{"rendered":"http:\/\/daco-germany.de\/cs\/odboje\/"},"modified":"2018-09-09T14:26:32","modified_gmt":"2018-09-09T14:26:32","slug":"pryzove-dorazy-a-obaly","status":"publish","type":"page","link":"http:\/\/daco-germany.de\/cs\/pryzove-dorazy-a-obaly\/","title":{"rendered":"Pry\u017eov\u00e9 dorazy a obaly"},"content":{"rendered":"<p>[vc_row][vc_column css=&#8220;.vc_custom_1469786819088{padding-bottom: 50px !important;}&#8220;][vc_custom_heading text=&#8220;Spolehliv\u00e1 ochrana tlumi\u010de&#8220; use_theme_fonts=&#8220;yes&#8220;][vc_separator][vc_column_text][\/vc_column_text][vc_column_text]DACO Germany je v\u00fdrobcem ochrann\u00fdch sad tlumi\u010d\u016f, kter\u00e9 tvo\u0159\u00ed obaly a pry\u017eov\u00e9 dorazy. V nab\u00eddce m\u00e1me t\u00e9m\u011b\u0159 150 polo\u017eek pro osobn\u00ed automobily a dod\u00e1vky.<\/p>\n<p>Obaly, pry\u017eov\u00e9 dorazy chr\u00e1n\u00ed p\u00edst tlumi\u010de p\u0159ed po\u0161kozen\u00edm a p\u0159ed prachem a vlhkost\u00ed. D\u00edky ochrann\u00fdm sad\u00e1m se prodlu\u017euje \u017eivotnost tlumi\u010de.<\/p>\n<p>Pry\u017eov\u00e9 dorazy a obaly DACO Germany se vyr\u00e1b\u011bj\u00ed ze sm\u011bs\u00ed velmi vysok\u00e9 kvality. Odolnost ochrann\u00fdch sad zna\u010dky je srovnateln\u00e1 s origin\u00e1ln\u011b instalovan\u00fdmi sadami.<\/p>\n<p>Doporu\u010dujeme v\u00fdm\u011bnu ochrann\u00fdch sad p\u0159i ka\u017ed\u00e9 v\u00fdm\u011bn\u011b tlumi\u010d\u016f.[\/vc_column_text][vc_message message_box_color=&#8220;grey&#8220; icon_type=&#8220;pixelicons&#8220; icon_pixelicons=&#8220;vc_pixel_icon vc_pixel_icon-tick&#8220;]<strong>150 r\u016fzn\u00fdch pou\u017eit\u00ed<\/strong> pro osobn\u00ed automobily a dod\u00e1vky![\/vc_message][vc_message message_box_color=&#8220;grey&#8220; icon_type=&#8220;pixelicons&#8220; icon_pixelicons=&#8220;vc_pixel_icon vc_pixel_icon-tick&#8220;]<strong>Dokonale chr\u00e1n\u00ed<\/strong> p\u00edsty tlumi\u010de p\u0159ed prachem a vlhkost\u00ed![\/vc_message][vc_message message_box_color=&#8220;grey&#8220; icon_type=&#8220;pixelicons&#8220; icon_pixelicons=&#8220;vc_pixel_icon vc_pixel_icon-tick&#8220;]Pry\u017eov\u00e9 dorazy a obaly vyr\u00e1b\u00edme ze <strong>sm\u011bs\u00ed vysok\u00e9 kvality!<\/strong>[\/vc_message][\/vc_column][\/vc_row]<\/p>\n","protected":false},"excerpt":{"rendered":"<p>[vc_row][vc_column css=&#8220;.vc_custom_1469786819088{padding-bottom: 50px !important;}&#8220;][vc_custom_heading text=&#8220;Spolehliv\u00e1 ochrana tlumi\u010de&#8220; use_theme_fonts=&#8220;yes&#8220;][vc_separator][vc_column_text][\/vc_column_text][vc_column_text]DACO Germany je v\u00fdrobcem ochrann\u00fdch sad tlumi\u010d\u016f, kter\u00e9 tvo\u0159\u00ed obaly a pry\u017eov\u00e9 dorazy. V nab\u00eddce m\u00e1me t\u00e9m\u011b\u0159 150 polo\u017eek pro osobn\u00ed automobily a dod\u00e1vky. Obaly, pry\u017eov\u00e9 dorazy chr\u00e1n\u00ed p\u00edst tlumi\u010de p\u0159ed po\u0161kozen\u00edm a p\u0159ed prachem a vlhkost\u00ed. D\u00edky ochrann\u00fdm sad\u00e1m se prodlu\u017euje \u017eivotnost tlumi\u010de. Pry\u017eov\u00e9 dorazy a obaly [&hellip;]<\/p>\n","protected":false},"author":1,"featured_media":0,"parent":0,"menu_order":0,"comment_status":"closed","ping_status":"closed","template":"","meta":[],"_links":{"self":[{"href":"http:\/\/daco-germany.de\/cs\/wp-json\/wp\/v2\/pages\/2903"}],"collection":[{"href":"http:\/\/daco-germany.de\/cs\/wp-json\/wp\/v2\/pages"}],"about":[{"href":"http:\/\/daco-germany.de\/cs\/wp-json\/wp\/v2\/types\/page"}],"author":[{"embeddable":true,"href":"http:\/\/daco-germany.de\/cs\/wp-json\/wp\/v2\/users\/1"}],"replies":[{"embeddable":true,"href":"http:\/\/daco-germany.de\/cs\/wp-json\/wp\/v2\/comments?post=2903"}],"version-history":[{"count":1,"href":"http:\/\/daco-germany.de\/cs\/wp-json\/wp\/v2\/pages\/2903\/revisions"}],"predecessor-version":[{"id":3309,"href":"http:\/\/daco-germany.de\/cs\/wp-json\/wp\/v2\/pages\/2903\/revisions\/3309"}],"wp:attachment":[{"href":"http:\/\/daco-germany.de\/cs\/wp-json\/wp\/v2\/media?parent=2903"}],"curies":[{"name":"wp","href":"https:\/\/api.w.org\/{rel}","templated":true}]}}