{"id":2879,"date":"2015-11-16T19:01:00","date_gmt":"2015-11-16T19:01:00","guid":{"rendered":"http:\/\/daco-germany.de\/cs\/klocki-hamulcowe\/"},"modified":"2018-04-13T08:55:07","modified_gmt":"2018-04-13T08:55:07","slug":"brzdove-desticky","status":"publish","type":"page","link":"http:\/\/daco-germany.de\/cs\/brzdove-desticky\/","title":{"rendered":"Brzdov\u00e9 desti\u010dky"},"content":{"rendered":"<p>[vc_row css=&#8220;.vc_custom_1459352865448{padding-bottom: 40px !important;}&#8220;][vc_column][vc_custom_heading text=&#8220;Perfektn\u00ed brzd\u011bn\u00ed v nejobt\u00ed\u017en\u011bj\u0161\u00edch podm\u00ednk\u00e1ch&#8220; use_theme_fonts=&#8220;yes&#8220;][vc_separator][vc_column_text css=&#8220;.vc_custom_1523609686508{padding-bottom: 20px !important;}&#8220;]Brzdov\u00e9 desti\u010dky DACO jsou v\u00fdrobek velmi vysok\u00e9 kvality. V na\u0161\u00ed nab\u00eddce najdete v\u00edce ne\u017e 700 polo\u017eek pro osobn\u00ed automobily a pro dod\u00e1vky a toto \u010d\u00edslo se neust\u00e1le roz\u0161i\u0159uje.<\/p>\n<p>Desti\u010dky jsou vyrobeny z nejkvalitn\u011bj\u0161\u00ed sm\u011bsi, kter\u00e1 zaru\u010duje optim\u00e1ln\u00ed brzdn\u00e9 parametry. Nav\u00edc jsou desti\u010dky vybaveny protip\u00edskac\u00edmi podlo\u017ekami, kter\u00e9 skv\u011ble likviduj\u00ed jev akustick\u00e9 rezonance vznikaj\u00edc\u00ed b\u011bhem j\u00edzdy.<\/p>\n<p><a href=\"http:\/\/daco-germany.de\/wp-content\/uploads\/2015\/11\/h3.jpg\"><img loading=\"lazy\" class=\"alignright wp-image-2725\" src=\"http:\/\/daco-germany.de\/wp-content\/uploads\/2015\/11\/h3.jpg\" alt=\"Homologacja ECE R90\" width=\"137\" height=\"137\" \/><\/a>Na\u0161e desti\u010dky disponuj\u00ed certifik\u00e1tem ECE R90. Evropsk\u00fd homologa\u010dn\u00ed certifik\u00e1t ECE R90 potvrzuje, \u017ee kvalita n\u00e1mi nab\u00edzen\u00fdch desti\u010dek je srovnateln\u00e1 nebo vy\u0161\u0161\u00ed ne\u017e kvalita origin\u00e1ln\u00edch d\u00edl\u016f.<\/p>\n<p>Mont\u00e1\u017e brzdov\u00fdch desti\u010dek spole\u010dn\u011b s kotou\u010di a bubny zna\u010dky DACO Germany zaru\u010duj\u00ed \u00fa\u010dinnost brzd\u011bn\u00ed dokonce i v t\u011bch nejt\u011b\u017e\u0161\u00edch silni\u010dn\u00edch podm\u00ednk\u00e1ch.[\/vc_column_text][vc_message message_box_color=&#8220;grey&#8220; icon_type=&#8220;pixelicons&#8220; icon_pixelicons=&#8220;vc_pixel_icon vc_pixel_icon-tick&#8220;]T\u00e9m\u011b\u0159 <strong>7<\/strong><strong>00 polo\u017eek<\/strong> pro osobn\u00ed automobily a dod\u00e1vky![\/vc_message][vc_message message_box_color=&#8220;grey&#8220; icon_type=&#8220;pixelicons&#8220; icon_pixelicons=&#8220;vc_pixel_icon vc_pixel_icon-tick&#8220;]Desti\u010dky jsou vybaveny <strong>protip\u00edskac\u00edmi podlo\u017ekami!<\/strong>[\/vc_message][vc_message message_box_color=&#8220;grey&#8220; icon_type=&#8220;pixelicons&#8220; icon_pixelicons=&#8220;vc_pixel_icon vc_pixel_icon-tick&#8220;]<strong>Kvalita<\/strong> potvrzen\u00e1 certifik\u00e1tem <strong>ECE R90!<\/strong>[\/vc_message][\/vc_column][\/vc_row]<\/p>\n","protected":false},"excerpt":{"rendered":"<p>[vc_row css=&#8220;.vc_custom_1459352865448{padding-bottom: 40px !important;}&#8220;][vc_column][vc_custom_heading text=&#8220;Perfektn\u00ed brzd\u011bn\u00ed v nejobt\u00ed\u017en\u011bj\u0161\u00edch podm\u00ednk\u00e1ch&#8220; use_theme_fonts=&#8220;yes&#8220;][vc_separator][vc_column_text css=&#8220;.vc_custom_1523609686508{padding-bottom: 20px !important;}&#8220;]Brzdov\u00e9 desti\u010dky DACO jsou v\u00fdrobek velmi vysok\u00e9 kvality. V na\u0161\u00ed nab\u00eddce najdete v\u00edce ne\u017e 700 polo\u017eek pro osobn\u00ed automobily a pro dod\u00e1vky a toto \u010d\u00edslo se neust\u00e1le roz\u0161i\u0159uje. Desti\u010dky jsou vyrobeny z nejkvalitn\u011bj\u0161\u00ed sm\u011bsi, kter\u00e1 zaru\u010duje optim\u00e1ln\u00ed brzdn\u00e9 parametry. Nav\u00edc jsou desti\u010dky vybaveny [&hellip;]<\/p>\n","protected":false},"author":1,"featured_media":0,"parent":0,"menu_order":0,"comment_status":"closed","ping_status":"closed","template":"","meta":[],"_links":{"self":[{"href":"http:\/\/daco-germany.de\/cs\/wp-json\/wp\/v2\/pages\/2879"}],"collection":[{"href":"http:\/\/daco-germany.de\/cs\/wp-json\/wp\/v2\/pages"}],"about":[{"href":"http:\/\/daco-germany.de\/cs\/wp-json\/wp\/v2\/types\/page"}],"author":[{"embeddable":true,"href":"http:\/\/daco-germany.de\/cs\/wp-json\/wp\/v2\/users\/1"}],"replies":[{"embeddable":true,"href":"http:\/\/daco-germany.de\/cs\/wp-json\/wp\/v2\/comments?post=2879"}],"version-history":[{"count":1,"href":"http:\/\/daco-germany.de\/cs\/wp-json\/wp\/v2\/pages\/2879\/revisions"}],"predecessor-version":[{"id":3252,"href":"http:\/\/daco-germany.de\/cs\/wp-json\/wp\/v2\/pages\/2879\/revisions\/3252"}],"wp:attachment":[{"href":"http:\/\/daco-germany.de\/cs\/wp-json\/wp\/v2\/media?parent=2879"}],"curies":[{"name":"wp","href":"https:\/\/api.w.org\/{rel}","templated":true}]}}