{"id":2858,"date":"2016-03-30T16:35:23","date_gmt":"2016-03-30T16:35:23","guid":{"rendered":"http:\/\/daco-germany.de\/cs\/sprezyny-gazowe\/"},"modified":"2016-07-29T09:10:20","modified_gmt":"2016-07-29T09:10:20","slug":"plynove-pruziny","status":"publish","type":"page","link":"http:\/\/daco-germany.de\/cs\/plynove-pruziny\/","title":{"rendered":"Plynov\u00e9 pru\u017einy"},"content":{"rendered":"<p>[vc_row][vc_column css=&#8220;.vc_custom_1469742705541{padding-bottom: 40px !important;}&#8220;][vc_custom_heading text=&#8220;Dlouh\u00e1 \u017eivotnost a spolehliv\u00e9 fungov\u00e1n\u00ed.&#8220; use_theme_fonts=&#8220;yes&#8220;][vc_separator][vc_column_text]Plynov\u00e9 pru\u017einy, kter\u00fdm se \u0159\u00edk\u00e1 tak\u00e9 vzp\u011bry, usnad\u0148uj\u00ed zved\u00e1n\u00ed dve\u0159\u00ed, poklop\u016f s jin\u00fdch prvk\u016f.<\/p>\n<p>DACO Germany m\u00e1 ve sv\u00e9 nab\u00eddce t\u00e9m\u011b\u0159 500 r\u016fzn\u00fdch d\u00edl\u016f k osobn\u00edm automobil\u016fm a dod\u00e1vk\u00e1m. Nab\u00eddka zahrnuje jak pru\u017einy s dynamick\u00fdm, tak i s hydraulick\u00fdm tlumen\u00edm.<\/p>\n<p>Ka\u017ed\u00e1 pru\u017eina se skl\u00e1d\u00e1 z tlakov\u00e9ho v\u00e1lce a p\u00edstnice zakon\u010den\u00e9ho odpov\u00eddaj\u00edc\u00edm p\u0159ipevn\u011bn\u00edm. V\u00e1lec je vypln\u011bn stla\u010den\u00fdm dus\u00edkem, kter\u00fd vyvol\u00e1v\u00e1 rovnom\u011brn\u00fd tlak na obou stran\u00e1ch p\u00edstu.<\/p>\n<p>Kvalita plynov\u00fdch pru\u017ein DACO Germany byla dosa\u017eena d\u00edky pokro\u010dil\u00e9mu procesu, kter\u00fd vzp\u011br\u00e1m dod\u00e1v\u00e1 dlouhou \u017eivotnost a spolehlivost.[\/vc_column_text][vc_message message_box_style=&#8220;solid&#8220; message_box_color=&#8220;grey&#8220; icon_type=&#8220;pixelicons&#8220; icon_pixelicons=&#8220;vc_pixel_icon vc_pixel_icon-tick&#8220;]<strong>500 pou\u017eit\u00ed<\/strong> pro osobn\u00ed automobily a dod\u00e1vky![\/vc_message][vc_message message_box_style=&#8220;solid&#8220; message_box_color=&#8220;grey&#8220; icon_type=&#8220;pixelicons&#8220; icon_pixelicons=&#8220;vc_pixel_icon vc_pixel_icon-tick&#8220;]Motory jsou tlumeny <strong>hydraulicky a dynamicky!<\/strong>[\/vc_message][vc_message message_box_style=&#8220;solid&#8220; message_box_color=&#8220;grey&#8220; icon_type=&#8220;pixelicons&#8220; icon_pixelicons=&#8220;vc_pixel_icon vc_pixel_icon-tick&#8220;]<strong>Vysok\u00e1 kvalita<\/strong> d\u00edky pokro\u010dil\u00e9mu v\u00fdrobn\u00edmu procesu![\/vc_message][\/vc_column][\/vc_row]<\/p>\n","protected":false},"excerpt":{"rendered":"<p>[vc_row][vc_column css=&#8220;.vc_custom_1469742705541{padding-bottom: 40px !important;}&#8220;][vc_custom_heading text=&#8220;Dlouh\u00e1 \u017eivotnost a spolehliv\u00e9 fungov\u00e1n\u00ed.&#8220; use_theme_fonts=&#8220;yes&#8220;][vc_separator][vc_column_text]Plynov\u00e9 pru\u017einy, kter\u00fdm se \u0159\u00edk\u00e1 tak\u00e9 vzp\u011bry, usnad\u0148uj\u00ed zved\u00e1n\u00ed dve\u0159\u00ed, poklop\u016f s jin\u00fdch prvk\u016f. DACO Germany m\u00e1 ve sv\u00e9 nab\u00eddce t\u00e9m\u011b\u0159 500 r\u016fzn\u00fdch d\u00edl\u016f k osobn\u00edm automobil\u016fm a dod\u00e1vk\u00e1m. Nab\u00eddka zahrnuje jak pru\u017einy s dynamick\u00fdm, tak i s hydraulick\u00fdm tlumen\u00edm. Ka\u017ed\u00e1 pru\u017eina se skl\u00e1d\u00e1 z tlakov\u00e9ho [&hellip;]<\/p>\n","protected":false},"author":1,"featured_media":0,"parent":0,"menu_order":0,"comment_status":"closed","ping_status":"closed","template":"","meta":[],"_links":{"self":[{"href":"http:\/\/daco-germany.de\/cs\/wp-json\/wp\/v2\/pages\/2858"}],"collection":[{"href":"http:\/\/daco-germany.de\/cs\/wp-json\/wp\/v2\/pages"}],"about":[{"href":"http:\/\/daco-germany.de\/cs\/wp-json\/wp\/v2\/types\/page"}],"author":[{"embeddable":true,"href":"http:\/\/daco-germany.de\/cs\/wp-json\/wp\/v2\/users\/1"}],"replies":[{"embeddable":true,"href":"http:\/\/daco-germany.de\/cs\/wp-json\/wp\/v2\/comments?post=2858"}],"version-history":[{"count":0,"href":"http:\/\/daco-germany.de\/cs\/wp-json\/wp\/v2\/pages\/2858\/revisions"}],"wp:attachment":[{"href":"http:\/\/daco-germany.de\/cs\/wp-json\/wp\/v2\/media?parent=2858"}],"curies":[{"name":"wp","href":"https:\/\/api.w.org\/{rel}","templated":true}]}}