{"id":2838,"date":"2015-11-01T16:49:16","date_gmt":"2015-11-01T16:49:16","guid":{"rendered":"http:\/\/daco-germany.de\/cs\/amortyzatory\/"},"modified":"2018-09-09T13:28:16","modified_gmt":"2018-09-09T13:28:16","slug":"tlumice","status":"publish","type":"page","link":"http:\/\/daco-germany.de\/cs\/tlumice\/","title":{"rendered":"Tlumi\u010de"},"content":{"rendered":"<p>[vc_row css=&#8220;.vc_custom_1459352824702{padding-bottom: 40px !important;}&#8220;][vc_column][vc_custom_heading text=&#8220;Perfektn\u00ed p\u0159ilnavost a zaru\u010den\u00fd j\u00edzdn\u00ed komfort&#8220; use_theme_fonts=&#8220;yes&#8220;][vc_separator][vc_column_text]Tlumi\u010de jsou vlajkov\u00fdm v\u00fdrobkem zna\u010dky DACO. V na\u0161\u00ed nab\u00eddce najdete v\u00edce ne\u017e 1000 polo\u017eek pro osobn\u00ed automobily a pro dod\u00e1vky.<\/p>\n<p>Modern\u00ed technick\u00e9 \u0159e\u0161en\u00ed a z\u00e1rove\u0148 p\u0159\u00edsn\u00e1 kontrola kvality zaji\u0161\u0165uj\u00ed vysok\u00fd j\u00edzdn\u00ed komfort a skv\u011bl\u00e9 parametry tlumen\u00ed. Tlumi\u010de DACO zaru\u010duj\u00ed neust\u00e1l\u00fd kontakt kol s povrchem a zkr\u00e1cen\u00ed brzdn\u00e9 dr\u00e1hy.<\/p>\n<p>Kvalita tlumi\u010d\u016f DACO je srovnateln\u00e1 s origin\u00e1ln\u00edm vybaven\u00edm. D\u00edky nim si vozidlo zachov\u00e1v\u00e1 perfektn\u00ed p\u0159ilnavost nez\u00e1visle na atmosf\u00e9rick\u00fdch podm\u00ednk\u00e1ch.<\/p>\n<p>V nab\u00eddce DACO Germany se nach\u00e1zej\u00ed jednotrubkov\u00e9, dvoutrubkov\u00e9 tlumi\u010de a vzp\u011bry MacPherson spolu s konzolemi pru\u017ein.[\/vc_column_text][vc_message message_box_style=&#8220;solid&#8220; message_box_color=&#8220;grey&#8220; icon_type=&#8220;pixelicons&#8220; icon_pixelicons=&#8220;vc_pixel_icon vc_pixel_icon-tick&#8220;]V\u00edce ne\u017e <strong>1000 polo\u017eek<\/strong> v nab\u00eddce a neust\u00e1le zav\u00e1d\u00edme novinky![\/vc_message][vc_message message_box_style=&#8220;solid&#8220; message_box_color=&#8220;grey&#8220; icon_type=&#8220;pixelicons&#8220; icon_pixelicons=&#8220;vc_pixel_icon vc_pixel_icon-tick&#8220;]<strong>Kvalita OE<\/strong> d\u00edky neust\u00e1l\u00e9 kontrole kvality a nejlep\u0161\u00edm materi\u00e1l\u016fm![\/vc_message][vc_message message_box_style=&#8220;solid&#8220; message_box_color=&#8220;grey&#8220; icon_type=&#8220;pixelicons&#8220; icon_pixelicons=&#8220;vc_pixel_icon vc_pixel_icon-tick&#8220;]<strong>J\u00edzdn\u00ed komfort<\/strong> bez ohledu na podm\u00ednky panuj\u00edc\u00ed na silnic\u00edch![\/vc_message][\/vc_column][\/vc_row]<\/p>\n","protected":false},"excerpt":{"rendered":"<p>[vc_row css=&#8220;.vc_custom_1459352824702{padding-bottom: 40px !important;}&#8220;][vc_column][vc_custom_heading text=&#8220;Perfektn\u00ed p\u0159ilnavost a zaru\u010den\u00fd j\u00edzdn\u00ed komfort&#8220; use_theme_fonts=&#8220;yes&#8220;][vc_separator][vc_column_text]Tlumi\u010de jsou vlajkov\u00fdm v\u00fdrobkem zna\u010dky DACO. V na\u0161\u00ed nab\u00eddce najdete v\u00edce ne\u017e 1000 polo\u017eek pro osobn\u00ed automobily a pro dod\u00e1vky. Modern\u00ed technick\u00e9 \u0159e\u0161en\u00ed a z\u00e1rove\u0148 p\u0159\u00edsn\u00e1 kontrola kvality zaji\u0161\u0165uj\u00ed vysok\u00fd j\u00edzdn\u00ed komfort a skv\u011bl\u00e9 parametry tlumen\u00ed. Tlumi\u010de DACO zaru\u010duj\u00ed neust\u00e1l\u00fd kontakt kol s povrchem a [&hellip;]<\/p>\n","protected":false},"author":1,"featured_media":0,"parent":0,"menu_order":0,"comment_status":"open","ping_status":"open","template":"","meta":[],"_links":{"self":[{"href":"http:\/\/daco-germany.de\/cs\/wp-json\/wp\/v2\/pages\/2838"}],"collection":[{"href":"http:\/\/daco-germany.de\/cs\/wp-json\/wp\/v2\/pages"}],"about":[{"href":"http:\/\/daco-germany.de\/cs\/wp-json\/wp\/v2\/types\/page"}],"author":[{"embeddable":true,"href":"http:\/\/daco-germany.de\/cs\/wp-json\/wp\/v2\/users\/1"}],"replies":[{"embeddable":true,"href":"http:\/\/daco-germany.de\/cs\/wp-json\/wp\/v2\/comments?post=2838"}],"version-history":[{"count":3,"href":"http:\/\/daco-germany.de\/cs\/wp-json\/wp\/v2\/pages\/2838\/revisions"}],"predecessor-version":[{"id":3290,"href":"http:\/\/daco-germany.de\/cs\/wp-json\/wp\/v2\/pages\/2838\/revisions\/3290"}],"wp:attachment":[{"href":"http:\/\/daco-germany.de\/cs\/wp-json\/wp\/v2\/media?parent=2838"}],"curies":[{"name":"wp","href":"https:\/\/api.w.org\/{rel}","templated":true}]}}