{"id":2810,"date":"2015-11-17T23:39:59","date_gmt":"2015-11-17T23:39:59","guid":{"rendered":"http:\/\/daco-germany.de\/cs\/dystrybucja\/"},"modified":"2016-07-28T21:25:34","modified_gmt":"2016-07-28T21:25:34","slug":"distribuce","status":"publish","type":"page","link":"http:\/\/daco-germany.de\/cs\/distribuce\/","title":{"rendered":"Distribuce"},"content":{"rendered":"<p>[vc_row css=&#8220;.vc_custom_1447807496379{padding-top: 20px !important;padding-bottom: 50px !important;}&#8220;][vc_column width=&#8220;1\/4&#8243; el_class=&#8220;nakomputery&#8220;][vc_row_inner el_class=&#8220;kariera&#8220; css=&#8220;.vc_custom_1449232334509{background-color: #dd3333 !important;}&#8220;][vc_column_inner][vc_column_text css=&#8220;.vc_custom_1469741165991{padding-top: 30px !important;padding-right: 30px !important;padding-bottom: 30px !important;padding-left: 30px !important;}&#8220; el_class=&#8220;flb&#8220;]<\/p>\n<h2>Spolupr\u00e1ce<\/h2>\n<p>Pokud pro n\u00e1s m\u00e1te zaj\u00edmavou nab\u00eddku nebo byste s n\u00e1mi cht\u011bli za\u010d\u00edt spolupracovat &#8211; kontaktujte n\u00e1s! Vyu\u017eijte kontaktn\u00ed formul\u00e1\u0159 n\u00ed\u017ee nebo na\u0161e kontaktn\u00ed \u00fadaje najdete v z\u00e1lo\u017ece Kontakt.<\/p>\n<p>Posoud\u00edme ka\u017edou nab\u00eddku a odpov\u011b\u010f od n\u00e1s obdr\u017e\u00edte b\u011bhem 24 hodin.[\/vc_column_text][\/vc_column_inner][\/vc_row_inner][vc_row_inner css=&#8220;.vc_custom_1469739793808{margin-right: 0px !important;margin-bottom: 30px !important;margin-left: 0px !important;padding-right: 0px !important;padding-left: 0px !important;}&#8220; el_class=&#8220;fw&#8220;][vc_column_inner css=&#8220;.vc_custom_1461698798641{margin-right: 0px !important;margin-bottom: 30px !important;margin-left: 0px !important;padding-right: 0px !important;padding-left: 0px !important;}&#8220;][vc_column_text css=&#8220;.vc_custom_1469740576386{margin-right: 0px !important;margin-left: 0px !important;padding-right: 0px !important;padding-left: 0px !important;}&#8220;]<\/p>\n<h3>Napi\u0161te n\u00e1m<\/h3>\n<p>[\/vc_column_text]<div role=\"form\" class=\"wpcf7\" id=\"wpcf7-f2789-o1\" lang=\"pl-PL\" dir=\"ltr\">\n<div class=\"screen-reader-response\"><p role=\"status\" aria-live=\"polite\" aria-atomic=\"true\"><\/p> <ul><\/ul><\/div>\n<form action=\"\/cs\/wp-json\/wp\/v2\/pages\/2810#wpcf7-f2789-o1\" method=\"post\" class=\"wpcf7-form init\" novalidate=\"novalidate\" data-status=\"init\">\n<div style=\"display: none;\">\n<input type=\"hidden\" name=\"_wpcf7\" value=\"2789\" \/>\n<input type=\"hidden\" name=\"_wpcf7_version\" value=\"5.4\" \/>\n<input type=\"hidden\" name=\"_wpcf7_locale\" value=\"pl_PL\" \/>\n<input type=\"hidden\" name=\"_wpcf7_unit_tag\" value=\"wpcf7-f2789-o1\" \/>\n<input type=\"hidden\" name=\"_wpcf7_container_post\" value=\"0\" \/>\n<input type=\"hidden\" name=\"_wpcf7_posted_data_hash\" value=\"\" \/>\n<\/div>\n<div class=\"form2\">\n<div class=\"row\">\n<div class=\"col-sm-6\">\n      <span class=\"wpcf7-form-control-wrap your-name\"><input type=\"text\" name=\"your-name\" value=\"\" size=\"40\" class=\"wpcf7-form-control wpcf7-text wpcf7-validates-as-required\" aria-required=\"true\" aria-invalid=\"false\" placeholder=\"Jm\u00e9no a p\u0159\u00edjmen\u00ed\" \/><\/span>\n    <\/div>\n<div class=\"col-sm-6\">\n      <span class=\"wpcf7-form-control-wrap your-phone\"><input type=\"text\" name=\"your-phone\" value=\"\" size=\"40\" class=\"wpcf7-form-control wpcf7-text\" aria-invalid=\"false\" placeholder=\"Telefon\" \/><\/span>\n    <\/div>\n<div class=\"col-sm-12\">\n      <span class=\"wpcf7-form-control-wrap your-email\"><input type=\"email\" name=\"your-email\" value=\"\" size=\"40\" class=\"wpcf7-form-control wpcf7-text wpcf7-email wpcf7-validates-as-required wpcf7-validates-as-email\" aria-required=\"true\" aria-invalid=\"false\" placeholder=\"Email\" \/><\/span>\n    <\/div>\n<div class=\"col-sm-12\">\n      <span class=\"wpcf7-form-control-wrap your-message\"><textarea name=\"your-message\" cols=\"40\" rows=\"10\" class=\"wpcf7-form-control wpcf7-textarea\" aria-invalid=\"false\" placeholder=\"Zpr\u00e1va\"><\/textarea><\/span>\n    <\/div>\n<div class=\"col-sm-12\">\n      <input type=\"submit\" value=\"Odeslat\" class=\"wpcf7-form-control wpcf7-submit\" \/>\n    <\/div>\n<\/div>\n<\/div>\n<div class=\"wpcf7-response-output\" aria-hidden=\"true\"><\/div><\/form><\/div>[\/vc_column_inner][\/vc_row_inner][\/vc_column][vc_column width=&#8220;3\/4&#8243; css=&#8220;.vc_custom_1447806449165{padding-left: 50px !important;}&#8220;][vc_column_text css=&#8220;.vc_custom_1469741158780{padding-top: 0px !important;}&#8220;]<\/p>\n<h2>Distribuce<\/h2>\n<p>V Evrop\u011b disponujeme dv\u011bma logistick\u00fdmi centry. Sklad se nach\u00e1z\u00ed ve Willichu (N\u011bmecko) a zodpov\u00edd\u00e1 za distribuci na\u0161ich d\u00edl\u016f v z\u00e1padn\u00ed Evrop\u011b. V\u00fdhodn\u00e1 poloha u hranice s Nizozemskem a Belgi\u00ed n\u00e1m umo\u017e\u0148uje rychlou realizaci dod\u00e1vek a vhodnou koordinaci logistick\u00fdch proces\u016f.<br \/>\nZa distribuc\u00ed d\u00edl\u016f ve st\u0159edn\u00ed a v\u00fdchodn\u00ed Evrop\u011b zodpov\u00edd\u00e1 sklad v Krakov\u011b (Polsko). Odtud dod\u00e1v\u00e1me zbo\u017e\u00ed do \u010cesk\u00e9 republiky, na Slovensko, Ukrajinu, do Rumunska a do mnoha dal\u0161\u00edch zem\u00ed. Lok\u00e1ln\u00ed dod\u00e1vky jsou realizov\u00e1ny b\u011bhem 24 h od okam\u017eiku pod\u00e1n\u00ed objedn\u00e1vky.<\/p>\n<p>Na\u0161e \u0161irok\u00e1 distribu\u010dn\u00ed s\u00ed\u0165 umo\u017e\u0148uje uzp\u016fsobit se pot\u0159eb\u00e1m na\u0161ich z\u00e1kazn\u00edk\u016f. N\u011bkolik tis\u00edc metr\u016f \u010dtvere\u010dn\u00edch obou sklad\u016f umo\u017e\u0148uje udr\u017eov\u00e1n\u00ed vysok\u00fdch stav\u016f skladov\u00fdch z\u00e1soby a naprost\u00e9 dostupnosti produkt\u016f.<\/p>\n<p>Zaru\u010dujeme vysok\u00fd standard obsluhy d\u00edky mo\u017enosti pod\u00e1vat objedn\u00e1vky v re\u00e1ln\u00e9m \u010dase, dostupnosti podrobn\u00fdch popis\u016f zbo\u017e\u00ed a stav\u016f realizace jednotliv\u00fdch dod\u00e1vek. Za kvalitu dat zodpov\u00edd\u00e1 katalogov\u00e1 datab\u00e1ze Tec-Doc.[\/vc_column_text][vc_single_image image=&#8220;2525&#8243; img_size=&#8220;full&#8220;][\/vc_column][\/vc_row][vc_row el_class=&#8220;natelefony&#8220; css=&#8220;.vc_custom_1462286698247{background-color: #dd3333 !important;}&#8220;][vc_column][vc_row_inner el_class=&#8220;kariera&#8220; css=&#8220;.vc_custom_1449232334509{background-color: #dd3333 !important;}&#8220;][vc_column_inner][vc_column_text css=&#8220;.vc_custom_1469741172413{padding-top: 30px !important;padding-right: 30px !important;padding-bottom: 30px !important;padding-left: 30px !important;}&#8220; el_class=&#8220;flb&#8220;]<\/p>\n<h2>Spolupr\u00e1ce<\/h2>\n<p>Pokud pro n\u00e1s m\u00e1te zaj\u00edmavou nab\u00eddku nebo byste s n\u00e1mi cht\u011bli za\u010d\u00edt spolupracovat &#8211; kontaktujte n\u00e1s! Vyu\u017eijte kontaktn\u00ed formul\u00e1\u0159 n\u00ed\u017ee nebo na\u0161e kontaktn\u00ed \u00fadaje najdete v z\u00e1lo\u017ece Kontakt.<\/p>\n<p>Posoud\u00edme ka\u017edou nab\u00eddku a odpov\u011b\u010f od n\u00e1s obdr\u017e\u00edte b\u011bhem 24 hodin.[\/vc_column_text][\/vc_column_inner][\/vc_row_inner][\/vc_column][\/vc_row][vc_row el_class=&#8220;natelefony&#8220;][vc_column][vc_row_inner css=&#8220;.vc_custom_1461698760885{margin-right: 0px !important;margin-bottom: 30px !important;margin-left: 0px !important;padding-right: 0px !important;padding-left: 0px !important;}&#8220;][vc_column_inner css=&#8220;.vc_custom_1461698798641{margin-right: 0px !important;margin-bottom: 30px !important;margin-left: 0px !important;padding-right: 0px !important;padding-left: 0px !important;}&#8220;][vc_column_text css=&#8220;.vc_custom_1469740565619{margin-right: 0px !important;margin-left: 0px !important;padding-right: 0px !important;padding-left: 0px !important;}&#8220;]<\/p>\n<h3>Napi\u0161te n\u00e1m<\/h3>\n<p>[\/vc_column_text]<div role=\"form\" class=\"wpcf7\" id=\"wpcf7-f2789-o2\" lang=\"pl-PL\" dir=\"ltr\">\n<div class=\"screen-reader-response\"><p role=\"status\" aria-live=\"polite\" aria-atomic=\"true\"><\/p> <ul><\/ul><\/div>\n<form action=\"\/cs\/wp-json\/wp\/v2\/pages\/2810#wpcf7-f2789-o2\" method=\"post\" class=\"wpcf7-form init\" novalidate=\"novalidate\" data-status=\"init\">\n<div style=\"display: none;\">\n<input type=\"hidden\" name=\"_wpcf7\" value=\"2789\" \/>\n<input type=\"hidden\" name=\"_wpcf7_version\" value=\"5.4\" \/>\n<input type=\"hidden\" name=\"_wpcf7_locale\" value=\"pl_PL\" \/>\n<input type=\"hidden\" name=\"_wpcf7_unit_tag\" value=\"wpcf7-f2789-o2\" \/>\n<input type=\"hidden\" name=\"_wpcf7_container_post\" value=\"0\" \/>\n<input type=\"hidden\" name=\"_wpcf7_posted_data_hash\" value=\"\" \/>\n<\/div>\n<div class=\"form2\">\n<div class=\"row\">\n<div class=\"col-sm-6\">\n      <span class=\"wpcf7-form-control-wrap your-name\"><input type=\"text\" name=\"your-name\" value=\"\" size=\"40\" class=\"wpcf7-form-control wpcf7-text wpcf7-validates-as-required\" aria-required=\"true\" aria-invalid=\"false\" placeholder=\"Jm\u00e9no a p\u0159\u00edjmen\u00ed\" \/><\/span>\n    <\/div>\n<div class=\"col-sm-6\">\n      <span class=\"wpcf7-form-control-wrap your-phone\"><input type=\"text\" name=\"your-phone\" value=\"\" size=\"40\" class=\"wpcf7-form-control wpcf7-text\" aria-invalid=\"false\" placeholder=\"Telefon\" \/><\/span>\n    <\/div>\n<div class=\"col-sm-12\">\n      <span class=\"wpcf7-form-control-wrap your-email\"><input type=\"email\" name=\"your-email\" value=\"\" size=\"40\" class=\"wpcf7-form-control wpcf7-text wpcf7-email wpcf7-validates-as-required wpcf7-validates-as-email\" aria-required=\"true\" aria-invalid=\"false\" placeholder=\"Email\" \/><\/span>\n    <\/div>\n<div class=\"col-sm-12\">\n      <span class=\"wpcf7-form-control-wrap your-message\"><textarea name=\"your-message\" cols=\"40\" rows=\"10\" class=\"wpcf7-form-control wpcf7-textarea\" aria-invalid=\"false\" placeholder=\"Zpr\u00e1va\"><\/textarea><\/span>\n    <\/div>\n<div class=\"col-sm-12\">\n      <input type=\"submit\" value=\"Odeslat\" class=\"wpcf7-form-control wpcf7-submit\" \/>\n    <\/div>\n<\/div>\n<\/div>\n<div class=\"wpcf7-response-output\" aria-hidden=\"true\"><\/div><\/form><\/div>[\/vc_column_inner][\/vc_row_inner][\/vc_column][\/vc_row]<\/p>\n","protected":false},"excerpt":{"rendered":"<p>[vc_row css=&#8220;.vc_custom_1447807496379{padding-top: 20px !important;padding-bottom: 50px !important;}&#8220;][vc_column width=&#8220;1\/4&#8243; el_class=&#8220;nakomputery&#8220;][vc_row_inner el_class=&#8220;kariera&#8220; css=&#8220;.vc_custom_1449232334509{background-color: #dd3333 !important;}&#8220;][vc_column_inner][vc_column_text css=&#8220;.vc_custom_1469741165991{padding-top: 30px !important;padding-right: 30px !important;padding-bottom: 30px !important;padding-left: 30px !important;}&#8220; el_class=&#8220;flb&#8220;] Spolupr\u00e1ce Pokud pro n\u00e1s m\u00e1te zaj\u00edmavou nab\u00eddku nebo byste s n\u00e1mi cht\u011bli za\u010d\u00edt spolupracovat &#8211; kontaktujte n\u00e1s! Vyu\u017eijte kontaktn\u00ed formul\u00e1\u0159 n\u00ed\u017ee nebo na\u0161e kontaktn\u00ed \u00fadaje najdete v z\u00e1lo\u017ece Kontakt. Posoud\u00edme ka\u017edou nab\u00eddku a [&hellip;]<\/p>\n","protected":false},"author":1,"featured_media":0,"parent":0,"menu_order":0,"comment_status":"closed","ping_status":"closed","template":"","meta":[],"_links":{"self":[{"href":"http:\/\/daco-germany.de\/cs\/wp-json\/wp\/v2\/pages\/2810"}],"collection":[{"href":"http:\/\/daco-germany.de\/cs\/wp-json\/wp\/v2\/pages"}],"about":[{"href":"http:\/\/daco-germany.de\/cs\/wp-json\/wp\/v2\/types\/page"}],"author":[{"embeddable":true,"href":"http:\/\/daco-germany.de\/cs\/wp-json\/wp\/v2\/users\/1"}],"replies":[{"embeddable":true,"href":"http:\/\/daco-germany.de\/cs\/wp-json\/wp\/v2\/comments?post=2810"}],"version-history":[{"count":0,"href":"http:\/\/daco-germany.de\/cs\/wp-json\/wp\/v2\/pages\/2810\/revisions"}],"wp:attachment":[{"href":"http:\/\/daco-germany.de\/cs\/wp-json\/wp\/v2\/media?parent=2810"}],"curies":[{"name":"wp","href":"https:\/\/api.w.org\/{rel}","templated":true}]}}