{"id":2750,"date":"2015-08-03T09:00:56","date_gmt":"2015-08-03T09:00:56","guid":{"rendered":"http:\/\/daco-germany.de\/home-page-1\/?lang=cs"},"modified":"2018-09-09T14:49:39","modified_gmt":"2018-09-09T14:49:39","slug":"home-page-1","status":"publish","type":"page","link":"http:\/\/daco-germany.de\/cs\/","title":{"rendered":"Strona g\u0142\u00f3wna"},"content":{"rendered":"<p>[vc_row full_width=&#8220;stretch_row_content_no_spaces&#8220; css=&#8220;.vc_custom_1441358061785{margin-bottom: 0px !important;}&#8220;][vc_column][rev_slider_vc alias=&#8220;cz&#8220;][\/vc_column][\/vc_row][vc_row css=&#8220;.vc_custom_1459352008943{padding-bottom: 0px !important;}&#8220; el_id=&#8220;oferta&#8220;][vc_column][vc_row_inner el_class=&#8220;heading-title-with-subtitle&#8220; css=&#8220;.vc_custom_1459352004767{margin-top: 100px !important;margin-bottom: 30px !important;}&#8220;][vc_column_inner][vc_custom_heading text=&#8220;Na\u0161e nab\u00eddka<br \/>\n&#8220; font_container=&#8220;tag:h2|font_size:32|text_align:center|color:%23111111&#8243; use_theme_fonts=&#8220;yes&#8220; el_class=&#8220;heading-title&#8220;][\/vc_column_inner][\/vc_row_inner][\/vc_column][\/vc_row][vc_row el_class=&#8220;oferta&#8220;][vc_column width=&#8220;1\/4&#8243;][vc_single_image image=&#8220;2564&#8243; img_size=&#8220;200&#215;200&#8243; alignment=&#8220;center&#8220; onclick=&#8220;custom_link&#8220; css_animation=&#8220;left-to-right&#8220; link=&#8220;amortyzatory&#8220; css=&#8220;.vc_custom_1456939325859{margin-bottom: 0px !important;padding-bottom: 20px !important;}&#8220;][vc_separator color=&#8220;juicy_pink&#8220; border_width=&#8220;3&#8243; el_width=&#8220;30&#8243;][vc_raw_html]JTNDYSUyMGhyZWYlM0QlMjJhbW9ydHl6YXRvcnklMjIlM0UlM0NoMyUyMGNsYXNzJTNEJTIyYmZyJTIyJTNFVGx1bWklQzQlOERlJTNDJTJGaDMlM0UlM0MlMkZhJTNF[\/vc_raw_html][\/vc_column][vc_column width=&#8220;1\/4&#8243;][vc_single_image image=&#8220;2566&#8243; img_size=&#8220;200&#215;200&#8243; alignment=&#8220;center&#8220; onclick=&#8220;custom_link&#8220; css_animation=&#8220;left-to-right&#8220; link=&#8220;klocki-hamulcowe&#8220; css=&#8220;.vc_custom_1456939332565{margin-bottom: 0px !important;padding-bottom: 20px !important;}&#8220;][vc_separator color=&#8220;juicy_pink&#8220; border_width=&#8220;3&#8243; el_width=&#8220;30&#8243;][vc_raw_html]JTNDYSUyMGhyZWYlM0QlMjJrbG9ja2ktaGFtdWxjb3dlJTIyJTNFJTNDaDMlMjBjbGFzcyUzRCUyMmJmciUyMiUzRUJyemRvdiVDMyVBOSUyMGRlc3RpJUM0JThEa3klM0MlMkZoMyUzRSUzQyUyRmElM0U=[\/vc_raw_html][\/vc_column][vc_column width=&#8220;1\/4&#8243;][vc_single_image image=&#8220;2563&#8243; img_size=&#8220;200&#215;200&#8243; alignment=&#8220;center&#8220; onclick=&#8220;custom_link&#8220; css_animation=&#8220;left-to-right&#8220; link=&#8220;odboje&#8220; css=&#8220;.vc_custom_1456939337294{margin-bottom: 0px !important;padding-bottom: 20px !important;}&#8220;][vc_separator color=&#8220;juicy_pink&#8220; border_width=&#8220;3&#8243; el_width=&#8220;30&#8243;][vc_raw_html]JTNDYSUyMGhyZWYlM0QlMjJvZGJvamUlMjIlM0UlM0NoMyUyMGNsYXNzJTNEJTIyYmZyJTIyJTNFUHJ5JUM1JUJFb3YlQzMlQTklMjBkb3JhenklMjBhJTIwb2JhbHklM0MlMkZoMyUzRSUzQyUyRmElM0U=[\/vc_raw_html][\/vc_column][vc_column width=&#8220;1\/4&#8243;][vc_single_image image=&#8220;2677&#8243; img_size=&#8220;200&#215;200&#8243; alignment=&#8220;center&#8220; onclick=&#8220;custom_link&#8220; css_animation=&#8220;left-to-right&#8220; link=&#8220;sprezyny-gazowe&#8220; css=&#8220;.vc_custom_1461944908963{margin-bottom: 0px !important;padding-bottom: 20px !important;}&#8220;][vc_separator color=&#8220;juicy_pink&#8220; border_width=&#8220;3&#8243; el_width=&#8220;30&#8243;][vc_raw_html]JTNDYSUyMGhyZWYlM0QlMjJzcHJlenlueS1nYXpvd2UlMjIlM0UlM0NoMyUyMGNsYXNzJTNEJTIyYmZyJTIyJTNFUGx5bm92JUMzJUE5JTIwcHJ1JUM1JUJFaW55JTNDJTJGaDMlM0UlM0MlMkZhJTNF[\/vc_raw_html][\/vc_column][\/vc_row][vc_row css=&#8220;.vc_custom_1457000890803{margin-bottom: 120px !important;padding-top: 10px !important;}&#8220; el_class=&#8220;oferta&#8220;][vc_column width=&#8220;1\/4&#8243;][vc_single_image image=&#8220;2562&#8243; img_size=&#8220;200&#215;200&#8243; alignment=&#8220;center&#8220; onclick=&#8220;custom_link&#8220; css_animation=&#8220;left-to-right&#8220; link=&#8220;sprezyny-zawieszenia&#8220; css=&#8220;.vc_custom_1456939340701{margin-bottom: 0px !important;padding-bottom: 20px !important;}&#8220;][vc_separator color=&#8220;juicy_pink&#8220; border_width=&#8220;3&#8243; el_width=&#8220;30&#8243;][vc_raw_html]JTNDYSUyMGhyZWYlM0QlMjJzcHJlenlueS16YXdpZXN6ZW5pYSUyMiUzRSUzQ2gzJTIwY2xhc3MlM0QlMjJiZnIlMjIlM0VQcnUlQzUlQkVpbnklMjB6YXYlQzQlOUIlQzUlQTFlbiVDMyVBRCUzQyUyRmgzJTNFJTNDJTJGYSUzRQ==[\/vc_raw_html][\/vc_column][vc_column width=&#8220;1\/4&#8243;][vc_single_image image=&#8220;2561&#8243; img_size=&#8220;200&#215;200&#8243; alignment=&#8220;center&#8220; onclick=&#8220;custom_link&#8220; css_animation=&#8220;left-to-right&#8220; link=&#8220;tarcze-i-bebny-hamulcowe&#8220; css=&#8220;.vc_custom_1461618920067{margin-bottom: 0px !important;padding-bottom: 20px !important;}&#8220;][vc_separator color=&#8220;juicy_pink&#8220; border_width=&#8220;3&#8243; el_width=&#8220;30&#8243;][vc_raw_html]JTNDYSUyMGhyZWYlM0QlMjJ0YXJjemUtaS1iZWJueS1oYW11bGNvd2UlMjIlM0UlM0NoMyUyMGNsYXNzJTNEJTIyYmZyJTIyJTNFQnJ6ZG92JUMzJUE5JTIwa290b3UlQzQlOERlJTIwYSUyMGJ1Ym55JTNDJTJGaDMlM0UlM0MlMkZhJTNF[\/vc_raw_html][\/vc_column][vc_column width=&#8220;1\/4&#8243;][vc_single_image image=&#8220;2560&#8243; img_size=&#8220;200&#215;200&#8243; alignment=&#8220;center&#8220; onclick=&#8220;custom_link&#8220; css_animation=&#8220;left-to-right&#8220; link=&#8220;zestawy-wahaczy&#8220; css=&#8220;.vc_custom_1456939347815{margin-bottom: 0px !important;padding-bottom: 20px !important;}&#8220;][vc_separator color=&#8220;juicy_pink&#8220; border_width=&#8220;3&#8243; el_width=&#8220;30&#8243;][vc_raw_html]JTNDYSUyMGhyZWYlM0QlMjJ6ZXN0YXd5LXdhaGFjenklMjIlM0UlM0NoMyUyMGNsYXNzJTNEJTIyYmZyJTIyJTNFU2FkeSUyMHYlQzMlQkRreXZuJUMzJUJEY2glMjByYW1lbiUzQyUyRmgzJTNFJTNDJTJGYSUzRQ==[\/vc_raw_html][\/vc_column][vc_column width=&#8220;1\/4&#8243;][vc_single_image image=&#8220;2646&#8243; img_size=&#8220;200&#215;200&#8243; alignment=&#8220;center&#8220; onclick=&#8220;custom_link&#8220; css_animation=&#8220;left-to-right&#8220; link=&#8220;kontakt&#8220; css=&#8220;.vc_custom_1459357030494{margin-bottom: 0px !important;padding-bottom: 20px !important;}&#8220;][vc_separator color=&#8220;juicy_pink&#8220; border_width=&#8220;3&#8243; el_width=&#8220;30&#8243;][vc_raw_html]JTNDYSUyMGhyZWYlM0QlMjJrb250YWt0JTIyJTNFJTNDaDMlMjBjbGFzcyUzRCUyMmJmciUyMiUzRU5hcGklQzUlQTF0ZSUyMG4lQzMlQTFtJTNDJTJGaDMlM0UlM0MlMkZhJTNF[\/vc_raw_html][\/vc_column][\/vc_row][vc_row full_width=&#8220;stretch_row&#8220; parallax=&#8220;content-moving&#8220; el_class=&#8220;we-are&#8220; css=&#8220;.vc_custom_1459353922437{margin-bottom: 0px !important;background-image: url(http:\/\/daco-germany.de\/wp-content\/uploads\/2015\/08\/Magazyn-1.jpg?id=2635) !important;}&#8220;][vc_column offset=&#8220;vc_col-lg-6&#8243;][vc_row_inner el_class=&#8220;heading-title-with-subtitle&#8220; css=&#8220;.vc_custom_1438826134213{margin-bottom: 30px !important;}&#8220;][vc_column_inner][vc_custom_heading text=&#8220;O DACO Germany&#8220; font_container=&#8220;tag:h2|font_size:32|text_align:left|color:%23111111|line_height:1.2&#8243; use_theme_fonts=&#8220;yes&#8220; el_class=&#8220;heading-title&#8220;][\/vc_column_inner][\/vc_row_inner][vc_column_text]DACO Germany je v\u00fdrobcem a distributorem vysoce kvalitn\u00edch autod\u00edl\u016f do osobn\u00edch automobil\u016f a dod\u00e1vek. U\u017e 18 let dod\u00e1v\u00e1me na\u0161e zbo\u017e\u00ed z\u00e1kazn\u00edk\u016fm po cel\u00e9 Evrop\u011b. V\u00fdroba d\u00edl\u016f prob\u00edh\u00e1 za zachov\u00e1n\u00ed nejvy\u0161\u0161\u00edch kvalitativn\u00edch standard\u016f a norem, co\u017e n\u00e1m umo\u017enilo st\u00e1t se d\u016fv\u011bryhodn\u00fdm partnerem mnoha evropsk\u00fdch firem.<\/p>\n<p>Na\u0161\u00edm c\u00edlem je vych\u00e1zet vst\u0159\u00edc pot\u0159eb\u00e1m na\u0161ich mezin\u00e1rodn\u00edch partner\u016f v oblasti v\u00fdroby vysoce kvalitn\u00edch autod\u00edl\u016f, profesion\u00e1ln\u00edho z\u00e1kaznick\u00e9ho servisu a distribuce.<\/p>\n<p>V\u00fdrobky DACO Germany zaru\u010duj\u00ed bezpe\u010dnost a odolnost v nejobt\u00ed\u017en\u011bj\u0161\u00edch provozn\u00edch podm\u00ednk\u00e1ch a zaru\u010duj\u00ed tak vysok\u00fd komfort j\u00edzdy.[\/vc_column_text][thememove_button add_icon=&#8220;yes&#8220; icon_fontawesome=&#8220;fa fa-angle-double-right&#8220; text=&#8220;Zjist\u011bte v\u00edce&#8220; link=&#8220;url:http%3A%2F%2Fdaco-germany.de%2Fcs%2Fo-firme%2F|title:Wi%C4%99cej|target:%20_blank&#8220;][\/vc_column][vc_column width=&#8220;1\/2&#8243; offset=&#8220;vc_hidden-md vc_hidden-sm vc_hidden-xs&#8220;][vc_column_text]<br \/>\n[\/vc_column_text][\/vc_column][\/vc_row][vc_row full_width=&#8220;stretch_row&#8220; css=&#8220;.vc_custom_1457537107405{margin-top: 80px !important;margin-bottom: 50px !important;}&#8220;][vc_column][vc_custom_heading text=&#8220;Aktuality<br \/>\n&#8220; font_container=&#8220;tag:h2|font_size:36|text_align:center|color:%231d2633&#8243; use_theme_fonts=&#8220;yes&#8220; el_class=&#8220;heading-title&#8220; css=&#8220;.vc_custom_1469809770953{padding-bottom: 60px !important;}&#8220;][thememove_blog total_posts=&#8220;3&#8243; posts_per_page=&#8220;3&#8243;][\/vc_column][\/vc_row][vc_row full_width=&#8220;stretch_row&#8220; parallax=&#8220;content-moving&#8220; parallax_image=&#8220;2262&#8243; css=&#8220;.vc_custom_1446738699869{margin-bottom: 0px !important;}&#8220; el_class=&#8220;quick-quote quick-quote&#8211;dark&#8220;][vc_column width=&#8220;1\/2&#8243; offset=&#8220;vc_hidden-sm vc_hidden-xs&#8220;][vc_column_text]<br \/>\n[\/vc_column_text][\/vc_column][vc_column offset=&#8220;vc_col-lg-6 vc_col-md-6&#8243;][vc_row_inner el_class=&#8220;heading-title-with-subtitle&#8211;dark&#8220; css=&#8220;.vc_custom_1439022468075{margin-bottom: 30px !important;}&#8220;][vc_column_inner][vc_custom_heading text=&#8220;Kontakt&#8220; font_container=&#8220;tag:h2|font_size:36|text_align:left|color:%23ffffff&#8220; use_theme_fonts=&#8220;yes&#8220; el_class=&#8220;heading-title&#8220; css=&#8220;.vc_custom_1446738745985{padding-top: 70px !important;}&#8220;][vc_column_text]M\u00e1te ot\u00e1zky? Kontaktujte n\u00e1s![\/vc_column_text][\/vc_column_inner][\/vc_row_inner]<div role=\"form\" class=\"wpcf7\" id=\"wpcf7-f2789-o1\" lang=\"pl-PL\" dir=\"ltr\">\n<div class=\"screen-reader-response\"><p role=\"status\" aria-live=\"polite\" aria-atomic=\"true\"><\/p> <ul><\/ul><\/div>\n<form action=\"\/cs\/wp-json\/wp\/v2\/pages\/2750#wpcf7-f2789-o1\" method=\"post\" class=\"wpcf7-form init\" novalidate=\"novalidate\" data-status=\"init\">\n<div style=\"display: none;\">\n<input type=\"hidden\" name=\"_wpcf7\" value=\"2789\" \/>\n<input type=\"hidden\" name=\"_wpcf7_version\" value=\"5.4\" \/>\n<input type=\"hidden\" name=\"_wpcf7_locale\" value=\"pl_PL\" \/>\n<input type=\"hidden\" name=\"_wpcf7_unit_tag\" value=\"wpcf7-f2789-o1\" \/>\n<input type=\"hidden\" name=\"_wpcf7_container_post\" value=\"0\" \/>\n<input type=\"hidden\" name=\"_wpcf7_posted_data_hash\" value=\"\" \/>\n<\/div>\n<div class=\"form2\">\n<div class=\"row\">\n<div class=\"col-sm-6\">\n      <span class=\"wpcf7-form-control-wrap your-name\"><input type=\"text\" name=\"your-name\" value=\"\" size=\"40\" class=\"wpcf7-form-control wpcf7-text wpcf7-validates-as-required\" aria-required=\"true\" aria-invalid=\"false\" placeholder=\"Jm\u00e9no a p\u0159\u00edjmen\u00ed\" \/><\/span>\n    <\/div>\n<div class=\"col-sm-6\">\n      <span class=\"wpcf7-form-control-wrap your-phone\"><input type=\"text\" name=\"your-phone\" value=\"\" size=\"40\" class=\"wpcf7-form-control wpcf7-text\" aria-invalid=\"false\" placeholder=\"Telefon\" \/><\/span>\n    <\/div>\n<div class=\"col-sm-12\">\n      <span class=\"wpcf7-form-control-wrap your-email\"><input type=\"email\" name=\"your-email\" value=\"\" size=\"40\" class=\"wpcf7-form-control wpcf7-text wpcf7-email wpcf7-validates-as-required wpcf7-validates-as-email\" aria-required=\"true\" aria-invalid=\"false\" placeholder=\"Email\" \/><\/span>\n    <\/div>\n<div class=\"col-sm-12\">\n      <span class=\"wpcf7-form-control-wrap your-message\"><textarea name=\"your-message\" cols=\"40\" rows=\"10\" class=\"wpcf7-form-control wpcf7-textarea\" aria-invalid=\"false\" placeholder=\"Zpr\u00e1va\"><\/textarea><\/span>\n    <\/div>\n<div class=\"col-sm-12\">\n      <input type=\"submit\" value=\"Odeslat\" class=\"wpcf7-form-control wpcf7-submit\" \/>\n    <\/div>\n<\/div>\n<\/div>\n<div class=\"wpcf7-response-output\" aria-hidden=\"true\"><\/div><\/form><\/div>[vc_empty_space height=&#8220;70&#8243;][\/vc_column][\/vc_row]<\/p>\n","protected":false},"excerpt":{"rendered":"<p>[vc_row full_width=&#8220;stretch_row_content_no_spaces&#8220; css=&#8220;.vc_custom_1441358061785{margin-bottom: 0px !important;}&#8220;][vc_column][rev_slider_vc alias=&#8220;cz&#8220;][\/vc_column][\/vc_row][vc_row css=&#8220;.vc_custom_1459352008943{padding-bottom: 0px !important;}&#8220; el_id=&#8220;oferta&#8220;][vc_column][vc_row_inner el_class=&#8220;heading-title-with-subtitle&#8220; css=&#8220;.vc_custom_1459352004767{margin-top: 100px !important;margin-bottom: 30px !important;}&#8220;][vc_column_inner][vc_custom_heading text=&#8220;Na\u0161e nab\u00eddka &#8220; font_container=&#8220;tag:h2|font_size:32|text_align:center|color:%23111111&#8243; use_theme_fonts=&#8220;yes&#8220; el_class=&#8220;heading-title&#8220;][\/vc_column_inner][\/vc_row_inner][\/vc_column][\/vc_row][vc_row el_class=&#8220;oferta&#8220;][vc_column width=&#8220;1\/4&#8243;][vc_single_image image=&#8220;2564&#8243; img_size=&#8220;200&#215;200&#8243; alignment=&#8220;center&#8220; onclick=&#8220;custom_link&#8220; css_animation=&#8220;left-to-right&#8220; link=&#8220;amortyzatory&#8220; css=&#8220;.vc_custom_1456939325859{margin-bottom: 0px !important;padding-bottom: 20px !important;}&#8220;][vc_separator color=&#8220;juicy_pink&#8220; border_width=&#8220;3&#8243; el_width=&#8220;30&#8243;][vc_raw_html]JTNDYSUyMGhyZWYlM0QlMjJhbW9ydHl6YXRvcnklMjIlM0UlM0NoMyUyMGNsYXNzJTNEJTIyYmZyJTIyJTNFVGx1bWklQzQlOERlJTNDJTJGaDMlM0UlM0MlMkZhJTNF[\/vc_raw_html][\/vc_column][vc_column width=&#8220;1\/4&#8243;][vc_single_image image=&#8220;2566&#8243; img_size=&#8220;200&#215;200&#8243; alignment=&#8220;center&#8220; onclick=&#8220;custom_link&#8220; css_animation=&#8220;left-to-right&#8220; link=&#8220;klocki-hamulcowe&#8220; css=&#8220;.vc_custom_1456939332565{margin-bottom: 0px !important;padding-bottom: 20px !important;}&#8220;][vc_separator color=&#8220;juicy_pink&#8220; border_width=&#8220;3&#8243; el_width=&#8220;30&#8243;][vc_raw_html]JTNDYSUyMGhyZWYlM0QlMjJrbG9ja2ktaGFtdWxjb3dlJTIyJTNFJTNDaDMlMjBjbGFzcyUzRCUyMmJmciUyMiUzRUJyemRvdiVDMyVBOSUyMGRlc3RpJUM0JThEa3klM0MlMkZoMyUzRSUzQyUyRmElM0U=[\/vc_raw_html][\/vc_column][vc_column width=&#8220;1\/4&#8243;][vc_single_image image=&#8220;2563&#8243; [&hellip;]<\/p>\n","protected":false},"author":1,"featured_media":0,"parent":0,"menu_order":0,"comment_status":"open","ping_status":"open","template":"","meta":[],"_links":{"self":[{"href":"http:\/\/daco-germany.de\/cs\/wp-json\/wp\/v2\/pages\/2750"}],"collection":[{"href":"http:\/\/daco-germany.de\/cs\/wp-json\/wp\/v2\/pages"}],"about":[{"href":"http:\/\/daco-germany.de\/cs\/wp-json\/wp\/v2\/types\/page"}],"author":[{"embeddable":true,"href":"http:\/\/daco-germany.de\/cs\/wp-json\/wp\/v2\/users\/1"}],"replies":[{"embeddable":true,"href":"http:\/\/daco-germany.de\/cs\/wp-json\/wp\/v2\/comments?post=2750"}],"version-history":[{"count":3,"href":"http:\/\/daco-germany.de\/cs\/wp-json\/wp\/v2\/pages\/2750\/revisions"}],"predecessor-version":[{"id":3323,"href":"http:\/\/daco-germany.de\/cs\/wp-json\/wp\/v2\/pages\/2750\/revisions\/3323"}],"wp:attachment":[{"href":"http:\/\/daco-germany.de\/cs\/wp-json\/wp\/v2\/media?parent=2750"}],"curies":[{"name":"wp","href":"https:\/\/api.w.org\/{rel}","templated":true}]}}